{"id":550,"date":"2026-01-27T06:13:37","date_gmt":"2026-01-27T06:13:37","guid":{"rendered":"https:\/\/theinsulatedglass.com\/?post_type=product&#038;p=550"},"modified":"2026-01-27T06:13:37","modified_gmt":"2026-01-27T06:13:37","slug":"bulk-custom-size-ultra-clear-low-iron-glass","status":"publish","type":"product","link":"https:\/\/theinsulatedglass.com\/tr\/bulk-custom-size-ultra-clear-low-iron-glass\/","title":{"rendered":"D\u00f6kme \u00d6zel Boyut Ultra \u015eeffaf D\u00fc\u015f\u00fck Demirli Cam"},"content":{"rendered":"<p data-start=\"48\" data-end=\"369\"><strong data-start=\"56\" data-end=\"68\">Genel Bak\u0131\u015f<\/strong><br data-start=\"68\" data-end=\"71\" \/>Hassas \u00fcretim, kenar rengi ve ger\u00e7ek beyaz g\u00f6r\u00fcnt\u00fc \u00f6nemli oldu\u011funda se\u00e7ilen ultra \u015feffaf d\u00fc\u015f\u00fck demirli camla ba\u015flar. D\u00fc\u015f\u00fck demirli cam, demir i\u00e7eri\u011fini azaltarak standart \u015feffaf cama g\u00f6re daha y\u00fcksek \u0131\u015f\u0131k ge\u00e7irgenli\u011fi ve daha temiz, daha az ye\u015fil bir g\u00f6r\u00fcn\u00fcm sa\u011flar.<\/p>\n<p data-start=\"371\" data-end=\"389\"><strong data-start=\"371\" data-end=\"387\">Temel \u00d6zellikler<\/strong><\/p>\n<ul data-start=\"390\" data-end=\"831\">\n<li data-start=\"390\" data-end=\"499\">\n<p data-start=\"392\" data-end=\"499\">Birinci s\u0131n\u0131f ekran ve ayd\u0131nlatma ko\u015fullar\u0131 i\u00e7in renk do\u011frulu\u011funu iyile\u015ftirin.<\/p>\n<\/li>\n<li data-start=\"500\" data-end=\"612\">\n<p data-start=\"502\" data-end=\"612\">CNC kenar ta\u015flama ve parlatma ile tala\u015f kontroll\u00fc kenarlar sunun.<\/p>\n<\/li>\n<li data-start=\"613\" data-end=\"679\">\n<p data-start=\"615\" data-end=\"679\">\u00d6rneklemeden Hacimli \u00dcretim \u00e7al\u0131\u015fmalar\u0131na kadar tekrarlanabilirli\u011fi destekleyin.<\/p>\n<\/li>\n<li data-start=\"680\" data-end=\"756\">\n<p data-start=\"682\" data-end=\"756\">Talep \u00fczerine temperleme veya laminasyon gibi sonraki i\u015flemleri etkinle\u015ftirin.<\/p>\n<\/li>\n<li data-start=\"757\" data-end=\"831\">\n<p data-start=\"759\" data-end=\"831\">Belgelenmi\u015f \u015eirket \u0130\u00e7i Kalite Kontrol kontrol noktalar\u0131 ile Kalite \u0130zlenebilirli\u011fini koruyun.<\/p>\n<\/li>\n<\/ul>\n<p data-start=\"833\" data-end=\"862\"><strong data-start=\"833\" data-end=\"860\">Se\u00e7enekler &amp; \u00d6zelle\u015ftirme<\/strong><\/p>\n<ul data-start=\"863\" data-end=\"1269\">\n<li data-start=\"863\" data-end=\"941\">\n<p data-start=\"865\" data-end=\"941\">Proje Spesifikasyonuna g\u00f6re Sipari\u015fe G\u00f6re \u00d6zel Boyut, dikd\u00f6rtgenler veya \u015fekilli profiller.<\/p>\n<\/li>\n<li data-start=\"942\" data-end=\"1034\">\n<p data-start=\"944\" data-end=\"1034\">\u00c7izim Deste\u011fi \/ At\u00f6lye \u00c7izimi incelemesi ile delik delme, \u00e7entikler ve i\u00e7 kesikler.<\/p>\n<\/li>\n<li data-start=\"1035\" data-end=\"1102\">\n<p data-start=\"1037\" data-end=\"1102\">Kenar i\u015fleme se\u00e7enekleri: diki\u015fli, d\u00fcz cila, kalem cila veya e\u011fim.<\/p>\n<\/li>\n<li data-start=\"1103\" data-end=\"1188\">\n<p data-start=\"1105\" data-end=\"1188\">Y\u00fczey se\u00e7enekleri: \u015feffaf, asitle kaz\u0131nm\u0131\u015f, frit\/bask\u0131 veya gerekti\u011fi gibi koruyucu filmler.<\/p>\n<\/li>\n<li data-start=\"1189\" data-end=\"1269\">\n<p data-start=\"1191\" data-end=\"1269\">Kar\u0131\u015f\u0131k SKU'lar, etiket setleri ve OEM\/ODM Hizmeti i\u00e7in kit olu\u015fturma i\u00e7in paketleme formatlar\u0131.<\/p>\n<\/li>\n<\/ul>\n<p data-start=\"1271\" data-end=\"1486\"><strong data-start=\"1271\" data-end=\"1295\">Tipik Uygulamalar<\/strong><br data-start=\"1295\" data-end=\"1298\" \/>M\u00fcze te\u015fhir camlar\u0131, perakende vitrin raflar\u0131, g\u00fcne\u015f paneli kapak camlar\u0131, akvaryum panelleri, du\u015f kabini panelleri, i\u00e7 b\u00f6lmeler, dolap kapaklar\u0131 ve raflar\u0131, cihaz y\u00fcz panelleri.<\/p>\n<p data-start=\"1488\" data-end=\"1776\"><strong data-start=\"1488\" data-end=\"1508\">Tedarik ve Destek<\/strong><br data-start=\"1508\" data-end=\"1511\" \/>Hem prototipler hem de Toplu Tedarik programlar\u0131 i\u00e7in H\u0131zl\u0131 Teslimat S\u00fcresi planlamas\u0131 mevcuttur. \u00dcniteler, hareketi kontrol etmek ve k\u00f6\u015feleri korumak i\u00e7in tasarlanm\u0131\u015f \u0130hracat Ambalaj\u0131 ve Sand\u0131k Ambalaj\u0131 ile birlikte g\u00f6nderilir. Standartlara uygunluk istek \u00fczerine mevcuttur.<\/p>","protected":false},"excerpt":{"rendered":"<p>Toplu \u00d6zel Boyut Ultra \u015eeffaf D\u00fc\u015f\u00fck Demirli Cam, standart \u015feffaf cama g\u00f6re daha y\u00fcksek \u0131\u015f\u0131k ge\u00e7irgenli\u011fi ve daha temiz kenar rengi i\u00e7in sipari\u015f \u00fczerine \u00fcretilir. Ger\u00e7ek renk ve cilal\u0131 kenarlar\u0131n kritik oldu\u011fu m\u00fcze ve perakende te\u015fhir camlar\u0131 yayg\u0131n bir kullan\u0131m alan\u0131d\u0131r.<\/p>","protected":false},"featured_media":553,"template":"","meta":{"_gspb_post_css":""},"product_brand":[],"product_cat":[35],"product_tag":[84,78,66,80,82,81,79,86,53,85,83,61],"class_list":{"0":"post-550","1":"product","2":"type-product","3":"status-publish","4":"has-post-thumbnail","6":"product_cat-ultra-clear-glass","7":"product_tag-aquarium-glass-panels","8":"product_tag-bulk-custom-size-ultra-clear-low-iron-glass","9":"product_tag-bulk-supply","10":"product_tag-cnc-cut-glass","11":"product_tag-display-case-glass","12":"product_tag-laminated-glass-option","13":"product_tag-low-iron-float-glass","14":"product_tag-oem-odm-service","15":"product_tag-polished-edge-glass","16":"product_tag-shower-enclosure-glass","17":"product_tag-solar-panel-cover-glass","18":"product_tag-tempered-glass-option","20":"first","21":"instock","22":"shipping-taxable","23":"purchasable","24":"product-type-simple"},"_links":{"self":[{"href":"https:\/\/theinsulatedglass.com\/tr\/wp-json\/wp\/v2\/product\/550","targetHints":{"allow":["GET"]}}],"collection":[{"href":"https:\/\/theinsulatedglass.com\/tr\/wp-json\/wp\/v2\/product"}],"about":[{"href":"https:\/\/theinsulatedglass.com\/tr\/wp-json\/wp\/v2\/types\/product"}],"wp:featuredmedia":[{"embeddable":true,"href":"https:\/\/theinsulatedglass.com\/tr\/wp-json\/wp\/v2\/media\/553"}],"wp:attachment":[{"href":"https:\/\/theinsulatedglass.com\/tr\/wp-json\/wp\/v2\/media?parent=550"}],"wp:term":[{"taxonomy":"product_brand","embeddable":true,"href":"https:\/\/theinsulatedglass.com\/tr\/wp-json\/wp\/v2\/product_brand?post=550"},{"taxonomy":"product_cat","embeddable":true,"href":"https:\/\/theinsulatedglass.com\/tr\/wp-json\/wp\/v2\/product_cat?post=550"},{"taxonomy":"product_tag","embeddable":true,"href":"https:\/\/theinsulatedglass.com\/tr\/wp-json\/wp\/v2\/product_tag?post=550"}],"curies":[{"name":"wp","href":"https:\/\/api.w.org\/{rel}","templated":true}]}}