{"id":557,"date":"2026-01-27T06:21:06","date_gmt":"2026-01-27T06:21:06","guid":{"rendered":"https:\/\/theinsulatedglass.com\/?post_type=product&#038;p=557"},"modified":"2026-01-27T06:21:06","modified_gmt":"2026-01-27T06:21:06","slug":"curtain-wall-low-e-igu-for-facade-use-project-spec","status":"publish","type":"product","link":"https:\/\/theinsulatedglass.com\/tr\/curtain-wall-low-e-igu-for-facade-use-project-spec\/","title":{"rendered":"Cephe Kullan\u0131m\u0131 \u0130\u00e7in Giydirme Cephe Low-E IGU Proje Spesifikasyonu"},"content":{"rendered":"<p data-start=\"55\" data-end=\"457\">GENEL BAKI\u015e<br data-start=\"71\" data-end=\"74\" \/>G\u00fcne\u015fe maruz kalan cephelerde ve trafi\u011fe a\u00e7\u0131k cephelerde konfor sorunlar\u0131 h\u0131zla ortaya \u00e7\u0131kar - i\u015f istasyonlar\u0131nda parlama, cam\u0131n yak\u0131n\u0131nda radyan so\u011fukluk ve daha y\u00fcksek alg\u0131lanan g\u00fcr\u00fclt\u00fc. Perde Duvar Low-E IGU'muz, parlamay\u0131 y\u00f6netmeye yard\u0131mc\u0131 olurken uzun dalga \u0131s\u0131 enerjisini yans\u0131tarak perde duvar sistemlerinde g\u00f6rsel ve termal konforu art\u0131rmak i\u00e7in Project Spec'e g\u00f6re \u00fcretilmi\u015ftir.<\/p>\n<p data-start=\"459\" data-end=\"473\">ANAHTAR \u00d6ZELLI\u0307KLER<\/p>\n<ul data-start=\"474\" data-end=\"1147\">\n<li data-start=\"474\" data-end=\"606\">\n<p data-start=\"476\" data-end=\"606\">K\u0131z\u0131l\u00f6tesi enerjiyi yans\u0131tmak i\u00e7in tasarlanm\u0131\u015f Low-E kaplamal\u0131 camlar kullanarak radyan \u0131s\u0131 de\u011fi\u015fimini azalt\u0131n.<\/p>\n<\/li>\n<li data-start=\"607\" data-end=\"742\">\n<p data-start=\"609\" data-end=\"742\">Y\u00fcksek pencereden duvara cephelerde parlamay\u0131 azalt\u0131rken ayd\u0131nl\u0131k i\u00e7 mekanlar\u0131 g\u00fcn \u0131\u015f\u0131\u011f\u0131 ile destekleyin.<\/p>\n<\/li>\n<li data-start=\"743\" data-end=\"918\">\n<p data-start=\"745\" data-end=\"918\">Gerekti\u011finde asimetrik kal\u0131nl\u0131k veya lamine se\u00e7enekler de dahil olmak \u00fczere hava bo\u015flu\u011funu ve lite yap\u0131s\u0131n\u0131 ayarlayarak akustik performans\u0131 ayarlay\u0131n.<\/p>\n<\/li>\n<li data-start=\"919\" data-end=\"1043\">\n<p data-start=\"921\" data-end=\"1043\">S\u0131zd\u0131rmaz bo\u015flu\u011fun i\u00e7inde iste\u011fe ba\u011fl\u0131 argon \/ kripton gaz\u0131 dolgular\u0131 ile yal\u0131t\u0131m\u0131 y\u00fckseltin.<\/p>\n<\/li>\n<li data-start=\"1044\" data-end=\"1147\">\n<p data-start=\"1046\" data-end=\"1147\">Kesimden son m\u00fch\u00fcrlemeye kadar \u015eirket \u0130\u00e7i Kalite Kontrol ve Kalite \u0130zlenebilirli\u011fi ile yap\u0131 tutarl\u0131l\u0131\u011f\u0131n\u0131 koruyun.<\/p>\n<\/li>\n<\/ul>\n<p data-start=\"1149\" data-end=\"1174\">SE\u00c7ENEKLER &amp; \u00d6ZELLE\u015eTI\u0307RME<\/p>\n<ul data-start=\"1175\" data-end=\"1676\">\n<li data-start=\"1175\" data-end=\"1265\">\n<p data-start=\"1177\" data-end=\"1265\">Sistem cep derinliklerine uyacak \u015fekilde Sipari\u015f \u00dczerine \u00d6zel Boyut, \u015fekil ve toplam kal\u0131nl\u0131k.<\/p>\n<\/li>\n<li data-start=\"1266\" data-end=\"1401\">\n<p data-start=\"1268\" data-end=\"1401\">Cam \u00e7evresindeki \u0131s\u0131 k\u00f6pr\u00fclemesini azaltmak i\u00e7in s\u0131cak kenar se\u00e7enekleri i\u00e7eren ara par\u00e7a sistemleri.<\/p>\n<\/li>\n<li data-start=\"1402\" data-end=\"1502\">\n<p data-start=\"1404\" data-end=\"1502\">Cam yap\u0131lar\u0131: \u015feffaf\/renkli, temperli, \u0131s\u0131yla g\u00fc\u00e7lendirilmi\u015f veya iste\u011fe g\u00f6re lamine kombinasyonlar.<\/p>\n<\/li>\n<li data-start=\"1503\" data-end=\"1588\">\n<p data-start=\"1505\" data-end=\"1588\">Kaplama se\u00e7imi ve yerle\u015fimi \u0130malat \u00c7izimi ve \u00c7izim Deste\u011fi ile koordine edilir.<\/p>\n<\/li>\n<li data-start=\"1589\" data-end=\"1676\">\n<p data-start=\"1591\" data-end=\"1676\">Koruyucu filmler, kenar silme detaylar\u0131 ve etiketleme\/kitleme istek \u00fczerine mevcuttur.<\/p>\n<\/li>\n<\/ul>\n<p data-start=\"1678\" data-end=\"1875\">TI\u0307PI\u0307K UYGULAMALAR<br data-start=\"1698\" data-end=\"1701\" \/>\u00dcnitelendirilmi\u015f giydirme cephe mod\u00fclleri, stick-built giydirme cephe g\u00f6r\u00fc\u015f alanlar\u0131, pencere duvar sistemleri, k\u00f6\u015fe g\u00f6r\u00fc\u015f panelleri, podyum cepheleri, ofis kuleleri, oteller, hastaneler, havaalanlar\u0131.<\/p>\n<p data-start=\"1877\" data-end=\"2099\">TEDARI\u0307K &amp; DESTEK<br data-start=\"1893\" data-end=\"1896\" \/>Do\u011frudan Fabrika \u00fcretimi, \u00e7ok a\u015famal\u0131 projeler i\u00e7in a\u015famal\u0131 s\u00fcr\u00fcmleri ve Kararl\u0131 Teslimat S\u00fcresi planlamas\u0131n\u0131 destekler. \u0130hracat Ambalaj\u0131 ve Kasa Ambalaj\u0131 mevcuttur ve talep \u00fczerine Standartlara uygunluk sa\u011flanabilir.<\/p>","protected":false},"excerpt":{"rendered":"<p>Perde Duvar Low-E IGU'lar\u0131, termal konforu art\u0131rmak ve parlamay\u0131 azaltmaya yard\u0131mc\u0131 olmak i\u00e7in sipari\u015f \u00fczerine \u00fcretilir ve daha sessiz i\u00e7 mekanlar i\u00e7in iste\u011fe ba\u011fl\u0131 akustik makyajlarla birlikte sunulur. Tekrarlanabilir boyutlar\u0131n ve tutarl\u0131 kalitenin \u00f6nemli oldu\u011fu birimle\u015ftirilmi\u015f perde duvar g\u00f6r\u00fc\u015f panellerinde ve k\u00f6\u015fe camlar\u0131nda yayg\u0131n olarak kullan\u0131l\u0131r.<\/p>","protected":false},"featured_media":558,"template":"","meta":{"_gspb_post_css":""},"product_brand":[],"product_cat":[41],"product_tag":[89,87,92,64,91,93,81,88,65,61,90,60],"class_list":{"0":"post-557","1":"product","2":"type-product","3":"status-publish","4":"has-post-thumbnail","6":"product_cat-curtain-wall-glass","7":"product_tag-argon-filled-igu","8":"product_tag-curtain-wall-low-e-igu-for-facade-use-project-spec","9":"product_tag-curtain-wall-modules","10":"product_tag-custom-size","11":"product_tag-facade-vision-panels","12":"product_tag-factory-direct-supply","13":"product_tag-laminated-glass-option","14":"product_tag-low-e-insulated-glass-unit","15":"product_tag-shop-drawing-support","16":"product_tag-tempered-glass-option","17":"product_tag-unitized-curtain-wall-glazing","18":"product_tag-warm-edge-spacer","20":"first","21":"instock","22":"shipping-taxable","23":"purchasable","24":"product-type-simple"},"_links":{"self":[{"href":"https:\/\/theinsulatedglass.com\/tr\/wp-json\/wp\/v2\/product\/557","targetHints":{"allow":["GET"]}}],"collection":[{"href":"https:\/\/theinsulatedglass.com\/tr\/wp-json\/wp\/v2\/product"}],"about":[{"href":"https:\/\/theinsulatedglass.com\/tr\/wp-json\/wp\/v2\/types\/product"}],"wp:featuredmedia":[{"embeddable":true,"href":"https:\/\/theinsulatedglass.com\/tr\/wp-json\/wp\/v2\/media\/558"}],"wp:attachment":[{"href":"https:\/\/theinsulatedglass.com\/tr\/wp-json\/wp\/v2\/media?parent=557"}],"wp:term":[{"taxonomy":"product_brand","embeddable":true,"href":"https:\/\/theinsulatedglass.com\/tr\/wp-json\/wp\/v2\/product_brand?post=557"},{"taxonomy":"product_cat","embeddable":true,"href":"https:\/\/theinsulatedglass.com\/tr\/wp-json\/wp\/v2\/product_cat?post=557"},{"taxonomy":"product_tag","embeddable":true,"href":"https:\/\/theinsulatedglass.com\/tr\/wp-json\/wp\/v2\/product_tag?post=557"}],"curies":[{"name":"wp","href":"https:\/\/api.w.org\/{rel}","templated":true}]}}