{"id":564,"date":"2026-01-27T06:34:09","date_gmt":"2026-01-27T06:34:09","guid":{"rendered":"https:\/\/theinsulatedglass.com\/?post_type=product&#038;p=564"},"modified":"2026-01-27T06:34:09","modified_gmt":"2026-01-27T06:34:09","slug":"project-spec-bulk-double-glazed-low-e-insulating-glass","status":"publish","type":"product","link":"https:\/\/theinsulatedglass.com\/tr\/project-spec-bulk-double-glazed-low-e-insulating-glass\/","title":{"rendered":"Proje Spesifikasyonu D\u00f6kme \u00c7ift Caml\u0131 Low-E Is\u0131cam"},"content":{"rendered":"<p data-start=\"59\" data-end=\"357\"><strong data-start=\"67\" data-end=\"79\">Genel Bak\u0131\u015f<\/strong><br data-start=\"79\" data-end=\"82\" \/>Enerji performans\u0131 cam hatt\u0131nda ba\u015flar. \u00c7ift caml\u0131 Low-E yal\u0131t\u0131m cam\u0131m\u0131z, g\u00fc\u00e7l\u00fc g\u00fcn \u0131\u015f\u0131\u011f\u0131 ge\u00e7irgenli\u011fini korurken \u0131s\u0131 transferini azaltmak i\u00e7in s\u0131zd\u0131rmaz bir hava bo\u015flu\u011funu Low-E kaplamal\u0131 litler ile birle\u015ftirerek Project Spec'e g\u00f6re \u00fcretilmi\u015ftir.<\/p>\n<p data-start=\"359\" data-end=\"377\"><strong data-start=\"359\" data-end=\"375\">Temel \u00d6zellikler<\/strong><\/p>\n<ul data-start=\"378\" data-end=\"942\">\n<li data-start=\"378\" data-end=\"506\">\n<p data-start=\"380\" data-end=\"506\">Daha iyi termal konforu desteklemek i\u00e7in Low-E kaplamalarla radyan \u0131s\u0131 de\u011fi\u015fimini azalt\u0131n.<\/p>\n<\/li>\n<li data-start=\"507\" data-end=\"603\">\n<p data-start=\"509\" data-end=\"603\">Camdaki s\u0131cakl\u0131k dalgalanmalar\u0131n\u0131 s\u0131n\u0131rland\u0131rarak \u00e7evre camlar\u0131n\u0131n yak\u0131n\u0131ndaki i\u00e7 mekan konforunu art\u0131r\u0131n.<\/p>\n<\/li>\n<li data-start=\"604\" data-end=\"729\">\n<p data-start=\"606\" data-end=\"729\">\u0130ste\u011fe ba\u011fl\u0131 argon\/kripton bo\u015fluk dolgular\u0131 ile yal\u0131t\u0131m\u0131 geli\u015ftirin (istek \u00fczerine temin edilebilir).<\/p>\n<\/li>\n<li data-start=\"730\" data-end=\"846\">\n<p data-start=\"732\" data-end=\"846\">Gerekti\u011finde s\u0131cak kenar ay\u0131r\u0131c\u0131 sistemler belirleyerek kenar kay\u0131plar\u0131n\u0131 en aza indirin.<\/p>\n<\/li>\n<li data-start=\"847\" data-end=\"942\">\n<p data-start=\"849\" data-end=\"942\">\u00dcretim partileri aras\u0131nda \u015eirket \u0130\u00e7i Kalite Kontrol ve Kalite \u0130zlenebilirli\u011fi yoluyla yap\u0131 tutarl\u0131l\u0131\u011f\u0131n\u0131 koruyun.<\/p>\n<\/li>\n<\/ul>\n<p data-start=\"944\" data-end=\"973\"><strong data-start=\"944\" data-end=\"971\">Se\u00e7enekler &amp; \u00d6zelle\u015ftirme<\/strong><\/p>\n<ul data-start=\"974\" data-end=\"1416\">\n<li data-start=\"974\" data-end=\"1064\">\n<p data-start=\"976\" data-end=\"1064\">Sistem cep derinli\u011fine uymas\u0131 i\u00e7in Sipari\u015fe G\u00f6re \u00d6zel Boyut, \u015fekil ve toplam kal\u0131nl\u0131k.<\/p>\n<\/li>\n<li data-start=\"1065\" data-end=\"1154\">\n<p data-start=\"1067\" data-end=\"1154\">Cam makyajlar\u0131: \u015feffaf veya renkli; temperli ve\/veya lamine camlar istek \u00fczerine mevcuttur.<\/p>\n<\/li>\n<li data-start=\"1155\" data-end=\"1247\">\n<p data-start=\"1157\" data-end=\"1247\">Kaplama se\u00e7imi ve y\u00fczey yerle\u015fimi At\u00f6lye \u00c7izimi \/ \u00c7izim Deste\u011fi ile koordine edilir.<\/p>\n<\/li>\n<li data-start=\"1248\" data-end=\"1334\">\n<p data-start=\"1250\" data-end=\"1334\">Spesifikasyona g\u00f6re sa\u011flanan ara par\u00e7a ve conta se\u00e7enekleri (s\u0131cak kenarl\u0131 varyantlar dahil).<\/p>\n<\/li>\n<li data-start=\"1335\" data-end=\"1416\">\n<p data-start=\"1337\" data-end=\"1416\">Tekrarlanan programlar i\u00e7in etiketleme, kitleme ve OEM\/ODM Servis deste\u011fi mevcuttur.<\/p>\n<\/li>\n<\/ul>\n<p data-start=\"1418\" data-end=\"1656\"><strong data-start=\"1418\" data-end=\"1442\">Tipik Uygulamalar<\/strong><br data-start=\"1442\" data-end=\"1445\" \/>Birle\u015ftirilmi\u015f giydirme cephe mod\u00fclleri, stick-built giydirme cephe g\u00f6r\u00fc\u015f alanlar\u0131, pencere duvar sistemleri, y\u00fcksek katl\u0131 ofis cepheleri, otel cepheleri, podyum vitrinleri, merdiven\/lobi camlar\u0131, okullar ve sa\u011fl\u0131k binalar\u0131.<\/p>\n<p data-start=\"1658\" data-end=\"1891\"><strong data-start=\"1658\" data-end=\"1678\">Tedarik ve Destek<\/strong><br data-start=\"1678\" data-end=\"1681\" \/>Do\u011frudan Fabrika \u00fcretimi, \u0130stikrarl\u0131 Teslimat S\u00fcresi planlamas\u0131 ile Toplu Tedarik ve Hacimli \u00dcretim programlar\u0131n\u0131 destekler. \u0130hracat Ambalaj\u0131 ve Sand\u0131k Ambalaj\u0131 mevcuttur ve talep \u00fczerine Standartlara uygunluk sa\u011flanabilir.<\/p>","protected":false},"excerpt":{"rendered":"<p>Project Spec \u00e7ift caml\u0131 Low-E yal\u0131t\u0131m cam\u0131, s\u0131zd\u0131rmaz bir bo\u015flu\u011fu Low-E kaplamal\u0131 litler ile birle\u015ftirerek termal konforu art\u0131r\u0131r. Tekrarlanabilir boyutlar ve tutarl\u0131 yap\u0131lar gerektiren giydirme cephe mod\u00fclleri ve y\u00fcksek performansl\u0131 pencere sistemleri i\u00e7in sipari\u015f \u00fczerine \u00fcretilmi\u015ftir.<\/p>","protected":false},"featured_media":565,"template":"","meta":{"_gspb_post_css":""},"product_brand":[],"product_cat":[26],"product_tag":[95,66,62,64,56,97,81,58,94,61,60,96],"class_list":{"0":"post-564","1":"product","2":"type-product","3":"status-publish","4":"has-post-thumbnail","6":"product_cat-low-e-insulating-glass","7":"product_tag-argon-gas-fill-option","8":"product_tag-bulk-supply","9":"product_tag-curtain-wall-glazing","10":"product_tag-custom-size","11":"product_tag-double-glazed-igu","12":"product_tag-factory-direct","13":"product_tag-laminated-glass-option","14":"product_tag-low-e-coated-glass","15":"product_tag-project-spec-bulk-double-glazed-low-e-insulating-glass","16":"product_tag-tempered-glass-option","17":"product_tag-warm-edge-spacer","18":"product_tag-window-wall-systems","20":"first","21":"instock","22":"shipping-taxable","23":"purchasable","24":"product-type-simple"},"_links":{"self":[{"href":"https:\/\/theinsulatedglass.com\/tr\/wp-json\/wp\/v2\/product\/564","targetHints":{"allow":["GET"]}}],"collection":[{"href":"https:\/\/theinsulatedglass.com\/tr\/wp-json\/wp\/v2\/product"}],"about":[{"href":"https:\/\/theinsulatedglass.com\/tr\/wp-json\/wp\/v2\/types\/product"}],"wp:featuredmedia":[{"embeddable":true,"href":"https:\/\/theinsulatedglass.com\/tr\/wp-json\/wp\/v2\/media\/565"}],"wp:attachment":[{"href":"https:\/\/theinsulatedglass.com\/tr\/wp-json\/wp\/v2\/media?parent=564"}],"wp:term":[{"taxonomy":"product_brand","embeddable":true,"href":"https:\/\/theinsulatedglass.com\/tr\/wp-json\/wp\/v2\/product_brand?post=564"},{"taxonomy":"product_cat","embeddable":true,"href":"https:\/\/theinsulatedglass.com\/tr\/wp-json\/wp\/v2\/product_cat?post=564"},{"taxonomy":"product_tag","embeddable":true,"href":"https:\/\/theinsulatedglass.com\/tr\/wp-json\/wp\/v2\/product_tag?post=564"}],"curies":[{"name":"wp","href":"https:\/\/api.w.org\/{rel}","templated":true}]}}