{"id":571,"date":"2026-01-27T06:43:07","date_gmt":"2026-01-27T06:43:07","guid":{"rendered":"https:\/\/theinsulatedglass.com\/?post_type=product&#038;p=571"},"modified":"2026-01-27T06:43:07","modified_gmt":"2026-01-27T06:43:07","slug":"custom-build-explosion-proof-glass-project-spec","status":"publish","type":"product","link":"https:\/\/theinsulatedglass.com\/tr\/custom-build-explosion-proof-glass-project-spec\/","title":{"rendered":"\u00d6zel Yap\u0131m Patlamaya Dayan\u0131kl\u0131 Cam Proje Spesifikasyonu"},"content":{"rendered":"<p data-start=\"52\" data-end=\"471\"><strong data-start=\"60\" data-end=\"72\">Genel Bak\u0131\u015f<\/strong><br data-start=\"72\" data-end=\"75\" \/>Y\u00fcksek riskli a\u00e7\u0131kl\u0131klar i\u00e7in tasarlanan Custom Build Patlamaya Dayan\u0131kl\u0131 Cam, tehlikeli cam serpintilerini azaltmaya ve k\u0131r\u0131lma sonras\u0131 b\u00fct\u00fcnl\u00fc\u011f\u00fc iyile\u015ftirmeye yard\u0131mc\u0131 olmak i\u00e7in bir patlama \u00f6nleyici cam d\u00fczene\u011fi olarak yap\u0131land\u0131r\u0131lm\u0131\u015ft\u0131r. Performans sisteme ba\u011fl\u0131d\u0131r; cam tipi, ara katman se\u00e7imi, \u00e7er\u00e7eve tasar\u0131m\u0131 ve ankraj\u0131n t\u00fcm\u00fc sonucu etkiler.<\/p>\n<p data-start=\"473\" data-end=\"491\"><strong data-start=\"473\" data-end=\"489\">Temel \u00d6zellikler<\/strong><\/p>\n<ul data-start=\"492\" data-end=\"1019\">\n<li data-start=\"492\" data-end=\"633\">\n<p data-start=\"494\" data-end=\"633\">K\u0131r\u0131ld\u0131ktan sonra par\u00e7alar\u0131 bir ara katmana ba\u011flayan lamine cam kullanarak k\u0131r\u0131k tehlikelerini azalt\u0131n.<\/p>\n<\/li>\n<li data-start=\"634\" data-end=\"725\">\n<p data-start=\"636\" data-end=\"725\">Proje Spesifikasyonu gereksinimlerine g\u00f6re uyarlanm\u0131\u015f \u00e7ok katl\u0131 yap\u0131larla kalan kapasiteyi art\u0131r\u0131n.<\/p>\n<\/li>\n<li data-start=\"726\" data-end=\"839\">\n<p data-start=\"728\" data-end=\"839\">Temperli camlar\u0131 lamine yap\u0131larla (istek \u00fczerine) e\u015fle\u015ftirerek mukavemeti ve g\u00fcvenli k\u0131r\u0131lma davran\u0131\u015f\u0131n\u0131 birle\u015ftirin.<\/p>\n<\/li>\n<li data-start=\"840\" data-end=\"943\">\n<p data-start=\"842\" data-end=\"943\">Donan\u0131m ve \u00e7er\u00e7eve aray\u00fczleri i\u00e7in At\u00f6lye \u00c7izimi ve \u00c7izim Deste\u011fi arac\u0131l\u0131\u011f\u0131yla toleranslar\u0131 koordine edin.<\/p>\n<\/li>\n<li data-start=\"944\" data-end=\"1019\">\n<p data-start=\"946\" data-end=\"1019\">\u015eirket \u0130\u00e7i Kalite Kontrol ve parti tan\u0131mlama yoluyla Kalite \u0130zlenebilirli\u011fini koruyun.<\/p>\n<\/li>\n<\/ul>\n<p data-start=\"1021\" data-end=\"1050\"><strong data-start=\"1021\" data-end=\"1048\">Se\u00e7enekler &amp; \u00d6zelle\u015ftirme<\/strong><\/p>\n<ul data-start=\"1051\" data-end=\"1479\">\n<li data-start=\"1051\" data-end=\"1139\">\n<p data-start=\"1053\" data-end=\"1139\">Sabit veya \u00e7al\u0131\u015ft\u0131r\u0131labilir \u00e7er\u00e7eveler i\u00e7in Sipari\u015f \u00dczerine \u00d6zel Boyut, \u015fekil ve kenar ko\u015fullar\u0131.<\/p>\n<\/li>\n<li data-start=\"1140\" data-end=\"1220\">\n<p data-start=\"1142\" data-end=\"1220\">Ara katman se\u00e7enekleri (PVB veya iyonoplast) ve katman say\u0131lar\u0131 istek \u00fczerine mevcuttur.<\/p>\n<\/li>\n<li data-start=\"1221\" data-end=\"1318\">\n<p data-start=\"1223\" data-end=\"1318\">\u0130ste\u011fe ba\u011fl\u0131 ikincil g\u00fcvenlik filmi, spall g\u00f6mlekleri veya cam-polimer kompozit makyajlar.<\/p>\n<\/li>\n<li data-start=\"1319\" data-end=\"1402\">\n<p data-start=\"1321\" data-end=\"1402\">Kelep\u00e7eler, hav\u015falar veya ge\u00e7i\u015fler i\u00e7in delik delme, \u00e7entikler ve kesikler.<\/p>\n<\/li>\n<li data-start=\"1403\" data-end=\"1479\">\n<p data-start=\"1405\" data-end=\"1479\">Y\u00fczey se\u00e7enekleri: \u015feffaf, d\u00fc\u015f\u00fck demirli, renkli veya seramik fritli gizlilik bantlar\u0131.<\/p>\n<\/li>\n<\/ul>\n<p data-start=\"1481\" data-end=\"1703\"><strong data-start=\"1481\" data-end=\"1505\">Tipik Uygulamalar<\/strong><br data-start=\"1505\" data-end=\"1508\" \/>Kontrol odalar\u0131, bek\u00e7i kabinleri, g\u00fcvenlik pencereleri, petrokimya tesisleri, g\u00fc\u00e7 trafo merkezleri, laboratuvar g\u00f6zlem panelleri, veri merkezleri, havaalan\u0131 ve ula\u015f\u0131m merkezleri, devlet hizmet bankolar\u0131.<\/p>\n<p data-start=\"1705\" data-end=\"1907\"><strong data-start=\"1705\" data-end=\"1725\">Tedarik ve Destek<\/strong><br data-start=\"1725\" data-end=\"1728\" \/>Do\u011frudan Fabrika \u00fcretimi, \u0130stikrarl\u0131 Teslimat S\u00fcresi planlamas\u0131yla a\u015famal\u0131 s\u00fcr\u00fcmleri destekler. \u0130hracat Ambalaj\u0131 ve Sand\u0131k Ambalaj\u0131 mevcuttur ve talep \u00fczerine Standartlara uygunluk sa\u011flanabilir.<\/p>","protected":false},"excerpt":{"rendered":"<p>\u00d6zel yap\u0131m patlama \u00f6nleyici camlar, cam par\u00e7alar\u0131n\u0131 tutmaya yard\u0131mc\u0131 olmak ve \u00e7arpma olaylar\u0131ndan sonra bir bariyer sa\u011flamak i\u00e7in lamine, \u00e7ok katl\u0131 yap\u0131lar kullan\u0131r. G\u00fcvenilir uyum ve g\u00fcvenlik odakl\u0131 performans\u0131n istendi\u011fi kontrol odas\u0131 pencereleri ve g\u00fcvenlik izleme panelleri i\u00e7in sipari\u015f \u00fczerine \u00fcretilmi\u015ftir.<\/p>","protected":false},"featured_media":572,"template":"","meta":{"_gspb_post_css":""},"product_brand":[],"product_cat":[31],"product_tag":[99,104,98,64,93,105,101,100,69,103,102],"class_list":{"0":"post-571","1":"product","2":"type-product","3":"status-publish","4":"has-post-thumbnail","6":"product_cat-explosion-proof-glass","7":"product_tag-blast-mitigation-glazing","8":"product_tag-control-room-glazing","9":"product_tag-custom-build-explosion-proof-glass-project-spec","10":"product_tag-custom-size","11":"product_tag-factory-direct-supply","12":"product_tag-guard-booth-window","13":"product_tag-ionoplast-interlayer","14":"product_tag-multi-ply-laminated-glass","15":"product_tag-pvb-interlayer","16":"product_tag-security-window-glazing","17":"product_tag-tempered-lite-option","19":"first","20":"instock","21":"shipping-taxable","22":"purchasable","23":"product-type-simple"},"_links":{"self":[{"href":"https:\/\/theinsulatedglass.com\/tr\/wp-json\/wp\/v2\/product\/571","targetHints":{"allow":["GET"]}}],"collection":[{"href":"https:\/\/theinsulatedglass.com\/tr\/wp-json\/wp\/v2\/product"}],"about":[{"href":"https:\/\/theinsulatedglass.com\/tr\/wp-json\/wp\/v2\/types\/product"}],"wp:featuredmedia":[{"embeddable":true,"href":"https:\/\/theinsulatedglass.com\/tr\/wp-json\/wp\/v2\/media\/572"}],"wp:attachment":[{"href":"https:\/\/theinsulatedglass.com\/tr\/wp-json\/wp\/v2\/media?parent=571"}],"wp:term":[{"taxonomy":"product_brand","embeddable":true,"href":"https:\/\/theinsulatedglass.com\/tr\/wp-json\/wp\/v2\/product_brand?post=571"},{"taxonomy":"product_cat","embeddable":true,"href":"https:\/\/theinsulatedglass.com\/tr\/wp-json\/wp\/v2\/product_cat?post=571"},{"taxonomy":"product_tag","embeddable":true,"href":"https:\/\/theinsulatedglass.com\/tr\/wp-json\/wp\/v2\/product_tag?post=571"}],"curies":[{"name":"wp","href":"https:\/\/api.w.org\/{rel}","templated":true}]}}