{"id":577,"date":"2026-01-27T06:49:53","date_gmt":"2026-01-27T06:49:53","guid":{"rendered":"https:\/\/theinsulatedglass.com\/?post_type=product&#038;p=577"},"modified":"2026-01-27T06:49:53","modified_gmt":"2026-01-27T06:49:53","slug":"cut-to-size-bulk-supply-blue-tinted-glass","status":"publish","type":"product","link":"https:\/\/theinsulatedglass.com\/tr\/cut-to-size-bulk-supply-blue-tinted-glass\/","title":{"rendered":"Boy Kesme Toplu Tedarik Mavi Renkli Cam"},"content":{"rendered":"<p data-start=\"46\" data-end=\"413\"><strong data-start=\"54\" data-end=\"66\">Genel Bak\u0131\u015f<\/strong><br data-start=\"66\" data-end=\"69\" \/>Zorlu cam paketleri i\u00e7in tasarlanan mavi renkli cam, parlakl\u0131\u011f\u0131 ve g\u00fcne\u015f radyasyonunu y\u00f6netmeye yard\u0131mc\u0131 olurken dayan\u0131kl\u0131, tutarl\u0131 bir renk tonu ekler. Renkli float \u00fcr\u00fcnler genellikle \u015feffaf cama k\u0131yasla parlamay\u0131 ve \u0131s\u0131 transferini azaltmak i\u00e7in se\u00e7ilir ve g\u00fcne\u015fe bakan y\u00fcksekliklerde bina sakinlerinin konforunu art\u0131r\u0131r.<\/p>\n<p data-start=\"415\" data-end=\"433\"><strong data-start=\"415\" data-end=\"431\">Temel \u00d6zellikler<\/strong><\/p>\n<ul data-start=\"434\" data-end=\"950\">\n<li data-start=\"434\" data-end=\"548\">\n<p data-start=\"436\" data-end=\"548\">G\u00f6r\u00fcn\u00fcr \u0131\u015f\u0131k ge\u00e7irgenli\u011fini ve parlamay\u0131 azaltarak g\u00f6rsel konforu art\u0131r\u0131n.<\/p>\n<\/li>\n<li data-start=\"549\" data-end=\"657\">\n<p data-start=\"551\" data-end=\"657\">G\u00fcne\u015f \u0131s\u0131s\u0131 kazan\u0131m\u0131n\u0131 hafifletmeye yard\u0131mc\u0131 olmak i\u00e7in g\u00fcne\u015f enerjisinin bir k\u0131sm\u0131n\u0131 emer.<\/p>\n<\/li>\n<li data-start=\"658\" data-end=\"741\">\n<p data-start=\"660\" data-end=\"741\">\u015eirket \u0130\u00e7i Kalite Kontrol ve Kalite \u0130zlenebilirli\u011fi ile lottan lota renk b\u00fct\u00fcnl\u00fc\u011f\u00fcn\u00fc koruyun.<\/p>\n<\/li>\n<li data-start=\"742\" data-end=\"867\">\n<p data-start=\"744\" data-end=\"867\">Gerekti\u011finde temperli veya lamine yap\u0131 se\u00e7enekleriyle g\u00fcvenlik performans\u0131n\u0131 art\u0131r\u0131n.<\/p>\n<\/li>\n<li data-start=\"868\" data-end=\"950\">\n<p data-start=\"870\" data-end=\"950\">Boy kesme i\u015flemi ve kontroll\u00fc kenar i\u015fleme ile tekrarlanabilir uyumu destekleyin.<\/p>\n<\/li>\n<\/ul>\n<p data-start=\"952\" data-end=\"981\"><strong data-start=\"952\" data-end=\"979\">Se\u00e7enekler &amp; \u00d6zelle\u015ftirme<\/strong><\/p>\n<ul data-start=\"982\" data-end=\"1408\">\n<li data-start=\"982\" data-end=\"1062\">\n<p data-start=\"984\" data-end=\"1062\">\u00c7izim ba\u015f\u0131na Sipari\u015fe G\u00f6re \u00d6zel Boyutlu paneller, dikd\u00f6rtgenler veya \u015fekilli profiller.<\/p>\n<\/li>\n<li data-start=\"1063\" data-end=\"1138\">\n<p data-start=\"1065\" data-end=\"1138\">Kenar kaplamalar\u0131: diki\u015fli, d\u00fcz cilal\u0131, kalem cilal\u0131 veya k\u00fc\u00e7\u00fck e\u011fimler.<\/p>\n<\/li>\n<li data-start=\"1139\" data-end=\"1217\">\n<p data-start=\"1141\" data-end=\"1217\">Ba\u011flant\u0131 par\u00e7alar\u0131, hav\u015falar ve donan\u0131m bo\u015fluklar\u0131 i\u00e7in CNC delme\/\u00e7entik a\u00e7ma.<\/p>\n<\/li>\n<li data-start=\"1218\" data-end=\"1337\">\n<p data-start=\"1220\" data-end=\"1337\">G\u00fcvenlik cam\u0131 i\u00e7in talep \u00fczerine temperli veya lamine konfig\u00fcrasyonlar mevcuttur.<\/p>\n<\/li>\n<li data-start=\"1338\" data-end=\"1408\">\n<p data-start=\"1340\" data-end=\"1408\">OEM\/ODM Servis programlar\u0131 i\u00e7in kar\u0131\u015f\u0131k paketler, etiket setleri ve kitler.<\/p>\n<\/li>\n<\/ul>\n<p data-start=\"1410\" data-end=\"1624\"><strong data-start=\"1410\" data-end=\"1434\">Tipik Uygulamalar<\/strong><br data-start=\"1434\" data-end=\"1437\" \/>Perde duvar g\u00f6r\u00fc\u015f alanlar\u0131, spandrel ve g\u00f6lge kutusu panelleri, vitrin cam\u0131, d\u0131\u015f pencereler, i\u00e7 b\u00f6lmeler, korkuluk dolgusu (lamine edildi\u011finde), kanopi cam\u0131, te\u015fhir panelleri.<\/p>\n<p data-start=\"1626\" data-end=\"1861\"><strong data-start=\"1626\" data-end=\"1646\">Tedarik ve Destek<\/strong><br data-start=\"1646\" data-end=\"1649\" \/>Fabrika Do\u011frudan Toplu Tedarik, \u0130stikrarl\u0131 Teslimat S\u00fcresi planlamas\u0131 ile hacim programlar\u0131n\u0131 destekler. K\u00f6\u015feleri ve y\u00fczeyleri korumak i\u00e7in \u0130hracat Ambalaj\u0131 ve Sand\u0131k Ambalaj\u0131 mevcuttur ve talep \u00fczerine Standartlara uygunluk mevcuttur.<\/p>","protected":false},"excerpt":{"rendered":"<p>Boyutuna G\u00f6re Kesilmi\u015f Mavi Renkli Cam, dayan\u0131kl\u0131, renk tutarl\u0131 bir g\u00f6r\u00fcn\u00fcm sunarken parlamay\u0131 azalt\u0131r ve g\u00fcne\u015f kontrol\u00fc sa\u011flar. Tekrarlanabilir uyum ve istikrarl\u0131 partilerin \u00f6nemli oldu\u011fu vitrin cam\u0131 ve perde duvar spandrelleri i\u00e7in yayg\u0131n olarak kullan\u0131l\u0131r.<\/p>","protected":false},"featured_media":581,"template":"","meta":{"_gspb_post_css":""},"product_brand":[],"product_cat":[36],"product_tag":[107,66,62,64,106,97,111,81,110,109,61,108],"class_list":{"0":"post-577","1":"product","2":"type-product","3":"status-publish","4":"has-post-thumbnail","6":"product_cat-tinted-glass","7":"product_tag-blue-tinted-float-glass","8":"product_tag-bulk-supply","9":"product_tag-curtain-wall-glazing","10":"product_tag-custom-size","11":"product_tag-cut-to-size-bulk-supply-blue-tinted-glass","12":"product_tag-factory-direct","13":"product_tag-interior-partitions","14":"product_tag-laminated-glass-option","15":"product_tag-spandrel-panels","16":"product_tag-storefront-glass","17":"product_tag-tempered-glass-option","18":"product_tag-tinted-architectural-glass","20":"first","21":"instock","22":"shipping-taxable","23":"purchasable","24":"product-type-simple"},"_links":{"self":[{"href":"https:\/\/theinsulatedglass.com\/tr\/wp-json\/wp\/v2\/product\/577","targetHints":{"allow":["GET"]}}],"collection":[{"href":"https:\/\/theinsulatedglass.com\/tr\/wp-json\/wp\/v2\/product"}],"about":[{"href":"https:\/\/theinsulatedglass.com\/tr\/wp-json\/wp\/v2\/types\/product"}],"wp:featuredmedia":[{"embeddable":true,"href":"https:\/\/theinsulatedglass.com\/tr\/wp-json\/wp\/v2\/media\/581"}],"wp:attachment":[{"href":"https:\/\/theinsulatedglass.com\/tr\/wp-json\/wp\/v2\/media?parent=577"}],"wp:term":[{"taxonomy":"product_brand","embeddable":true,"href":"https:\/\/theinsulatedglass.com\/tr\/wp-json\/wp\/v2\/product_brand?post=577"},{"taxonomy":"product_cat","embeddable":true,"href":"https:\/\/theinsulatedglass.com\/tr\/wp-json\/wp\/v2\/product_cat?post=577"},{"taxonomy":"product_tag","embeddable":true,"href":"https:\/\/theinsulatedglass.com\/tr\/wp-json\/wp\/v2\/product_tag?post=577"}],"curies":[{"name":"wp","href":"https:\/\/api.w.org\/{rel}","templated":true}]}}