{"id":582,"date":"2026-01-27T06:56:24","date_gmt":"2026-01-27T06:56:24","guid":{"rendered":"https:\/\/theinsulatedglass.com\/?post_type=product&#038;p=582"},"modified":"2026-01-27T06:56:24","modified_gmt":"2026-01-27T06:56:24","slug":"custom-size-bulk-supply-tempered-door-and-window-glass","status":"publish","type":"product","link":"https:\/\/theinsulatedglass.com\/tr\/custom-size-bulk-supply-tempered-door-and-window-glass\/","title":{"rendered":"\u00d6zel Boyutlu Toplu Tedarik Temperli Kap\u0131 ve Pencere Cam\u0131"},"content":{"rendered":"<p data-start=\"59\" data-end=\"606\"><strong data-start=\"67\" data-end=\"79\">Genel Bak\u0131\u015f<\/strong><br data-start=\"79\" data-end=\"82\" \/>Kap\u0131 ve pencere a\u00e7\u0131kl\u0131klar\u0131 g\u00fcne\u015f, r\u00fczgar ve s\u0131k temasla kar\u015f\u0131 kar\u015f\u0131ya kald\u0131\u011f\u0131nda temperli cam, konforlu i\u00e7 mekanlar\u0131 desteklerken montajlar\u0131n dayan\u0131kl\u0131 kalmas\u0131na yard\u0131mc\u0131 olur. Termal temperleme cam\u0131 \u0131s\u0131t\u0131r ve y\u00fczey s\u0131k\u0131\u015ft\u0131rmas\u0131 olu\u015fturmak i\u00e7in h\u0131zla so\u011futarak ayn\u0131 kal\u0131nl\u0131ktaki tavlanm\u0131\u015f camdan en az d\u00f6rt kat daha g\u00fc\u00e7l\u00fc hale getirir. K\u0131r\u0131lma meydana gelirse, tipik olarak k\u00fc\u00e7\u00fck par\u00e7ac\u0131klara ayr\u0131l\u0131r ve trafi\u011fin yo\u011fun oldu\u011fu alanlarda ciddi kesik olas\u0131l\u0131\u011f\u0131n\u0131 azalt\u0131r.<\/p>\n<p data-start=\"608\" data-end=\"626\"><strong data-start=\"608\" data-end=\"624\">Temel \u00d6zellikler<\/strong><\/p>\n<ul data-start=\"627\" data-end=\"1140\">\n<li data-start=\"627\" data-end=\"731\">\n<p data-start=\"629\" data-end=\"731\">Tavlanm\u0131\u015f cama k\u0131yasla darbe ve r\u00fczgar y\u00fck\u00fc direncini art\u0131r\u0131r.<\/p>\n<\/li>\n<li data-start=\"732\" data-end=\"829\">\n<p data-start=\"734\" data-end=\"829\">K\u00fc\u00e7\u00fck par\u00e7al\u0131 bir mola modeli ile yaralanma riskini azalt\u0131n.<\/p>\n<\/li>\n<li data-start=\"830\" data-end=\"948\">\n<p data-start=\"832\" data-end=\"948\">Kontroll\u00fc i\u015fleme yoluyla d\u00fczl\u00fc\u011f\u00fc ve kenar kalitesini koruyarak daha s\u0131k\u0131 s\u0131zd\u0131rmazl\u0131k ve daha sorunsuz \u00e7al\u0131\u015fmay\u0131 destekleyin.<\/p>\n<\/li>\n<li data-start=\"949\" data-end=\"1072\">\n<p data-start=\"951\" data-end=\"1072\">Kap\u0131, sidelite ve belirli pencere uygulamalar\u0131nda g\u00fcvenlik gerektiren camlar\u0131 etkinle\u015ftirin.<\/p>\n<\/li>\n<li data-start=\"1073\" data-end=\"1140\">\n<p data-start=\"1075\" data-end=\"1140\">\u015eirket \u0130\u00e7i Kalite Kontrol ve Kalite \u0130zlenebilirli\u011fi ile tutarl\u0131l\u0131\u011f\u0131 koruyun.<\/p>\n<\/li>\n<\/ul>\n<p data-start=\"1142\" data-end=\"1171\"><strong data-start=\"1142\" data-end=\"1169\">Se\u00e7enekler &amp; \u00d6zelle\u015ftirme<\/strong><\/p>\n<ul data-start=\"1172\" data-end=\"1664\">\n<li data-start=\"1172\" data-end=\"1257\">\n<p data-start=\"1174\" data-end=\"1257\">At\u00f6lye \u00c7izimi ve \u00c7izim Deste\u011fi ile Proje Spesifikasyonuna G\u00f6re Sipari\u015f \u00dczerine \u00d6zel Boyutta \u00dcretilir.<\/p>\n<\/li>\n<li data-start=\"1258\" data-end=\"1338\">\n<p data-start=\"1260\" data-end=\"1338\">Kenar kaplamalar\u0131: diki\u015fli, arrisli, kalem cilas\u0131, d\u00fcz cila veya k\u00fc\u00e7\u00fck e\u011fimler.<\/p>\n<\/li>\n<li data-start=\"1339\" data-end=\"1464\">\n<p data-start=\"1341\" data-end=\"1464\">\u00c7izimlerinize g\u00f6re delikler, \u00e7entikler ve donan\u0131m kesimleri temperlemeden \u00f6nce tamamland\u0131.<\/p>\n<\/li>\n<li data-start=\"1465\" data-end=\"1549\">\n<p data-start=\"1467\" data-end=\"1549\">Y\u00fczeyler: \u015feffaf, d\u00fc\u015f\u00fck demirli, renkli; istek \u00fczerine frit\/bask\u0131 ve koruyucu filmler.<\/p>\n<\/li>\n<li data-start=\"1550\" data-end=\"1664\">\n<p data-start=\"1552\" data-end=\"1664\">\u00c7ift caml\u0131 kap\u0131\/pencere yap\u0131lar\u0131 i\u00e7in IGU'ya haz\u0131r temperli litler mevcuttur.<\/p>\n<\/li>\n<\/ul>\n<p data-start=\"1666\" data-end=\"1865\"><strong data-start=\"1666\" data-end=\"1690\">Tipik Uygulamalar<\/strong><br data-start=\"1690\" data-end=\"1693\" \/>S\u00fcrg\u00fcl\u00fc veranda kap\u0131 panelleri, mente\u015feli giri\u015f kap\u0131lar\u0131, vitrin kap\u0131 camlar\u0131, sidelitler ve transomlar, pencere kanat litleri, balkon kap\u0131lar\u0131, i\u00e7 cam kap\u0131lar, yedek litler.<\/p>\n<p data-start=\"1867\" data-end=\"2068\"><strong data-start=\"1867\" data-end=\"1887\">Tedarik ve Destek<\/strong><br data-start=\"1887\" data-end=\"1890\" \/>Fabrika Do\u011frudan Toplu Tedarik, \u0130stikrarl\u0131 Teslimat S\u00fcresi planlamas\u0131 ile Hacimli \u00dcretimi destekler. \u0130hracat Ambalaj\u0131 ve Sand\u0131k Ambalaj\u0131 mevcuttur. Standartlara uygunluk istek \u00fczerine mevcuttur.<\/p>","protected":false},"excerpt":{"rendered":"<p>Temperli kap\u0131 ve pencere cam\u0131, daha y\u00fcksek mukavemet ve daha g\u00fcvenli bir k\u0131r\u0131lma modeli i\u00e7in sipari\u015fe g\u00f6re \u00fcretilir ve yo\u011fun trafik a\u00e7\u0131kl\u0131klar\u0131nda yolcular\u0131n korunmas\u0131na yard\u0131mc\u0131 olur. Temiz kenar i\u015f\u00e7ili\u011fi ve yal\u0131t\u0131ml\u0131 montajlar i\u00e7in iste\u011fe ba\u011fl\u0131 IGU'ya haz\u0131r litler ile s\u00fcrg\u00fcl\u00fc kap\u0131lar ve yan kapaklar i\u00e7in \u00e7izimlerinize g\u00f6re \u00fcretilmi\u015ftir.<\/p>","protected":false},"featured_media":583,"template":"","meta":{"_gspb_post_css":""},"product_brand":[],"product_cat":[42],"product_tag":[116,64,112,77,114,115,65,120,117,119,113,118],"class_list":{"0":"post-582","1":"product","2":"type-product","3":"status-publish","4":"has-post-thumbnail","6":"product_cat-door-window-glass","7":"product_tag-cnc-drilling-and-notching","8":"product_tag-custom-size","9":"product_tag-custom-size-bulk-supply-tempered-door-and-window-glass","10":"product_tag-factory-direct-bulk-supply","11":"product_tag-heat-treated-glass","12":"product_tag-polished-edgework","13":"product_tag-shop-drawing-support","14":"product_tag-sidelite-and-transom-glass","15":"product_tag-sliding-door-glass","16":"product_tag-storefront-door-glazing","17":"product_tag-tempered-safety-glass","18":"product_tag-window-sash-glass","20":"first","21":"instock","22":"shipping-taxable","23":"purchasable","24":"product-type-simple"},"_links":{"self":[{"href":"https:\/\/theinsulatedglass.com\/tr\/wp-json\/wp\/v2\/product\/582","targetHints":{"allow":["GET"]}}],"collection":[{"href":"https:\/\/theinsulatedglass.com\/tr\/wp-json\/wp\/v2\/product"}],"about":[{"href":"https:\/\/theinsulatedglass.com\/tr\/wp-json\/wp\/v2\/types\/product"}],"wp:featuredmedia":[{"embeddable":true,"href":"https:\/\/theinsulatedglass.com\/tr\/wp-json\/wp\/v2\/media\/583"}],"wp:attachment":[{"href":"https:\/\/theinsulatedglass.com\/tr\/wp-json\/wp\/v2\/media?parent=582"}],"wp:term":[{"taxonomy":"product_brand","embeddable":true,"href":"https:\/\/theinsulatedglass.com\/tr\/wp-json\/wp\/v2\/product_brand?post=582"},{"taxonomy":"product_cat","embeddable":true,"href":"https:\/\/theinsulatedglass.com\/tr\/wp-json\/wp\/v2\/product_cat?post=582"},{"taxonomy":"product_tag","embeddable":true,"href":"https:\/\/theinsulatedglass.com\/tr\/wp-json\/wp\/v2\/product_tag?post=582"}],"curies":[{"name":"wp","href":"https:\/\/api.w.org\/{rel}","templated":true}]}}