{"id":589,"date":"2026-01-27T07:02:11","date_gmt":"2026-01-27T07:02:11","guid":{"rendered":"https:\/\/theinsulatedglass.com\/?post_type=product&#038;p=589"},"modified":"2026-01-27T07:02:11","modified_gmt":"2026-01-27T07:02:11","slug":"cut-to-size-bulk-hard-coat-online-low-e-glass","status":"publish","type":"product","link":"https:\/\/theinsulatedglass.com\/tr\/cut-to-size-bulk-hard-coat-online-low-e-glass\/","title":{"rendered":"Boy Kesme D\u00f6kme Sert Kaplamal\u0131 Online Low-E Cam"},"content":{"rendered":"<p data-start=\"50\" data-end=\"537\"><strong data-start=\"58\" data-end=\"70\">Genel Bak\u0131\u015f<\/strong><br data-start=\"70\" data-end=\"73\" \/>Pratik kullan\u0131m ile temiz, tutarl\u0131 bir g\u00f6r\u00fcn\u00fcme ihtiya\u00e7 duyan projeler i\u00e7in sert kaplamal\u0131 (pirolitik) Low-E g\u00fcvenilir bir se\u00e7imdir. Pirolitik kaplamalar float \u00fcretimi s\u0131ras\u0131nda \u00e7evrimi\u00e7i olarak uygulan\u0131r ve imalat ve i\u015fleme i\u015f ak\u0131\u015flar\u0131n\u0131 destekleyen dayan\u0131kl\u0131 bir y\u00fczey ba\u011f\u0131 olu\u015fturur. Low-E kaplamalar, do\u011fal g\u00fcn \u0131\u015f\u0131\u011f\u0131n\u0131 engellemeden termal konforu iyile\u015ftirmeye yard\u0131mc\u0131 olmak i\u00e7in uzun dalga k\u0131z\u0131l\u00f6tesi enerjiyi yans\u0131t\u0131r.<\/p>\n<p data-start=\"539\" data-end=\"557\"><strong data-start=\"539\" data-end=\"555\">Temel \u00d6zellikler<\/strong><\/p>\n<ul data-start=\"558\" data-end=\"1104\">\n<li data-start=\"558\" data-end=\"646\">\n<p data-start=\"560\" data-end=\"646\">Kontroll\u00fc kaplama homojenli\u011fi ile partiler aras\u0131nda tutarl\u0131 bir g\u00f6rsel ton sa\u011flay\u0131n.<\/p>\n<\/li>\n<li data-start=\"647\" data-end=\"762\">\n<p data-start=\"649\" data-end=\"762\">Radyan \u0131s\u0131y\u0131 kayna\u011f\u0131na do\u011fru geri yans\u0131tarak i\u00e7 mekan konforunu art\u0131r\u0131n.<\/p>\n<\/li>\n<li data-start=\"763\" data-end=\"887\">\n<p data-start=\"765\" data-end=\"887\">Sert kaplamal\u0131 y\u00fczeylerin sa\u011flam yap\u0131s\u0131 sayesinde verimli kesim hatlar\u0131n\u0131 destekler.<\/p>\n<\/li>\n<li data-start=\"888\" data-end=\"1030\">\n<p data-start=\"890\" data-end=\"1030\">Gerekti\u011finde temperleme veya laminasyon ile birle\u015ftirerek emniyetli yap\u0131lar olu\u015fturun (istek \u00fczerine temin edilebilir).<\/p>\n<\/li>\n<li data-start=\"1031\" data-end=\"1104\">\n<p data-start=\"1033\" data-end=\"1104\">Tekrarlanabilir \u00e7\u0131kt\u0131lar i\u00e7in Kalite \u0130zlenebilirli\u011fi ile Kurum \u0130\u00e7i Kalite Kontrol\u00fcn\u00fc s\u00fcrd\u00fcr\u00fcn.<\/p>\n<\/li>\n<\/ul>\n<p data-start=\"1106\" data-end=\"1135\"><strong data-start=\"1106\" data-end=\"1133\">Se\u00e7enekler &amp; \u00d6zelle\u015ftirme<\/strong><\/p>\n<ul data-start=\"1136\" data-end=\"1683\">\n<li data-start=\"1136\" data-end=\"1233\">\n<p data-start=\"1138\" data-end=\"1233\">Sipari\u015fe G\u00f6re \u00d6zel Boyutlu levhalar, Proje Spesifikasyonuna g\u00f6re kesilmi\u015f dikd\u00f6rtgenler veya \u015fekilli profiller.<\/p>\n<\/li>\n<li data-start=\"1234\" data-end=\"1313\">\n<p data-start=\"1236\" data-end=\"1313\">Kenar i\u015fleme se\u00e7enekleri: pozlamaya ba\u011fl\u0131 olarak diki\u015fli, arrisli veya cilal\u0131 kenarlar.<\/p>\n<\/li>\n<li data-start=\"1314\" data-end=\"1408\">\n<p data-start=\"1316\" data-end=\"1408\">Y\u00fczey konumu i\u00e7in \u00c7izim Deste\u011fi \/ At\u00f6lye \u00c7izimi incelemesi yoluyla kaplama yerle\u015ftirme k\u0131lavuzu.<\/p>\n<\/li>\n<li data-start=\"1409\" data-end=\"1539\">\n<p data-start=\"1411\" data-end=\"1539\">IGU entegrasyon se\u00e7enekleri (ara par\u00e7a konumu ve bo\u015fluk yap\u0131land\u0131rmas\u0131) istek \u00fczerine mevcuttur.<\/p>\n<\/li>\n<li data-start=\"1540\" data-end=\"1683\">\n<p data-start=\"1542\" data-end=\"1683\">Is\u0131l i\u015flem ve laminasyon uyumlulu\u011fu, cam\/kaplama se\u00e7imine ba\u011fl\u0131 olarak talep \u00fczerine mevcuttur.<\/p>\n<\/li>\n<\/ul>\n<p data-start=\"1685\" data-end=\"1871\"><strong data-start=\"1685\" data-end=\"1709\">Tipik Uygulamalar<\/strong><br data-start=\"1709\" data-end=\"1712\" \/>F\u0131rt\u0131na pencereleri, ikincil camlar, yedek pencere camlar\u0131, \u00e7ift caml\u0131 IGU camlar\u0131, perde duvar g\u00f6r\u00fc\u015f alanlar\u0131, \u00e7at\u0131 penceresi camlar\u0131, g\u00fcne\u015f odalar\u0131, servis tezgahlar\u0131.<\/p>\n<p data-start=\"1873\" data-end=\"2143\"><strong data-start=\"1873\" data-end=\"1893\">Tedarik ve Destek<\/strong><br data-start=\"1893\" data-end=\"1896\" \/>Fabrika Do\u011frudan Toplu Tedarik programlar\u0131, \u0130stikrarl\u0131 Teslimat S\u00fcresi planlamas\u0131, \u0130hracat Ambalaj\u0131 ve uzun mesafeli sevkiyatlar i\u00e7in Sand\u0131k Ambalaj\u0131 ile desteklenmektedir. Muayene kay\u0131tlar\u0131 her parti ile birlikte sa\u011flanabilir ve Standartlara uygunluk talep \u00fczerine temin edilebilir.<\/p>","protected":false},"excerpt":{"rendered":"<p>Hard-coat online Low-E cam, verimli kullan\u0131m ve \u00fcretim i\u00e7in tasarlanm\u0131\u015f dayan\u0131kl\u0131 pirolitik kaplama ile \u00f6l\u00e7\u00fclerinize g\u00f6re kesilir. \u0130kincil camlar ve f\u0131rt\u0131na penceresi panelleri i\u00e7in toplu olarak tedarik edilen bu \u00fcr\u00fcn, tutarl\u0131 bir g\u00f6r\u00fcn\u00fcm sa\u011flarken pratik enerji y\u00fckseltmelerini destekler.<\/p>","protected":false},"featured_media":590,"template":"","meta":{"_gspb_post_css":""},"product_brand":[],"product_cat":[27],"product_tag":[64,121,77,122,125,127,124,123,129,128,126,130],"class_list":{"0":"post-589","1":"product","2":"type-product","3":"status-publish","4":"has-post-thumbnail","6":"product_cat-online-low-e-glass","7":"product_tag-custom-size","8":"product_tag-cut-to-size-bulk-hard-coat-online-low-e-glass","9":"product_tag-factory-direct-bulk-supply","10":"product_tag-hard-coat-low-e-glass","11":"product_tag-igu-compatible-glass","12":"product_tag-laminated-option","13":"product_tag-low-emissivity-coating","14":"product_tag-pyrolytic-online-coating","15":"product_tag-secondary-glazing","16":"product_tag-storm-window-glass","17":"product_tag-tempered-option","18":"product_tag-window-replacement-lites","20":"first","21":"instock","22":"shipping-taxable","23":"purchasable","24":"product-type-simple"},"_links":{"self":[{"href":"https:\/\/theinsulatedglass.com\/tr\/wp-json\/wp\/v2\/product\/589","targetHints":{"allow":["GET"]}}],"collection":[{"href":"https:\/\/theinsulatedglass.com\/tr\/wp-json\/wp\/v2\/product"}],"about":[{"href":"https:\/\/theinsulatedglass.com\/tr\/wp-json\/wp\/v2\/types\/product"}],"wp:featuredmedia":[{"embeddable":true,"href":"https:\/\/theinsulatedglass.com\/tr\/wp-json\/wp\/v2\/media\/590"}],"wp:attachment":[{"href":"https:\/\/theinsulatedglass.com\/tr\/wp-json\/wp\/v2\/media?parent=589"}],"wp:term":[{"taxonomy":"product_brand","embeddable":true,"href":"https:\/\/theinsulatedglass.com\/tr\/wp-json\/wp\/v2\/product_brand?post=589"},{"taxonomy":"product_cat","embeddable":true,"href":"https:\/\/theinsulatedglass.com\/tr\/wp-json\/wp\/v2\/product_cat?post=589"},{"taxonomy":"product_tag","embeddable":true,"href":"https:\/\/theinsulatedglass.com\/tr\/wp-json\/wp\/v2\/product_tag?post=589"}],"curies":[{"name":"wp","href":"https:\/\/api.w.org\/{rel}","templated":true}]}}