{"id":618,"date":"2026-01-27T07:47:48","date_gmt":"2026-01-27T07:47:48","guid":{"rendered":"https:\/\/theinsulatedglass.com\/?post_type=product&#038;p=618"},"modified":"2026-01-27T07:47:48","modified_gmt":"2026-01-27T07:47:48","slug":"project-spec-bulk-supply-heat-soaked-tempered-glass","status":"publish","type":"product","link":"https:\/\/theinsulatedglass.com\/tr\/project-spec-bulk-supply-heat-soaked-tempered-glass\/","title":{"rendered":"Proje Spesifikasyonu Toplu Tedarik Is\u0131yla Islat\u0131lm\u0131\u015f Temperli Cam"},"content":{"rendered":"<p data-start=\"64\" data-end=\"347\">Genel Bak\u0131\u015f<br data-start=\"72\" data-end=\"75\" \/>Y\u00fcksek g\u00f6r\u00fcn\u00fcrl\u00fc\u011fe sahip cepheler ve ba\u015f \u00fcst\u00fc camlar\u0131 i\u00e7in g\u00f6rsel tutarl\u0131l\u0131k performans hikayesinin bir par\u00e7as\u0131d\u0131r. Is\u0131yla \u0131slat\u0131lm\u0131\u015f temperli cam, mimarlar\u0131n bekledi\u011fi temiz, net g\u00f6r\u00fcn\u00fcm\u00fc korurken hizmet i\u00e7i g\u00fcveni art\u0131rmaya yard\u0131mc\u0131 olmak i\u00e7in temperlemeden sonra ek bir perdeleme ad\u0131m\u0131 ekler.<\/p>\n<p data-start=\"351\" data-end=\"365\">Temel \u00d6zellikler<\/p>\n<p data-start=\"368\" data-end=\"424\">D\u00fc\u015f\u00fck renk tonu ve y\u00fcksek \u015feffafl\u0131k ile g\u00f6r\u00fc\u015f hatlar\u0131n\u0131 netle\u015ftirin<\/p>\n<p data-start=\"427\" data-end=\"485\">Temperli yap\u0131 sayesinde g\u00fcvenlik performans\u0131n\u0131 g\u00fc\u00e7lendirin<\/p>\n<p data-start=\"488\" data-end=\"565\">Is\u0131l i\u015flem uygulayarak beklenmedik hizmet i\u00e7i k\u0131r\u0131lma riskini azalt\u0131n<\/p>\n<p data-start=\"568\" data-end=\"642\">Kontroll\u00fc kenar kalitesi ve k\u00f6\u015fe bitirme ile d\u00fczg\u00fcn detayland\u0131rmay\u0131 destekleyin<\/p>\n<p data-start=\"645\" data-end=\"713\">B\u00fcy\u00fck kotlar i\u00e7in partiler aras\u0131nda tekrarlanabilir g\u00f6r\u00fcn\u00fcm\u00fc koruyun<\/p>\n<p data-start=\"716\" data-end=\"794\">Panelleri d\u00fcz ve boyutsal olarak sabit tutarak daha sorunsuz kurulum sa\u011flar<\/p>\n<p data-start=\"798\" data-end=\"823\">Se\u00e7enekler &amp; \u00d6zelle\u015ftirme<\/p>\n<p data-start=\"826\" data-end=\"900\">Talep \u00fczerine \u015fekle g\u00f6re kesim de dahil olmak \u00fczere Proje Spesifikasyonuna g\u00f6re Sipari\u015fe G\u00f6re Kesim<\/p>\n<p data-start=\"903\" data-end=\"978\">Braketler, noktasal sabitlemeler ve donan\u0131m i\u00e7in delikler, \u00e7entikler ve CNC kesikleri<\/p>\n<p data-start=\"981\" data-end=\"1047\">Kenar i\u015fleme se\u00e7enekleri istek \u00fczerine mevcuttur (cilal\u0131, arrisli, hafifletilmi\u015f)<\/p>\n<p data-start=\"1050\" data-end=\"1121\">Se\u00e7ilen alanlar i\u00e7in iste\u011fe ba\u011fl\u0131 seramik frit desenleri veya kaymaz bask\u0131lar<\/p>\n<p data-start=\"1124\" data-end=\"1184\">Talep \u00fczerine lamine makyajlar veya IGU entegrasyonu mevcuttur<\/p>\n<p data-start=\"1187\" data-end=\"1250\">Saha s\u0131ralamas\u0131na uygun paketleme, etiketleme ve kitleme<\/p>\n<p data-start=\"1254\" data-end=\"1460\">Tipik Uygulamalar<br data-start=\"1274\" data-end=\"1277\" \/>Giydirme cephe g\u00f6r\u00fc\u015f camlar\u0131, vitrin camlar\u0131, \u0131\u015f\u0131kl\u0131klar, cam kanopiler, atriyum \u00e7at\u0131lar, cephe spandrel b\u00f6lgeleri, korkuluk dolgu panelleri, asans\u00f6r lobisi \u00f6zellik camlar\u0131, r\u00fczgar perdeleri<\/p>\n<p data-start=\"1464\" data-end=\"1773\">Tedarik ve Destek<br data-start=\"1480\" data-end=\"1483\" \/>Hacimli \u00dcretim planlamas\u0131 ve planlaman\u0131n izin verdi\u011fi durumlarda H\u0131zl\u0131 Teslimat S\u00fcresi ile Toplu Tedarik. \u00c7izim Deste\u011fi ve At\u00f6lye \u00c7izimi koordinasyonu, \u015eirket \u0130\u00e7i Kalite Kontrol ve Kalite \u0130zlenebilirli\u011fi ile desteklenmektedir. \u0130hracat Ambalaj\u0131 ve Sand\u0131k Ambalaj\u0131 mevcuttur; Standartlara uygunluk talep \u00fczerine sa\u011flan\u0131r.<\/p>","protected":false},"excerpt":{"rendered":"<p>Is\u0131yla \u0131slat\u0131lm\u0131\u015f temperli cam, uzun vadeli g\u00fcvenilirli\u011fi desteklemek i\u00e7in ek bir perdeleme ad\u0131m\u0131 ile net, tutarl\u0131 estetik sa\u011flar. Toplu programlar i\u00e7in \u00f6zel boyutlarda tedarik edilen bu \u00fcr\u00fcn, g\u00f6r\u00fcn\u00fcm ve g\u00fcvenin \u00f6nemli oldu\u011fu perde duvar g\u00f6r\u00fc\u015f panelleri ve ba\u015f \u00fcst\u00fc camlar\u0131 i\u00e7in yayg\u0131n olarak kullan\u0131lmaktad\u0131r.<\/p>","protected":false},"featured_media":619,"template":"","meta":{"_gspb_post_css":""},"product_brand":[],"product_cat":[23],"product_tag":[161,62,139,160,158,157,159,156,65,76,109,113],"class_list":{"0":"post-618","1":"product","2":"type-product","3":"status-publish","4":"has-post-thumbnail","6":"product_cat-heat-soaked-tempered-glass","7":"product_tag-bulk-supply-glass","8":"product_tag-curtain-wall-glazing","9":"product_tag-custom-size-glass","10":"product_tag-glass-canopy-panels","11":"product_tag-heat-soak-processed-glass","12":"product_tag-heat-soaked-tempered-glass","13":"product_tag-laminated-heat-soaked-glass","14":"product_tag-project-spec-bulk-supply-heat-soaked-tempered-glass","15":"product_tag-shop-drawing-support","16":"product_tag-skylight-glazing","17":"product_tag-storefront-glass","18":"product_tag-tempered-safety-glass","20":"first","21":"instock","22":"shipping-taxable","23":"purchasable","24":"product-type-simple"},"_links":{"self":[{"href":"https:\/\/theinsulatedglass.com\/tr\/wp-json\/wp\/v2\/product\/618","targetHints":{"allow":["GET"]}}],"collection":[{"href":"https:\/\/theinsulatedglass.com\/tr\/wp-json\/wp\/v2\/product"}],"about":[{"href":"https:\/\/theinsulatedglass.com\/tr\/wp-json\/wp\/v2\/types\/product"}],"wp:featuredmedia":[{"embeddable":true,"href":"https:\/\/theinsulatedglass.com\/tr\/wp-json\/wp\/v2\/media\/619"}],"wp:attachment":[{"href":"https:\/\/theinsulatedglass.com\/tr\/wp-json\/wp\/v2\/media?parent=618"}],"wp:term":[{"taxonomy":"product_brand","embeddable":true,"href":"https:\/\/theinsulatedglass.com\/tr\/wp-json\/wp\/v2\/product_brand?post=618"},{"taxonomy":"product_cat","embeddable":true,"href":"https:\/\/theinsulatedglass.com\/tr\/wp-json\/wp\/v2\/product_cat?post=618"},{"taxonomy":"product_tag","embeddable":true,"href":"https:\/\/theinsulatedglass.com\/tr\/wp-json\/wp\/v2\/product_tag?post=618"}],"curies":[{"name":"wp","href":"https:\/\/api.w.org\/{rel}","templated":true}]}}