{"id":625,"date":"2026-01-27T07:53:33","date_gmt":"2026-01-27T07:53:33","guid":{"rendered":"https:\/\/theinsulatedglass.com\/?post_type=product&#038;p=625"},"modified":"2026-01-27T07:53:33","modified_gmt":"2026-01-27T07:53:33","slug":"project-spec-custom-solar-control-coated-glass","status":"publish","type":"product","link":"https:\/\/theinsulatedglass.com\/tr\/project-spec-custom-solar-control-coated-glass\/","title":{"rendered":"Proje Spesifikasyonu \u00d6zel G\u00fcne\u015f Kontrol Kaplamal\u0131 Cam"},"content":{"rendered":"<p data-start=\"59\" data-end=\"366\">Genel Bak\u0131\u015f<br data-start=\"67\" data-end=\"70\" \/>Erken cephe koordinasyonundan son sevkiyata kadar, g\u00fcne\u015f kontrol kaplamal\u0131 cam, tam olarak projenin yap\u0131 ve kullan\u0131m gereksinimlerine g\u00f6re tedarik edildi\u011finde en iyi performans\u0131 g\u00f6sterir. Bu Project Spec \u00e7\u00f6z\u00fcm\u00fc, g\u00fcn \u0131\u015f\u0131\u011f\u0131n\u0131 ve tutarl\u0131 bir d\u0131\u015f g\u00f6r\u00fcn\u00fcm\u00fc korurken g\u00fcne\u015f \u0131s\u0131s\u0131n\u0131 ve parlamay\u0131 azaltmaya yard\u0131mc\u0131 olur.<\/p>\n<p data-start=\"370\" data-end=\"384\">Temel \u00d6zellikler<\/p>\n<p data-start=\"387\" data-end=\"461\">Cam hatlar\u0131n\u0131n yak\u0131n\u0131nda i\u00e7 mekan konforunu iyile\u015ftirmek i\u00e7in g\u00fcne\u015f kazanc\u0131n\u0131 ve parlamay\u0131 y\u00f6netin<\/p>\n<p data-start=\"464\" data-end=\"546\">Y\u00fckseltiler ve a\u015famal\u0131 teslimatlar aras\u0131nda mimari renk tutarl\u0131l\u0131\u011f\u0131n\u0131 koruyun<\/p>\n<p data-start=\"549\" data-end=\"627\">Kaplamaya duyarl\u0131 i\u015fleme uygulamalar\u0131 ile IGU ve lamine montajlar\u0131 destekleyin<\/p>\n<p data-start=\"630\" data-end=\"701\">Do\u011fru saha kurulumu i\u00e7in kaplama y\u00f6nlendirme k\u0131lavuzunu koordine edin<\/p>\n<p data-start=\"704\" data-end=\"788\">Kontroll\u00fc kaplama kenar\u0131 haz\u0131rl\u0131\u011f\u0131 sayesinde a\u015fa\u011f\u0131 ak\u0131\u015f s\u0131zd\u0131rmazl\u0131k g\u00fcvenilirli\u011fini art\u0131r\u0131n<\/p>\n<p data-start=\"791\" data-end=\"863\">\u0130zlenebilir \u00fcretim kontrol\u00fc ile \u00f6ng\u00f6r\u00fclebilir proje y\u00fcr\u00fct\u00fclmesini sa\u011flay\u0131n<\/p>\n<p data-start=\"867\" data-end=\"892\">Se\u00e7enekler &amp; \u00d6zelle\u015ftirme<\/p>\n<p data-start=\"895\" data-end=\"968\">\u00d6zel Boyut \/ Sipari\u015fe G\u00f6re Kesim, \u015eekil ve Panel E\u015fle\u015ftirme Talep \u00dczerine<\/p>\n<p data-start=\"971\" data-end=\"1046\">Cephe amac\u0131na uygun kaplama tonu\/reflektans se\u00e7imleri mevcuttur<\/p>\n<p data-start=\"1049\" data-end=\"1128\">IGU konfig\u00fcrasyonlar\u0131 ve ara par\u00e7a\/m\u00fch\u00fcr uyumlulu\u011fu deste\u011fi istek \u00fczerine mevcuttur<\/p>\n<p data-start=\"1131\" data-end=\"1198\">\u00c7izimlere g\u00f6re sa\u011flanan kenar silme, maskeleme ve korumal\u0131 b\u00f6lgeler<\/p>\n<p data-start=\"1201\" data-end=\"1272\">Gerekti\u011finde talep \u00fczerine temperli veya lamine d\u00f6n\u00fc\u015f\u00fcmler mevcuttur<\/p>\n<p data-start=\"1275\" data-end=\"1335\">Proje imzas\u0131 i\u00e7in numuneler ve onay panelleri mevcuttur<\/p>\n<p data-start=\"1339\" data-end=\"1550\">Tipik Uygulamalar<br data-start=\"1359\" data-end=\"1362\" \/>Perde duvar IGU'lar\u0131, ticari pencere \u00fcniteleri, cephe iyile\u015ftirmeleri, ofis kuleleri, otel camlar\u0131, perakende vitrinleri, atriyum muhafazalar\u0131, \u00e7at\u0131 pencereleri ve \u00e7at\u0131 \u0131\u015f\u0131klar\u0131, havaalan\u0131 ve transit terminaller<\/p>\n<p data-start=\"1554\" data-end=\"1903\">Tedarik ve Destek<br data-start=\"1570\" data-end=\"1573\" \/>Onaylar ve s\u0131ralama i\u00e7in Proje Spesifikasyonu hizalamas\u0131, \u00c7izim Deste\u011fi ve At\u00f6lye \u00c7izimi koordinasyonu ile Fabrika Do\u011frudan tedariki. \u015eirket \u0130\u00e7i Kalite Kontrol ve Kalite \u0130zlenebilirli\u011fi ile desteklenen a\u015famal\u0131 s\u00fcr\u00fcmler i\u00e7in istikrarl\u0131 Teslimat S\u00fcresi planlamas\u0131 mevcuttur. \u0130hracat Ambalaj\u0131 ve Sand\u0131k Ambalaj\u0131 d\u00fczenlenebilir; Standartlara uygunluk talep \u00fczerine mevcuttur.<\/p>","protected":false},"excerpt":{"rendered":"<p>Project Spec g\u00fcne\u015f kontrol kaplamal\u0131 cam, g\u00fcn \u0131\u015f\u0131\u011f\u0131n\u0131 ve temiz bir d\u0131\u015f cephe tonunu korurken \u0131s\u0131 ve parlamay\u0131 azalt\u0131r. \u00c7izim koordinasyonu ile \u00f6zel boyutlarda sipari\u015f \u00fczerine \u00fcretilen bu \u00fcr\u00fcn, teslimatlar aras\u0131nda tutarl\u0131 bir g\u00f6r\u00fcn\u00fcm gerektiren giydirme cephe ve ticari pencere projeleri i\u00e7in g\u00fcvenilir bir se\u00e7enektir.<\/p>","protected":false},"featured_media":629,"template":"","meta":{"_gspb_post_css":""},"product_brand":[],"product_cat":[28],"product_tag":[66,166,62,139,167,169,164,58,165,162,168,163],"class_list":{"0":"post-625","1":"product","2":"type-product","3":"status-publish","4":"has-post-thumbnail","6":"product_cat-coated-glass","7":"product_tag-bulk-supply","8":"product_tag-commercial-window-glass","9":"product_tag-curtain-wall-glazing","10":"product_tag-custom-size-glass","11":"product_tag-facade-glass","12":"product_tag-factory-direct-glass","13":"product_tag-igu-glass","14":"product_tag-low-e-coated-glass","15":"product_tag-magnetron-coated-glass","16":"product_tag-project-spec-custom-solar-control-coated-glass","17":"product_tag-project-spec-support","18":"product_tag-solar-control-coated-glass","20":"first","21":"instock","22":"shipping-taxable","23":"purchasable","24":"product-type-simple"},"_links":{"self":[{"href":"https:\/\/theinsulatedglass.com\/tr\/wp-json\/wp\/v2\/product\/625","targetHints":{"allow":["GET"]}}],"collection":[{"href":"https:\/\/theinsulatedglass.com\/tr\/wp-json\/wp\/v2\/product"}],"about":[{"href":"https:\/\/theinsulatedglass.com\/tr\/wp-json\/wp\/v2\/types\/product"}],"wp:featuredmedia":[{"embeddable":true,"href":"https:\/\/theinsulatedglass.com\/tr\/wp-json\/wp\/v2\/media\/629"}],"wp:attachment":[{"href":"https:\/\/theinsulatedglass.com\/tr\/wp-json\/wp\/v2\/media?parent=625"}],"wp:term":[{"taxonomy":"product_brand","embeddable":true,"href":"https:\/\/theinsulatedglass.com\/tr\/wp-json\/wp\/v2\/product_brand?post=625"},{"taxonomy":"product_cat","embeddable":true,"href":"https:\/\/theinsulatedglass.com\/tr\/wp-json\/wp\/v2\/product_cat?post=625"},{"taxonomy":"product_tag","embeddable":true,"href":"https:\/\/theinsulatedglass.com\/tr\/wp-json\/wp\/v2\/product_tag?post=625"}],"curies":[{"name":"wp","href":"https:\/\/api.w.org\/{rel}","templated":true}]}}