{"id":632,"date":"2026-01-27T08:00:41","date_gmt":"2026-01-27T08:00:41","guid":{"rendered":"https:\/\/theinsulatedglass.com\/?post_type=product&#038;p=632"},"modified":"2026-01-27T08:00:41","modified_gmt":"2026-01-27T08:00:41","slug":"custom-safety-fire-rated-glass-for-home-and-shop","status":"publish","type":"product","link":"https:\/\/theinsulatedglass.com\/tr\/custom-safety-fire-rated-glass-for-home-and-shop\/","title":{"rendered":"Ev ve D\u00fckkan \u0130\u00e7in \u00d6zel G\u00fcvenlikli Yang\u0131n Dereceli Cam"},"content":{"rendered":"<p data-start=\"61\" data-end=\"400\">Genel Bak\u0131\u015f<br data-start=\"69\" data-end=\"72\" \/>G\u00fcnl\u00fck alanlar i\u00e7in yang\u0131n ayr\u0131m\u0131 belirtildi\u011finde, do\u011fru cam, odalar\u0131 karanl\u0131k veya kapal\u0131 hale getirmeden korumal\u0131d\u0131r. Yang\u0131na dayan\u0131kl\u0131 camlar\u0131m\u0131z, gerekti\u011finde yal\u0131t\u0131ml\u0131 montajlar da dahil olmak \u00fczere konfor odakl\u0131 tasar\u0131mlar\u0131 destekleyen konfig\u00fcrasyonlarda tedarik edilebilirken, ev ve perakende d\u00fczenleri i\u00e7in net g\u00f6r\u00fcn\u00fcrl\u00fck sa\u011flar.<\/p>\n<p data-start=\"404\" data-end=\"418\">Temel \u00d6zellikler<\/p>\n<p data-start=\"421\" data-end=\"494\">Koridorlar\u0131 ve vitrinleri s\u0131cak tutmak i\u00e7in \u0131\u015f\u0131k ge\u00e7irgenli\u011fini koruyun<\/p>\n<p data-start=\"497\" data-end=\"578\">Belirtilen \u00e7ok katmanl\u0131 veya IGU yap\u0131larda e\u015fle\u015ftirildi\u011finde radyan \u0131s\u0131 hissini s\u0131n\u0131rlamaya yard\u0131mc\u0131 olur<\/p>\n<p data-start=\"581\" data-end=\"640\">Kap\u0131lar ve g\u00f6r\u00fc\u015f panelleri i\u00e7in temiz optik kalite sa\u011flay\u0131n<\/p>\n<p data-start=\"643\" data-end=\"722\">Uygun kenar kaplamalar\u0131 ve korumal\u0131 kullan\u0131m ile daha g\u00fcvenli detayland\u0131rmay\u0131 destekleyin<\/p>\n<p data-start=\"725\" data-end=\"801\">G\u00fcvenilir kurulum i\u00e7in yayg\u0131n \u00e7er\u00e7eveleme ve conta sistemleriyle entegre edin<\/p>\n<p data-start=\"805\" data-end=\"830\">Se\u00e7enekler &amp; \u00d6zelle\u015ftirme<\/p>\n<p data-start=\"833\" data-end=\"889\">Sipari\u015f \u00dczerine \u00dcretilen \/ Proje Spesifikasyonuna G\u00f6re Kesilmi\u015f \u00d6zel Boyutlu Paneller<\/p>\n<p data-start=\"892\" data-end=\"974\">\u0130ste\u011fe ba\u011fl\u0131 biriktirmeler mevcuttur (yang\u0131ndan koruyucu veya yal\u0131t\u0131m tipi belirtildi\u011fi gibi)<\/p>\n<p data-start=\"977\" data-end=\"1060\">Konfor ve g\u00fcvenlik ihtiya\u00e7lar\u0131 i\u00e7in talep \u00fczerine lamine veya IGU konfig\u00fcrasyonlar\u0131 mevcuttur<\/p>\n<p data-start=\"1063\" data-end=\"1129\">At\u00f6lye \u00c7izimi koordinasyonu ile delikler, \u00e7entikler ve donan\u0131m haz\u0131rl\u0131\u011f\u0131<\/p>\n<p data-start=\"1132\" data-end=\"1203\">Y\u00fczey i\u015faretleri, y\u00f6nlendirme etiketleri ve saha s\u0131ralamas\u0131 i\u00e7in kit olu\u015fturma<\/p>\n<p data-start=\"1207\" data-end=\"1493\">Tipik Uygulamalar<br data-start=\"1227\" data-end=\"1230\" \/>G\u00f6r\u00fc\u015f panelli yang\u0131na dayan\u0131kl\u0131 kap\u0131lar, merdiven bo\u015flu\u011fu ve koridor camlar\u0131, vitrin yang\u0131n b\u00f6lmeleri, i\u00e7 yang\u0131n perdeleri, lobi ay\u0131rma cam\u0131, mutfaktan ya\u015fama ge\u00e7i\u015f cam\u0131, ev arkas\u0131 servis alanlar\u0131, depo odas\u0131 pencereleri, konut giri\u015f yanaklar\u0131<\/p>\n<p data-start=\"1497\" data-end=\"1765\">Tedarik ve Destek<br data-start=\"1513\" data-end=\"1516\" \/>Tekrarlanan programlar i\u00e7in \u0130stikrarl\u0131 Teslim S\u00fcresi ile Fabrika Do\u011frudan Hacimli \u00dcretim. Kalite \u0130zlenebilirli\u011fi ile \u015eirket \u0130\u00e7i Kalite Kontrol, ayr\u0131ca ihracat sevkiyatlar\u0131 i\u00e7in Sand\u0131k Paketleme. Uyumluluk belgeleri gerekti\u011finde sa\u011flanabilir; Standartlara uygunluk talep \u00fczerine mevcuttur.<\/p>","protected":false},"excerpt":{"rendered":"<p>\u00d6zel yang\u0131na dayan\u0131kl\u0131 cam, i\u00e7 mekanlar\u0131 ayd\u0131nl\u0131k ve g\u00f6rsel olarak a\u00e7\u0131k tutarken daha g\u00fcvenli b\u00f6lmeleri destekler. Proje \u00e7izim koordinasyonu ile sipari\u015fe g\u00f6re tedarik edilen bu cam, genellikle konfor ve netli\u011fin \u00f6nemli oldu\u011fu yang\u0131na dayan\u0131kl\u0131 kap\u0131 g\u00f6r\u00fc\u015f panelleri ve vitrin yang\u0131n b\u00f6lmeleri i\u00e7in kullan\u0131l\u0131r.<\/p>","protected":false},"featured_media":633,"template":"","meta":{"_gspb_post_css":""},"product_brand":[],"product_cat":[33],"product_tag":[66,170,139,97,175,171,173,178,172,174,176,177],"class_list":{"0":"post-632","1":"product","2":"type-product","3":"status-publish","4":"has-post-thumbnail","6":"product_cat-fire-resistant-glass","7":"product_tag-bulk-supply","8":"product_tag-custom-safety-fire-rated-glass-for-home-and-shop","9":"product_tag-custom-size-glass","10":"product_tag-factory-direct","11":"product_tag-fire-door-vision-panel-glass","12":"product_tag-fire-rated-glass","13":"product_tag-fire-rated-igu","14":"product_tag-interior-fire-screen-glass","15":"product_tag-laminated-fire-rated-glass","16":"product_tag-multi-layer-fire-rated-glazing","17":"product_tag-shopfront-fire-partition-glass","18":"product_tag-stairwell-corridor-glazing","20":"first","21":"instock","22":"shipping-taxable","23":"purchasable","24":"product-type-simple"},"_links":{"self":[{"href":"https:\/\/theinsulatedglass.com\/tr\/wp-json\/wp\/v2\/product\/632","targetHints":{"allow":["GET"]}}],"collection":[{"href":"https:\/\/theinsulatedglass.com\/tr\/wp-json\/wp\/v2\/product"}],"about":[{"href":"https:\/\/theinsulatedglass.com\/tr\/wp-json\/wp\/v2\/types\/product"}],"wp:featuredmedia":[{"embeddable":true,"href":"https:\/\/theinsulatedglass.com\/tr\/wp-json\/wp\/v2\/media\/633"}],"wp:attachment":[{"href":"https:\/\/theinsulatedglass.com\/tr\/wp-json\/wp\/v2\/media?parent=632"}],"wp:term":[{"taxonomy":"product_brand","embeddable":true,"href":"https:\/\/theinsulatedglass.com\/tr\/wp-json\/wp\/v2\/product_brand?post=632"},{"taxonomy":"product_cat","embeddable":true,"href":"https:\/\/theinsulatedglass.com\/tr\/wp-json\/wp\/v2\/product_cat?post=632"},{"taxonomy":"product_tag","embeddable":true,"href":"https:\/\/theinsulatedglass.com\/tr\/wp-json\/wp\/v2\/product_tag?post=632"}],"curies":[{"name":"wp","href":"https:\/\/api.w.org\/{rel}","templated":true}]}}