{"id":644,"date":"2026-01-27T08:14:25","date_gmt":"2026-01-27T08:14:25","guid":{"rendered":"https:\/\/theinsulatedglass.com\/?post_type=product&#038;p=644"},"modified":"2026-01-27T08:14:25","modified_gmt":"2026-01-27T08:14:25","slug":"custom-size-interior-decoration-glass-for-decoration","status":"publish","type":"product","link":"https:\/\/theinsulatedglass.com\/tr\/custom-size-interior-decoration-glass-for-decoration\/","title":{"rendered":"Dekorasyon \u0130\u00e7in \u00d6zel Boyutlu \u0130\u00e7 Dekorasyon Cam\u0131"},"content":{"rendered":"<p data-start=\"65\" data-end=\"353\">Genel Bak\u0131\u015f<br data-start=\"73\" data-end=\"76\" \/>Proje i\u00e7 mekanlar\u0131nda genellikle \u00e7izimlerle e\u015fle\u015fen, etiketli olarak gelen ve yerinde yeniden \u00e7al\u0131\u015fma gerektirmeden monte edilen dekoratif camlara ihtiya\u00e7 duyulur. \u0130\u00e7 dekorasyon camlar\u0131m\u0131z, sipari\u015f \u00fczerine yap\u0131lan boyutlarda proje \u00f6zelliklerine g\u00f6re tedarik edilir ve tasar\u0131mc\u0131lar\u0131n birden fazla alanda tutarl\u0131 g\u00f6rsel \u00e7izgiler elde etmesine yard\u0131mc\u0131 olur.<\/p>\n<p data-start=\"357\" data-end=\"371\">Temel \u00d6zellikler<\/p>\n<p data-start=\"374\" data-end=\"450\">Odadan odaya birle\u015fik bir dekoratif tema olu\u015fturmak i\u00e7in kaplamalar\u0131 koordine edin<\/p>\n<p data-start=\"453\" data-end=\"515\">Daha g\u00fcvenli kullan\u0131m ve zarif detayland\u0131rma i\u00e7in temiz kenarlar sunar<\/p>\n<p data-start=\"518\" data-end=\"594\">Tipik i\u00e7 mekan ayd\u0131nlatmas\u0131 alt\u0131nda sabit renk ve y\u00fczey g\u00f6r\u00fcn\u00fcm\u00fcn\u00fc korur<\/p>\n<p data-start=\"597\" data-end=\"678\">Net y\u00f6nlendirme i\u015faretleri ve panel kimli\u011fi etiketlemesi sayesinde h\u0131zl\u0131 kurulumu destekler<\/p>\n<p data-start=\"681\" data-end=\"739\">\u00c7izim tabanl\u0131 \u00fcretim kontrolleri ile yeniden i\u015fleme riskini azalt\u0131n<\/p>\n<p data-start=\"743\" data-end=\"768\">Se\u00e7enekler &amp; \u00d6zelle\u015ftirme<\/p>\n<p data-start=\"771\" data-end=\"837\">Talep \u00fczerine \u015fekiller dahil olmak \u00fczere \u00d6zel Boyut \/ Sipari\u015fe G\u00f6re kesim<\/p>\n<p data-start=\"840\" data-end=\"942\">Talep \u00fczerine kaplama se\u00e7enekleri mevcuttur: arkadan boyal\u0131, asitle kaz\u0131nm\u0131\u015f, desenli, ayna veya bask\u0131l\u0131 motifler<\/p>\n<p data-start=\"945\" data-end=\"1024\">G\u00fcvenlik ihtiya\u00e7lar\u0131n\u0131 kar\u015f\u0131lamak i\u00e7in istek \u00fczerine temperli veya lamine yap\u0131lar mevcuttur<\/p>\n<p data-start=\"1027\" data-end=\"1098\">Ba\u011flant\u0131 par\u00e7alar\u0131, dikmeler ve kanallar i\u00e7in delikler, \u00e7entikler ve CNC kesikleri<\/p>\n<p data-start=\"1101\" data-end=\"1168\">Markal\u0131 programlar, tekrarlanan sipari\u015fler ve kit setleri i\u00e7in OEM\/ODM Hizmeti<\/p>\n<p data-start=\"1172\" data-end=\"1400\">Tipik Uygulamalar<br data-start=\"1192\" data-end=\"1195\" \/>\u00d6zellikli duvarlar, asans\u00f6r lobisi kaplamas\u0131, i\u00e7 b\u00f6lmeler, cam kap\u0131lar ve sidelitler, dolap ve gard\u0131rop ekleri, resepsiyon arka planlar\u0131, merdiven bo\u015flu\u011fu ekranlar\u0131, perakende te\u015fhir panelleri, otel koridoru vurgular\u0131<\/p>\n<p data-start=\"1404\" data-end=\"1709\">Tedarik ve Destek<br data-start=\"1420\" data-end=\"1423\" \/>Onaylar ve s\u0131ralama i\u00e7in At\u00f6lye \u00c7izimi ve Proje Spesifikasyonu koordinasyonu ile Fabrika Do\u011frudan tedariki. \u015eirket \u0130\u00e7i Kalite Kontrol ve Kalite \u0130zlenebilirli\u011fi ile desteklenen istikrarl\u0131 Teslimat S\u00fcresi planlamas\u0131 mevcuttur. Sand\u0131k Paketleme ile \u0130hracat Ambalaj\u0131 d\u00fczenlenebilir; Standartlara uygunluk talep \u00fczerine mevcuttur.<\/p>","protected":false},"excerpt":{"rendered":"<p>Sipari\u015f \u00fczerine \u00fcretilen i\u00e7 dekorasyon cam\u0131, proje \u00e7izimlerine uymas\u0131 ve tutarl\u0131 bir g\u00f6r\u00fcn\u00fcm sunmas\u0131 i\u00e7in \u00f6zel y\u00fczeyler ve hassas boyutland\u0131rma sa\u011flar. Genellikle otellerde, perakende sat\u0131\u015f alanlar\u0131nda ve konut i\u00e7 mekanlar\u0131nda \u00f6zellikli duvarlar ve b\u00f6lmeler i\u00e7in belirtilir.<\/p>","protected":false},"featured_media":645,"template":"","meta":{"_gspb_post_css":""},"product_brand":[],"product_cat":[44],"product_tag":[193,64,186,187,194,97,191,192,190,86,188,189],"class_list":{"0":"post-644","1":"product","2":"type-product","3":"status-publish","4":"has-post-thumbnail","6":"product_cat-interior-decoration-glass","7":"product_tag-cabinet-door-inserts","8":"product_tag-custom-size","9":"product_tag-custom-size-interior-decoration-glass-for-decoration","10":"product_tag-decorative-glass-panels","11":"product_tag-elevator-lobby-glass","12":"product_tag-factory-direct","13":"product_tag-feature-wall-glass","14":"product_tag-interior-partition-glass","15":"product_tag-laminated-decorative-glass","16":"product_tag-oem-odm-service","17":"product_tag-printed-glass","18":"product_tag-tempered-decorative-glass","20":"first","21":"instock","22":"shipping-taxable","23":"purchasable","24":"product-type-simple"},"_links":{"self":[{"href":"https:\/\/theinsulatedglass.com\/tr\/wp-json\/wp\/v2\/product\/644","targetHints":{"allow":["GET"]}}],"collection":[{"href":"https:\/\/theinsulatedglass.com\/tr\/wp-json\/wp\/v2\/product"}],"about":[{"href":"https:\/\/theinsulatedglass.com\/tr\/wp-json\/wp\/v2\/types\/product"}],"wp:featuredmedia":[{"embeddable":true,"href":"https:\/\/theinsulatedglass.com\/tr\/wp-json\/wp\/v2\/media\/645"}],"wp:attachment":[{"href":"https:\/\/theinsulatedglass.com\/tr\/wp-json\/wp\/v2\/media?parent=644"}],"wp:term":[{"taxonomy":"product_brand","embeddable":true,"href":"https:\/\/theinsulatedglass.com\/tr\/wp-json\/wp\/v2\/product_brand?post=644"},{"taxonomy":"product_cat","embeddable":true,"href":"https:\/\/theinsulatedglass.com\/tr\/wp-json\/wp\/v2\/product_cat?post=644"},{"taxonomy":"product_tag","embeddable":true,"href":"https:\/\/theinsulatedglass.com\/tr\/wp-json\/wp\/v2\/product_tag?post=644"}],"curies":[{"name":"wp","href":"https:\/\/api.w.org\/{rel}","templated":true}]}}