{"id":672,"date":"2026-01-27T08:44:16","date_gmt":"2026-01-27T08:44:16","guid":{"rendered":"https:\/\/theinsulatedglass.com\/?post_type=product&#038;p=672"},"modified":"2026-01-27T08:44:16","modified_gmt":"2026-01-27T08:44:16","slug":"clear-low-iron-flat-tempered-glass-project-spec","status":"publish","type":"product","link":"https:\/\/theinsulatedglass.com\/tr\/clear-low-iron-flat-tempered-glass-project-spec\/","title":{"rendered":"\u015eeffaf D\u00fc\u015f\u00fck Demirli D\u00fcz Temperli Cam Proje \u00d6zellikleri"},"content":{"rendered":"<p data-start=\"60\" data-end=\"343\">Genel Bak\u0131\u015f<br data-start=\"68\" data-end=\"71\" \/>M\u00fchendisler, g\u00fc\u00e7, g\u00fcvenlik ve g\u00f6rsel tarafs\u0131zl\u0131\u011f\u0131n ayn\u0131 panelde sunulmas\u0131 gerekti\u011finde d\u00fc\u015f\u00fck demirli d\u00fcz temperli cam\u0131 belirler. D\u00fc\u015f\u00fck demirli alt tabaka kenarlar\u0131 daha net tutarken, temperleme zorlu yap\u0131sal detaylar i\u00e7in darbe ve termal strese kar\u015f\u0131 direnci art\u0131r\u0131r.<\/p>\n<p data-start=\"347\" data-end=\"361\">Temel \u00d6zellikler<\/p>\n<p data-start=\"364\" data-end=\"451\">Halka a\u00e7\u0131k alanlar i\u00e7in uygun temperli yap\u0131 sayesinde g\u00fcvenlik performans\u0131n\u0131 art\u0131r\u0131n<\/p>\n<p data-start=\"454\" data-end=\"538\">Standart \u015feffaf cama k\u0131yasla daha az ye\u015fil renk tonu ile renk do\u011frulu\u011funu korur<\/p>\n<p data-start=\"454\" data-end=\"538\">Daha temiz g\u00f6r\u00fc\u015f hatlar\u0131 ve daha s\u0131k\u0131 \u00e7er\u00e7eveleme a\u00e7\u0131kl\u0131klar\u0131 i\u00e7in panel d\u00fczl\u00fc\u011f\u00fcn\u00fc koruyun<\/p>\n<p data-start=\"620\" data-end=\"703\">Kontroll\u00fc son i\u015flem ve dikkatli kullan\u0131m prosed\u00fcrleri ile kenar dayan\u0131kl\u0131l\u0131\u011f\u0131n\u0131 art\u0131r\u0131n<\/p>\n<p data-start=\"706\" data-end=\"768\">\u015eirket \u0130\u00e7i Kalite Kontrol kapsam\u0131nda kay\u0131tl\u0131 kontrollerle tekrarlanabilirli\u011fi destekleyin<\/p>\n<p data-start=\"772\" data-end=\"797\">Se\u00e7enekler &amp; \u00d6zelle\u015ftirme<\/p>\n<p data-start=\"800\" data-end=\"875\">\u00d6zel Boyut \/ Proje Spesifikasyonuna ve onayl\u0131 \u00e7izimlere g\u00f6re sipari\u015f \u00fczerine kesim<\/p>\n<p data-start=\"878\" data-end=\"965\">Kenar i\u015fleme se\u00e7enekleri istek \u00fczerine mevcuttur (cilal\u0131, arrisli, hafifletilmi\u015f) ve k\u00f6\u015fe rady\u00fcsleme<\/p>\n<p data-start=\"968\" data-end=\"1047\">Kelep\u00e7eler, dikmeler ve braketler i\u00e7in delikler, \u00e7entikler ve CNC kesikleri mevcuttur<\/p>\n<p data-start=\"1050\" data-end=\"1126\">Ek tutuculuk i\u00e7in talep \u00fczerine iste\u011fe ba\u011fl\u0131 lamine yap\u0131lar mevcuttur<\/p>\n<p data-start=\"1129\" data-end=\"1210\">A\u015famal\u0131 kurulum i\u00e7in sa\u011flanan koruyucu serpi\u015ftirme, etiketleme ve kitleme<\/p>\n<p data-start=\"1214\" data-end=\"1424\">Tipik Uygulamalar<br data-start=\"1234\" data-end=\"1237\" \/>Korkuluk dolgu panelleri, merdiven ve sahanl\u0131k korumalar\u0131, perde duvar g\u00f6r\u00fc\u015f camlar\u0131, b\u00fcy\u00fck resim pencereleri, lobi \u00f6zellik camlar\u0131, perakende vitrinleri, m\u00fcze vitrinleri, i\u00e7 b\u00f6lmeler<\/p>\n<p data-start=\"1428\" data-end=\"1719\">Tedarik ve Destek<br data-start=\"1444\" data-end=\"1447\" \/>Fabrika Do\u011frudan tedariki, \u00e7ok a\u015famal\u0131 projeler i\u00e7in \u0130stikrarl\u0131 bir Teslimat S\u00fcresi plan\u0131 ile hem prototipleri hem de Toplu Tedarik s\u00fcr\u00fcmlerini destekler. At\u00f6lye \u00c7izimi \/ \u00c7izim Deste\u011fi mevcuttur ve Sand\u0131k Paketleme ile \u0130hracat Ambalaj\u0131 d\u00fczenlenebilir. Standartlara uygunluk istek \u00fczerine mevcuttur.<\/p>","protected":false},"excerpt":{"rendered":"<p>Renk do\u011frulu\u011funun \u00f6nemli oldu\u011fu projeler i\u00e7in, \u015feffaf d\u00fc\u015f\u00fck demirli d\u00fcz temperli cam, temperli g\u00fcvenlik performans\u0131 sa\u011flarken ye\u015fil kenar tonunu azalt\u0131r. Sipari\u015f \u00fczerine \u00fcretilen paneller, cam korkuluklar ve y\u00fcksek g\u00f6r\u00fcn\u00fcrl\u00fckl\u00fc cephe veya vitrin camlar\u0131 i\u00e7in yayg\u0131n olarak kullan\u0131l\u0131r.<\/p>","protected":false},"featured_media":673,"template":"","meta":{"_gspb_post_css":""},"product_brand":[],"product_cat":[20],"product_tag":[225,66,223,226,64,227,97,224,153,51,53,113],"class_list":{"0":"post-672","1":"product","2":"type-product","3":"status-publish","4":"has-post-thumbnail","6":"product_cat-flat-tempered-glass","7":"product_tag-balustrade-glass-panels","8":"product_tag-bulk-supply","9":"product_tag-clear-low-iron-flat-tempered-glass-project-spec","10":"product_tag-curtain-wall-vision-glass","11":"product_tag-custom-size","12":"product_tag-display-showcase-glass","13":"product_tag-factory-direct","14":"product_tag-flat-tempered-glass","15":"product_tag-laminated-tempered-glass","16":"product_tag-low-iron-glass","17":"product_tag-polished-edge-glass","18":"product_tag-tempered-safety-glass","20":"first","21":"instock","22":"shipping-taxable","23":"purchasable","24":"product-type-simple"},"_links":{"self":[{"href":"https:\/\/theinsulatedglass.com\/tr\/wp-json\/wp\/v2\/product\/672","targetHints":{"allow":["GET"]}}],"collection":[{"href":"https:\/\/theinsulatedglass.com\/tr\/wp-json\/wp\/v2\/product"}],"about":[{"href":"https:\/\/theinsulatedglass.com\/tr\/wp-json\/wp\/v2\/types\/product"}],"wp:featuredmedia":[{"embeddable":true,"href":"https:\/\/theinsulatedglass.com\/tr\/wp-json\/wp\/v2\/media\/673"}],"wp:attachment":[{"href":"https:\/\/theinsulatedglass.com\/tr\/wp-json\/wp\/v2\/media?parent=672"}],"wp:term":[{"taxonomy":"product_brand","embeddable":true,"href":"https:\/\/theinsulatedglass.com\/tr\/wp-json\/wp\/v2\/product_brand?post=672"},{"taxonomy":"product_cat","embeddable":true,"href":"https:\/\/theinsulatedglass.com\/tr\/wp-json\/wp\/v2\/product_cat?post=672"},{"taxonomy":"product_tag","embeddable":true,"href":"https:\/\/theinsulatedglass.com\/tr\/wp-json\/wp\/v2\/product_tag?post=672"}],"curies":[{"name":"wp","href":"https:\/\/api.w.org\/{rel}","templated":true}]}}