{"id":679,"date":"2026-01-27T08:52:42","date_gmt":"2026-01-27T08:52:42","guid":{"rendered":"https:\/\/theinsulatedglass.com\/?post_type=product&#038;p=679"},"modified":"2026-01-27T08:52:42","modified_gmt":"2026-01-27T08:52:42","slug":"factory-direct-custom-insulating-glass-igu","status":"publish","type":"product","link":"https:\/\/theinsulatedglass.com\/tr\/factory-direct-custom-insulating-glass-igu\/","title":{"rendered":"Fabrika Do\u011frudan \u00d6zel Yal\u0131t\u0131m Cam\u0131 IGU"},"content":{"rendered":"<p data-start=\"55\" data-end=\"295\">Genel Bak\u0131\u015f<br data-start=\"63\" data-end=\"66\" \/>HVAC talebinin azalt\u0131lmas\u0131 genellikle camlama hatt\u0131nda ba\u015flar. Factory Direct \u00f6zel yal\u0131t\u0131m cam\u0131 IGU'muz, \u0131s\u0131 transferini s\u0131n\u0131rland\u0131rmaya, bina sakinlerinin konforunu art\u0131rmaya ve g\u00fcn \u0131\u015f\u0131\u011f\u0131n\u0131 a\u00e7\u0131k ve kullan\u0131labilir tutmaya yard\u0131mc\u0131 olmak i\u00e7in proje gereksinimlerine g\u00f6re monte edilir.<\/p>\n<p data-start=\"299\" data-end=\"313\">Temel \u00d6zellikler<\/p>\n<p data-start=\"316\" data-end=\"396\">Monolitik cama k\u0131yasla k\u0131\u015f \u0131s\u0131 kayb\u0131n\u0131 ve yaz \u0131s\u0131 giri\u015fini azalt\u0131r<\/p>\n<p data-start=\"399\" data-end=\"471\">\u0130\u00e7 cam s\u0131cakl\u0131\u011f\u0131n\u0131 dengeleyerek pencerelerin yak\u0131n\u0131ndaki konforu art\u0131r\u0131n<\/p>\n<p data-start=\"474\" data-end=\"550\">Montaj s\u0131ras\u0131nda kontroll\u00fc i\u00e7 temizlik ile daha net g\u00f6r\u00fcn\u00fcmleri destekleyin<\/p>\n<p data-start=\"553\" data-end=\"635\">T\u00fcm pencere sistemi uygun \u015fekilde tasarland\u0131\u011f\u0131nda yo\u011fu\u015fma direncini art\u0131r\u0131r<\/p>\n<p data-start=\"638\" data-end=\"711\">Daha kolay \u00e7er\u00e7eveleme ve conta ba\u011flant\u0131s\u0131 i\u00e7in tekrarlanabilir boyutlar\u0131 koruyun<\/p>\n<p data-start=\"715\" data-end=\"740\">Se\u00e7enekler &amp; \u00d6zelle\u015ftirme<\/p>\n<p data-start=\"743\" data-end=\"806\">Sipari\u015fe G\u00f6re \/ \u00d6zel Boyut IGU boyutlar\u0131 ve \u00e7izimlere g\u00f6re \u015fekiller<\/p>\n<p data-start=\"809\" data-end=\"874\">Low-E ve g\u00fcne\u015f kontrol kaplama se\u00e7enekleri istek \u00fczerine mevcuttur<\/p>\n<p data-start=\"877\" data-end=\"958\">Proje \u00f6zelliklerine g\u00f6re sunulan ara par\u00e7a se\u00e7enekleri, s\u0131cak kenar se\u00e7enekleri ve dolgu macunu sistemleri<\/p>\n<p data-start=\"961\" data-end=\"1041\">Gaz dolgu, renkli y\u00fczeyler ve lamine\/temperli lameller istek \u00fczerine temin edilebilir<\/p>\n<p data-start=\"1044\" data-end=\"1111\">Izgaralar, frit bord\u00fcrler ve kenar silme b\u00f6lgeleri gerekti\u011fi gibi tedarik edilir<\/p>\n<p data-start=\"1115\" data-end=\"1291\">Tipik Uygulamalar<br data-start=\"1135\" data-end=\"1138\" \/>Konut pencereleri, ticari pencere duvarlar\u0131, giydirme cephe g\u00f6r\u00fc\u015f alanlar\u0131, vitrin sistemleri, \u00e7at\u0131 pencereleri, veranda kap\u0131lar\u0131, merdiven bo\u015flu\u011fu camlar\u0131, atriyum muhafazalar\u0131<\/p>\n<p data-start=\"1295\" data-end=\"1619\">Tedarik ve Destek<br data-start=\"1311\" data-end=\"1314\" \/>A\u015famal\u0131 s\u00fcr\u00fcmler i\u00e7in H\u0131zl\u0131 Teslimat S\u00fcresi planlamas\u0131 ile tekrarlanan programlar i\u00e7in Hacimli \u00dcretim mevcuttur. \u015eirket \u0130\u00e7i Kalite Kontrol, tutarl\u0131 montaj kontrollerini destekler ve Sand\u0131k Paketleme ile \u0130hracat Ambalaj\u0131 d\u00fczenlenebilir. At\u00f6lye \u00c7izimi ve \u00e7izim inceleme deste\u011fi mevcuttur; Standartlara uygunluk talep \u00fczerine sa\u011flanabilir.<\/p>","protected":false},"excerpt":{"rendered":"<p>\u0130yi \u00fcretilmi\u015f bir IGU, daha konforlu odalara ve genel olarak daha az yo\u011fu\u015fma riskine giden en h\u0131zl\u0131 yoldur. Fabrikadan do\u011frudan, sipari\u015f \u00fczerine \u00fcretilen yal\u0131t\u0131m cam\u0131 \u00fcnitelerimiz, konut pencereleri ve ticari giydirme cephe sistemleri i\u00e7in tutarl\u0131 bir uyumla tedarik edilir.<\/p>","protected":false},"featured_media":680,"template":"","meta":{"_gspb_post_css":""},"product_brand":[],"product_cat":[25],"product_tag":[66,232,64,230,228,57,229,233,234,60,231],"class_list":{"0":"post-679","1":"product","2":"type-product","3":"status-publish","4":"has-post-thumbnail","6":"product_cat-insulating-glass-igu","7":"product_tag-bulk-supply","8":"product_tag-curtain-wall-igu","9":"product_tag-custom-size","10":"product_tag-double-glazing","11":"product_tag-factory-direct-custom-insulating-glass-igu","12":"product_tag-insulated-glass-unit","13":"product_tag-low-e-igu","14":"product_tag-skylight-igu","15":"product_tag-storefront-igu","16":"product_tag-warm-edge-spacer","17":"product_tag-window-igu","19":"first","20":"instock","21":"shipping-taxable","22":"purchasable","23":"product-type-simple"},"_links":{"self":[{"href":"https:\/\/theinsulatedglass.com\/tr\/wp-json\/wp\/v2\/product\/679","targetHints":{"allow":["GET"]}}],"collection":[{"href":"https:\/\/theinsulatedglass.com\/tr\/wp-json\/wp\/v2\/product"}],"about":[{"href":"https:\/\/theinsulatedglass.com\/tr\/wp-json\/wp\/v2\/types\/product"}],"wp:featuredmedia":[{"embeddable":true,"href":"https:\/\/theinsulatedglass.com\/tr\/wp-json\/wp\/v2\/media\/680"}],"wp:attachment":[{"href":"https:\/\/theinsulatedglass.com\/tr\/wp-json\/wp\/v2\/media?parent=679"}],"wp:term":[{"taxonomy":"product_brand","embeddable":true,"href":"https:\/\/theinsulatedglass.com\/tr\/wp-json\/wp\/v2\/product_brand?post=679"},{"taxonomy":"product_cat","embeddable":true,"href":"https:\/\/theinsulatedglass.com\/tr\/wp-json\/wp\/v2\/product_cat?post=679"},{"taxonomy":"product_tag","embeddable":true,"href":"https:\/\/theinsulatedglass.com\/tr\/wp-json\/wp\/v2\/product_tag?post=679"}],"curies":[{"name":"wp","href":"https:\/\/api.w.org\/{rel}","templated":true}]}}