{"id":687,"date":"2026-01-27T09:01:17","date_gmt":"2026-01-27T09:01:17","guid":{"rendered":"https:\/\/theinsulatedglass.com\/?post_type=product&#038;p=687"},"modified":"2026-01-27T09:01:17","modified_gmt":"2026-01-27T09:01:17","slug":"clear-noise-control-acoustic-laminated-glass-for-business","status":"publish","type":"product","link":"https:\/\/theinsulatedglass.com\/tr\/clear-noise-control-acoustic-laminated-glass-for-business\/","title":{"rendered":"\u0130\u015fletmeler \u0130\u00e7in \u015eeffaf G\u00fcr\u00fclt\u00fc Kontroll\u00fc Akustik Lamine Cam"},"content":{"rendered":"<p data-start=\"70\" data-end=\"385\">Genel Bak\u0131\u015f<br data-start=\"78\" data-end=\"81\" \/>Sakin bir \u00e7al\u0131\u015fma alan\u0131 hala a\u00e7\u0131k g\u00f6r\u00fcnebilir. \u015eeffaf g\u00fcr\u00fclt\u00fc kontroll\u00fc akustik lamine cam, tasar\u0131mc\u0131lar\u0131n istedi\u011fi \u015feffaf, \u00fcst d\u00fczey g\u00f6r\u00fcn\u00fcm\u00fc korurken, b\u00f6lgeler aras\u0131nda dikkat da\u011f\u0131t\u0131c\u0131 ses aktar\u0131m\u0131n\u0131 azaltmaya yard\u0131mc\u0131 olur. Lamine yap\u0131 ayr\u0131ca k\u0131r\u0131lma durumunda tutuculu\u011fu art\u0131rarak daha g\u00fcvenli i\u00e7 mekanlar\u0131 destekler.<\/p>\n<p data-start=\"389\" data-end=\"403\">Temel \u00d6zellikler<\/p>\n<p data-start=\"406\" data-end=\"467\">\u00dcst\u00fcn bir g\u00f6rsel y\u00fczey i\u00e7in temiz, d\u00fc\u015f\u00fck tonlu bir g\u00f6r\u00fcn\u00fcm\u00fc koruyun<\/p>\n<p data-start=\"470\" data-end=\"538\">Alg\u0131lanan gizlili\u011fi art\u0131rmak i\u00e7in konu\u015fma ve orta frekans g\u00fcr\u00fclt\u00fcs\u00fcn\u00fc azalt\u0131n<\/p>\n<p data-start=\"541\" data-end=\"610\">Ara katman yap\u0131s\u0131 sayesinde k\u0131r\u0131lma sonras\u0131 tutu\u015fu art\u0131r\u0131r<\/p>\n<p data-start=\"613\" data-end=\"687\">\u00c7er\u00e7evelerde ve kanallarda net \u00e7izgiler i\u00e7in kenarlar\u0131 ve k\u00f6\u015feleri tutarl\u0131 tutun<\/p>\n<p data-start=\"690\" data-end=\"772\">Toplu kontroll\u00fc i\u015fleme ile birden fazla alanda istikrarl\u0131 esteti\u011fi destekleyin<\/p>\n<p data-start=\"776\" data-end=\"801\">Se\u00e7enekler &amp; \u00d6zelle\u015ftirme<\/p>\n<p data-start=\"804\" data-end=\"878\">\u00d6zel Boyut \/ Sipari\u015f \u00dczerine \u00dcretilen paneller \u00e7izimlere ve a\u00e7\u0131l\u0131\u015f programlar\u0131na g\u00f6re kesilir<\/p>\n<p data-start=\"881\" data-end=\"948\">Akustik ara katman se\u00e7imleri ve yap\u0131lar\u0131 istek \u00fczerine mevcuttur<\/p>\n<p data-start=\"951\" data-end=\"1029\">Daha y\u00fcksek sa\u011flaml\u0131k i\u00e7in istek \u00fczerine temperli + lamine kombinasyonlar mevcuttur<\/p>\n<p data-start=\"1032\" data-end=\"1102\">Yama ba\u011flant\u0131 par\u00e7alar\u0131 ve kap\u0131 donan\u0131m\u0131 i\u00e7in delikler, \u00e7entikler ve CNC kesikleri<\/p>\n<p data-start=\"1105\" data-end=\"1185\">Entegre performans i\u00e7in talep \u00fczerine \u015feffaf, renkli veya kaplamal\u0131 camlar mevcuttur<\/p>\n<p data-start=\"1189\" data-end=\"1389\">Tipik Uygulamalar<br data-start=\"1209\" data-end=\"1212\" \/>Ofis b\u00f6lmeleri, toplant\u0131 odas\u0131 cepheleri, y\u00f6netici ofisleri, resepsiyon ekranlar\u0131, e\u011fitim odalar\u0131, perakende vitrin camlar\u0131, otel i\u015f merkezleri, \u00e7a\u011fr\u0131 odalar\u0131, koridor yanlar\u0131<\/p>\n<p data-start=\"1393\" data-end=\"1703\">Tedarik ve Destek<br data-start=\"1409\" data-end=\"1412\" \/>Hacimli \u00dcretim planlamas\u0131 ve a\u015famal\u0131 teslimatlar i\u00e7in \u0130stikrarl\u0131 Teslimat S\u00fcresi koordinasyonu ile Fabrika Do\u011frudan Toplu Tedarik. Kalite \u0130zlenebilirli\u011fi ile \u015eirket \u0130\u00e7i Kalite Kontrol, ayr\u0131ca g\u00fcvenli sevkiyat i\u00e7in \u0130hracat Ambalaj\u0131 ve Kasa Ambalaj\u0131. At\u00f6lye \u00c7izimi deste\u011fi mevcuttur; Standartlara uygunluk talep \u00fczerine sa\u011flan\u0131r.<\/p>","protected":false},"excerpt":{"rendered":"<p>Dikkat da\u011f\u0131t\u0131c\u0131 ses iletimini azalt\u0131rken i\u00e7 mekanlar\u0131 g\u00f6rsel olarak a\u00e7\u0131k tutun. \u015eeffaf akustik lamine cam\u0131m\u0131z, ofis b\u00f6lmeleri ve toplant\u0131 odas\u0131 cepheleri i\u00e7in tutarl\u0131 kenar kalitesiyle sipari\u015f \u00fczerine \u00fcretilir ve i\u015fletmelerin g\u00fcn \u0131\u015f\u0131\u011f\u0131ndan \u00f6d\u00fcn vermeden daha sessiz, daha konforlu alanlar yaratmas\u0131na yard\u0131mc\u0131 olur.<\/p>","protected":false},"featured_media":688,"template":"","meta":{"_gspb_post_css":""},"product_brand":[],"product_cat":[30],"product_tag":[239,237,66,236,235,64,97,240,136,242,241,238],"class_list":{"0":"post-687","1":"product","2":"type-product","3":"status-publish","4":"has-post-thumbnail","6":"product_cat-laminated-glass","7":"product_tag-acoustic-igu","8":"product_tag-acoustic-pvb-interlayer","9":"product_tag-bulk-supply","10":"product_tag-clear-acoustic-laminated-glass","11":"product_tag-clear-noise-control-acoustic-laminated-glass-for-business","12":"product_tag-custom-size","13":"product_tag-factory-direct","14":"product_tag-meeting-room-glazing","15":"product_tag-office-partition-glass","16":"product_tag-reception-screen-glass","17":"product_tag-storefront-window-glass","18":"product_tag-tempered-laminated-glass","20":"first","21":"instock","22":"shipping-taxable","23":"purchasable","24":"product-type-simple"},"_links":{"self":[{"href":"https:\/\/theinsulatedglass.com\/tr\/wp-json\/wp\/v2\/product\/687","targetHints":{"allow":["GET"]}}],"collection":[{"href":"https:\/\/theinsulatedglass.com\/tr\/wp-json\/wp\/v2\/product"}],"about":[{"href":"https:\/\/theinsulatedglass.com\/tr\/wp-json\/wp\/v2\/types\/product"}],"wp:featuredmedia":[{"embeddable":true,"href":"https:\/\/theinsulatedglass.com\/tr\/wp-json\/wp\/v2\/media\/688"}],"wp:attachment":[{"href":"https:\/\/theinsulatedglass.com\/tr\/wp-json\/wp\/v2\/media?parent=687"}],"wp:term":[{"taxonomy":"product_brand","embeddable":true,"href":"https:\/\/theinsulatedglass.com\/tr\/wp-json\/wp\/v2\/product_brand?post=687"},{"taxonomy":"product_cat","embeddable":true,"href":"https:\/\/theinsulatedglass.com\/tr\/wp-json\/wp\/v2\/product_cat?post=687"},{"taxonomy":"product_tag","embeddable":true,"href":"https:\/\/theinsulatedglass.com\/tr\/wp-json\/wp\/v2\/product_tag?post=687"}],"curies":[{"name":"wp","href":"https:\/\/api.w.org\/{rel}","templated":true}]}}