{"id":701,"date":"2026-01-27T09:24:39","date_gmt":"2026-01-27T09:24:39","guid":{"rendered":"https:\/\/theinsulatedglass.com\/?post_type=product&#038;p=701"},"modified":"2026-01-27T09:24:39","modified_gmt":"2026-01-27T09:24:39","slug":"useful-structural-glazing-glass-curtain-wall-glass","status":"publish","type":"product","link":"https:\/\/theinsulatedglass.com\/tr\/useful-structural-glazing-glass-curtain-wall-glass\/","title":{"rendered":"Faydal\u0131 Yap\u0131sal Cam Cam Giydirme Cephe Cam\u0131"},"content":{"rendered":"<p data-start=\"63\" data-end=\"379\">Genel Bak\u0131\u015f<br data-start=\"71\" data-end=\"74\" \/>Yo\u011fun kentsel koridorlarda, yap\u0131sal cam giydirme cephe cam\u0131 d\u0131\u015f cephe hatt\u0131ndan daha fazlas\u0131n\u0131 etkiler; i\u00e7 mekan konforunu \u015fekillendirmeye yard\u0131mc\u0131 olur. Lamine veya IGU yap\u0131lar olarak belirtilen camlar, d\u0131\u015f g\u00fcr\u00fclt\u00fcy\u00fc yumu\u015fatabilir, parlamay\u0131 s\u0131n\u0131rlayabilir ve yap\u0131\u015ft\u0131r\u0131lm\u0131\u015f veya mekanik olarak tutturulmu\u015f giydirme cephe detaylar\u0131na uyarken manzaray\u0131 net tutabilir.<\/p>\n<p data-start=\"383\" data-end=\"797\">Temel \u00d6zellikler<br data-start=\"395\" data-end=\"398\" \/>\u00a0Lamine veya IGU yap\u0131larla yap\u0131land\u0131r\u0131ld\u0131\u011f\u0131nda akustik sakinli\u011fi art\u0131rmaya yard\u0131mc\u0131 olur<br data-start=\"479\" data-end=\"482\" \/>\u00a0\u0130ste\u011fe ba\u011fl\u0131 Low-E veya renkli se\u00e7eneklerle g\u00fcn \u0131\u015f\u0131\u011f\u0131 ve g\u00f6rsel konforu dengeler<br data-start=\"561\" data-end=\"564\" \/>\u00a0Temperlenmi\u015f veya \u0131s\u0131l i\u015flem g\u00f6rm\u00fc\u015f i\u015fleme se\u00e7eneklerini kullanarak cephe tasar\u0131m y\u00fcklerini destekler<br data-start=\"644\" data-end=\"647\" \/>\u00a0Kontroll\u00fc kenar kalitesi ve d\u00fczl\u00fc\u011f\u00fc sayesinde s\u0131zd\u0131rmazl\u0131k g\u00fcvenilirli\u011fini korur<br data-start=\"720\" data-end=\"723\" \/>\u00a0Yap\u0131sal silikon cam ve \u00e7er\u00e7eveli sistemlerle temiz bir \u015fekilde entegre olur<\/p>\n<p data-start=\"801\" data-end=\"1290\">Se\u00e7enekler &amp; \u00d6zelle\u015ftirme<br data-start=\"824\" data-end=\"827\" \/>\u00a0\u015eebeke ve mod\u00fcl planlamas\u0131na uyacak \u015fekilde \u00d6zel Boyutta Sipari\u015f \u00dczerine \u00dcretilen paneller<br data-start=\"898\" data-end=\"901\" \/>\u00a0Perde duvar yakalama ve \u0131s\u0131rma gereksinimleri i\u00e7in kenar i\u015f\u00e7ili\u011fi se\u00e7enekleri<br data-start=\"966\" data-end=\"969\" \/>\u00a0Ankrajlar, havaland\u0131rma delikleri ve cephe donan\u0131m\u0131 i\u00e7in delikler, \u00e7entikler ve CNC kesikleri<\/p>\n<p data-start=\"801\" data-end=\"1290\">\u00a0G\u00fcvenlik veya konfor hedefleri i\u00e7in lamine ara katmanlar, istek \u00fczerine sa\u011flan\u0131r<br data-start=\"1119\" data-end=\"1122\" \/>\u00a0Kaplama ve ara par\u00e7a se\u00e7imleri dahil olmak \u00fczere IGU konfig\u00fcrasyonlar\u0131 istek \u00fczerine mevcuttur<br data-start=\"1204\" data-end=\"1207\" \/>\u00a0Kalk\u0131\u015f, etiketleme ve montaj mant\u0131\u011f\u0131 i\u00e7in At\u00f6lye \u00c7izimi ve \u00c7izim Deste\u011fi<\/p>\n<p data-start=\"1294\" data-end=\"1501\">Tipik Uygulamalar<br data-start=\"1314\" data-end=\"1317\" \/>Birle\u015ftirilmi\u015f giydirme cepheler, stick-built giydirme cepheler, yap\u0131sal silikon camlar, y\u00fcksek katl\u0131 cepheler, otel zarflar\u0131, ofis kuleleri, konut kuleleri, atriyum duvarlar\u0131, podyum vitrinleri.<\/p>\n<p data-start=\"1505\" data-end=\"1761\">Tedarik ve Destek<br data-start=\"1521\" data-end=\"1524\" \/>A\u015famal\u0131 proje teslimatlar\u0131 i\u00e7in H\u0131zl\u0131 Teslimat S\u00fcresi planlamas\u0131 ile Toplu Tedarik. Sistem ortaklar\u0131 i\u00e7in, \u015eirket \u0130\u00e7i Kalite Kontrol ve \u00fcretim kay\u0131tlar\u0131 ile desteklenen OEM\/ODM Hizmeti mevcuttur. \u0130hracat Ambalaj\u0131 sa\u011flan\u0131r; Standartlara uygunluk talep \u00fczerine mevcuttur.<\/p>","protected":false},"excerpt":{"rendered":"<p>Kullan\u0131c\u0131 konforunun \u00f6nemli oldu\u011fu cepheler i\u00e7in \u00f6zel olarak tasarlanm\u0131\u015f str\u00fckt\u00fcrel cam giydirme cephe cam\u0131. Temiz g\u00f6r\u00fc\u015f hatlar\u0131ndan \u00f6d\u00fcn vermeden akustik sakinli\u011fi ve parlama kontrol\u00fcn\u00fc iyile\u015ftirmek i\u00e7in lamine ve IGU se\u00e7eneklerini se\u00e7in, y\u00fcksek binalarda birle\u015ftirilmi\u015f giydirme cephe sistemleri i\u00e7in idealdir.<\/p>","protected":false},"featured_media":702,"template":"","meta":{"_gspb_post_css":""},"product_brand":[],"product_cat":[41],"product_tag":[66,62,64,251,250,252,86,65,254,249,253,248],"class_list":{"0":"post-701","1":"product","2":"type-product","3":"status-publish","4":"has-post-thumbnail","6":"product_cat-curtain-wall-glass","7":"product_tag-bulk-supply","8":"product_tag-curtain-wall-glazing","9":"product_tag-custom-size","10":"product_tag-igu-curtain-wall-glass","11":"product_tag-laminated-glass-for-facades","12":"product_tag-low-e-coating-option","13":"product_tag-oem-odm-service","14":"product_tag-shop-drawing-support","15":"product_tag-structural-silicone-glazing","16":"product_tag-tempered-glass-panels","17":"product_tag-unitized-facade-glass","18":"product_tag-useful-structural-glazing-glass-curtain-wall-glass","20":"first","21":"instock","22":"shipping-taxable","23":"purchasable","24":"product-type-simple"},"_links":{"self":[{"href":"https:\/\/theinsulatedglass.com\/tr\/wp-json\/wp\/v2\/product\/701","targetHints":{"allow":["GET"]}}],"collection":[{"href":"https:\/\/theinsulatedglass.com\/tr\/wp-json\/wp\/v2\/product"}],"about":[{"href":"https:\/\/theinsulatedglass.com\/tr\/wp-json\/wp\/v2\/types\/product"}],"wp:featuredmedia":[{"embeddable":true,"href":"https:\/\/theinsulatedglass.com\/tr\/wp-json\/wp\/v2\/media\/702"}],"wp:attachment":[{"href":"https:\/\/theinsulatedglass.com\/tr\/wp-json\/wp\/v2\/media?parent=701"}],"wp:term":[{"taxonomy":"product_brand","embeddable":true,"href":"https:\/\/theinsulatedglass.com\/tr\/wp-json\/wp\/v2\/product_brand?post=701"},{"taxonomy":"product_cat","embeddable":true,"href":"https:\/\/theinsulatedglass.com\/tr\/wp-json\/wp\/v2\/product_cat?post=701"},{"taxonomy":"product_tag","embeddable":true,"href":"https:\/\/theinsulatedglass.com\/tr\/wp-json\/wp\/v2\/product_tag?post=701"}],"curies":[{"name":"wp","href":"https:\/\/api.w.org\/{rel}","templated":true}]}}