{"id":708,"date":"2026-01-27T09:32:42","date_gmt":"2026-01-27T09:32:42","guid":{"rendered":"https:\/\/theinsulatedglass.com\/?post_type=product&#038;p=708"},"modified":"2026-01-27T09:32:42","modified_gmt":"2026-01-27T09:32:42","slug":"factory-direct-bent-tempered-glass-curved-tempered-glass","status":"publish","type":"product","link":"https:\/\/theinsulatedglass.com\/tr\/factory-direct-bent-tempered-glass-curved-tempered-glass\/","title":{"rendered":"Fabrika Do\u011frudan B\u00fck\u00fclm\u00fc\u015f Temperli Cam Kavisli Temperli Cam"},"content":{"rendered":"<p data-start=\"69\" data-end=\"438\">Genel Bak\u0131\u015f<br data-start=\"77\" data-end=\"80\" \/>Kavisler bir oday\u0131 yumu\u015fatabilir ve g\u00f6r\u00fc\u015f hatlar\u0131n\u0131 y\u00f6nlendirebilir, ancak ayn\u0131 zamanda yans\u0131ma ve gizlilik zorluklar\u0131na da neden olurlar. B\u00fck\u00fclm\u00fc\u015f temperli cam, yar\u0131\u00e7ap\u0131n\u0131 tutarl\u0131 bir \u015fekilde tutacak \u015fekilde tasarlanm\u0131\u015ft\u0131r ve tasar\u0131mc\u0131lara g\u00fcvenli\u011fi ak\u0131lda tutarken daha temiz bir g\u00f6rsel ak\u0131\u015f sa\u011flar. Daha y\u00fcksek konfor hedefleri i\u00e7in, kavisli montajlar iste\u011fe ba\u011fl\u0131 olarak kaplamalar, frit veya lamine yap\u0131larla e\u015fle\u015ftirilebilir.<\/p>\n<p data-start=\"442\" data-end=\"844\">Temel \u00d6zellikler<br data-start=\"454\" data-end=\"457\" \/>\u00a0Tutarl\u0131 ba\u011flant\u0131lar ve donan\u0131m hizalamas\u0131 i\u00e7in sabit e\u011frili\u011fi korur<br data-start=\"530\" data-end=\"533\" \/>\u00a0S\u0131k temas edilen mimari alanlar i\u00e7in temperlenmi\u015f g\u00fcvenlik performans\u0131 sunar<br data-start=\"612\" data-end=\"615\" \/>\u00a0\u0130ste\u011fe ba\u011fl\u0131 frit, renk tonu veya arkadan boyal\u0131 y\u00fczeyler ile gizlilik stratejilerini destekler<br data-start=\"695\" data-end=\"698\" \/>\u00a0Kontroll\u00fc y\u00fczey i\u015flemlerine olanak sa\u011flayarak dikkat da\u011f\u0131t\u0131c\u0131 yans\u0131malar\u0131 azalt\u0131r<br data-start=\"773\" data-end=\"776\" \/>\u00a0Parlat\u0131lm\u0131\u015f kenarlar ve hassas kesiklerle temiz detayland\u0131rma sa\u011flar<\/p>\n<p data-start=\"848\" data-end=\"1341\">Se\u00e7enekler &amp; \u00d6zelle\u015ftirme<br data-start=\"871\" data-end=\"874\" \/>\u00a0\u015eablonlara ve a\u00e7\u0131l\u0131\u015f geometrisine uyacak \u015fekilde \u00d6zel Boyutta Sipari\u015f \u00dczerine \u00dcretim<br data-start=\"955\" data-end=\"958\" \/>\u00a0Proje Spesifikasyonuna g\u00f6re sa\u011flanan yar\u0131\u00e7ap \/ yay tipi ve b\u00fckme y\u00f6n\u00fc<br data-start=\"1025\" data-end=\"1028\" \/>\u00a0Kelep\u00e7e, mente\u015fe veya kanal sabitlemeye g\u00f6re uyarlanm\u0131\u015f kenar ve k\u00f6\u015fe i\u015fleme<br data-start=\"1104\" data-end=\"1107\" \/>\u00a0Ba\u011flant\u0131 par\u00e7alar\u0131 ve braketler i\u00e7in delikler, \u00e7entikler ve CNC kesikleri mevcuttur<br data-start=\"1176\" data-end=\"1179\" \/>\u00a0Daha fazla konfor hedefleri i\u00e7in talep \u00fczerine lamine kavisli cam se\u00e7ene\u011fi mevcuttur<br data-start=\"1255\" data-end=\"1258\" \/>\u00a0Onay ve montaj kontrolleri i\u00e7in Shop Drawing ve Drawing Support mevcuttur<\/p>\n<p data-start=\"1345\" data-end=\"1577\">Tipik Uygulamalar<br data-start=\"1365\" data-end=\"1368\" \/>Kavisli du\u015f ekranlar\u0131, otel lobisi \u00f6zellik camlar\u0131, resepsiyon masas\u0131 cepheleri, ofis b\u00f6lmeleri, kavisli korkuluk dolgular\u0131, spiral merdiven korumalar\u0131, kavisli cephe vurgular\u0131, asans\u00f6r kabin panelleri, perakende te\u015fhir camlar\u0131.<\/p>\n<p data-start=\"1581\" data-end=\"1881\">Tedarik ve Destek<br data-start=\"1597\" data-end=\"1600\" \/>Hacimli \u00fcretim veya a\u015famal\u0131 teslimat i\u00e7in \u0130stikrarl\u0131 Teslimat S\u00fcresi planlamas\u0131 ile Fabrika Do\u011frudan tedariki. \u015eirket \u0130\u00e7i Kalite Kontrol ve Kalite \u0130zlenebilirli\u011fi, deniza\u015f\u0131r\u0131 nakliye i\u00e7in \u0130hracat Ambalaj\u0131 ve Kasa Ambalaj\u0131 ile \u00fcretim kay\u0131tlar\u0131 arac\u0131l\u0131\u011f\u0131yla korunur. Standartlara uygunluk istek \u00fczerine mevcuttur.<\/p>","protected":false},"excerpt":{"rendered":"<p>Kavisli temperli cam, rahat ve parlamaya kar\u015f\u0131 duyarl\u0131 bir g\u00f6rsel ak\u0131\u015fa ihtiya\u00e7 duyan tasar\u0131mlara p\u00fcr\u00fczs\u00fcz geometri ve g\u00fcvenlik performans\u0131 getirir. Sipari\u015fe g\u00f6re b\u00fckme ve son i\u015flem, d\u00fcz panellerin sert hissettirdi\u011fi birinci s\u0131n\u0131f kavisli du\u015f ekranlar\u0131n\u0131 ve otel lobisi \u00f6zellikli camlar\u0131 destekler.<\/p>","protected":false},"featured_media":710,"template":"","meta":{"_gspb_post_css":""},"product_brand":[],"product_cat":[21],"product_tag":[256,261,262,259,257,64,97,255,260,258,113,263],"class_list":{"0":"post-708","1":"product","2":"type-product","3":"status-publish","4":"has-post-thumbnail","6":"product_cat-curved-tempered-glass","7":"product_tag-bent-tempered-glass","8":"product_tag-curved-balustrade-glass","9":"product_tag-curved-facade-glazing","10":"product_tag-curved-shower-screen-glass","11":"product_tag-curved-tempered-glass","12":"product_tag-custom-size","13":"product_tag-factory-direct","14":"product_tag-factory-direct-bent-tempered-glass-curved-tempered-glass","15":"product_tag-hotel-partition-glass","16":"product_tag-laminated-curved-glass-option","17":"product_tag-tempered-safety-glass","18":"product_tag-volume-production","20":"first","21":"instock","22":"shipping-taxable","23":"purchasable","24":"product-type-simple"},"_links":{"self":[{"href":"https:\/\/theinsulatedglass.com\/tr\/wp-json\/wp\/v2\/product\/708","targetHints":{"allow":["GET"]}}],"collection":[{"href":"https:\/\/theinsulatedglass.com\/tr\/wp-json\/wp\/v2\/product"}],"about":[{"href":"https:\/\/theinsulatedglass.com\/tr\/wp-json\/wp\/v2\/types\/product"}],"wp:featuredmedia":[{"embeddable":true,"href":"https:\/\/theinsulatedglass.com\/tr\/wp-json\/wp\/v2\/media\/710"}],"wp:attachment":[{"href":"https:\/\/theinsulatedglass.com\/tr\/wp-json\/wp\/v2\/media?parent=708"}],"wp:term":[{"taxonomy":"product_brand","embeddable":true,"href":"https:\/\/theinsulatedglass.com\/tr\/wp-json\/wp\/v2\/product_brand?post=708"},{"taxonomy":"product_cat","embeddable":true,"href":"https:\/\/theinsulatedglass.com\/tr\/wp-json\/wp\/v2\/product_cat?post=708"},{"taxonomy":"product_tag","embeddable":true,"href":"https:\/\/theinsulatedglass.com\/tr\/wp-json\/wp\/v2\/product_tag?post=708"}],"curies":[{"name":"wp","href":"https:\/\/api.w.org\/{rel}","templated":true}]}}