{"id":716,"date":"2026-01-27T09:39:57","date_gmt":"2026-01-27T09:39:57","guid":{"rendered":"https:\/\/theinsulatedglass.com\/?post_type=product&#038;p=716"},"modified":"2026-01-27T09:39:57","modified_gmt":"2026-01-27T09:39:57","slug":"energy-upgrade-useful-triple-glazed-low-e-insulating-glass","status":"publish","type":"product","link":"https:\/\/theinsulatedglass.com\/tr\/energy-upgrade-useful-triple-glazed-low-e-insulating-glass\/","title":{"rendered":"Enerji Y\u00fckseltmesi Faydal\u0131 \u00dc\u00e7l\u00fc Caml\u0131 Low-E Yal\u0131t\u0131m Cam\u0131"},"content":{"rendered":"<p data-start=\"71\" data-end=\"472\">Genel Bak\u0131\u015f<br data-start=\"79\" data-end=\"82\" \/>Cephede bir enerji y\u00fckseltmesinin koordine edilmesi genellikle \u00e7izim setiyle ba\u015flar ve kurulumu a\u015f\u0131r\u0131 karma\u015f\u0131k hale getirmeden konfor hedeflerini kar\u015f\u0131lamak i\u00e7in \u00fc\u00e7 caml\u0131 Low-E yal\u0131t\u0131m cam\u0131 belirlenir. \u00dc\u00e7 b\u00f6lme ve s\u0131zd\u0131rmaz bo\u015fluklar i\u00e7 s\u0131cakl\u0131\u011f\u0131 dengelemeye ve so\u011fuk y\u00fczey etkilerini azaltmaya yard\u0131mc\u0131 olur. Low-E kaplama se\u00e7enekleri, \u00fcnitenin projenin g\u00fcne\u015f ve g\u00fcn \u0131\u015f\u0131\u011f\u0131 amac\u0131na g\u00f6re ayarlanmas\u0131na olanak tan\u0131r.<\/p>\n<p data-start=\"476\" data-end=\"829\">Temel \u00d6zellikler<br data-start=\"488\" data-end=\"491\" \/>\u00a0\u00dc\u00e7l\u00fc IGU yap\u0131s\u0131 sayesinde termal performans\u0131 art\u0131r\u0131r<br data-start=\"553\" data-end=\"556\" \/>\u00a0Low-E y\u00fczey se\u00e7enekleri ile radyant \u0131s\u0131 kayb\u0131n\u0131 azalt\u0131r<br data-start=\"609\" data-end=\"612\" \/>\u00a0\u0130\u00e7 cam\u0131 daha s\u0131cak tutarak yo\u011fu\u015fma riskini azaltmaya yard\u0131mc\u0131 olur<br data-start=\"674\" data-end=\"677\" \/>\u00a0Kontroll\u00fc ara par\u00e7a hizalamas\u0131 ile tutarl\u0131 g\u00f6r\u00fc\u015f hatlar\u0131 sa\u011flar<\/p>\n<p data-start=\"476\" data-end=\"829\">\u00a0Talep \u00fczerine temperli veya lamine camlarla e\u015fle\u015ftirildi\u011finde daha g\u00fcvenli makyajlar\u0131 destekler<\/p>\n<p data-start=\"833\" data-end=\"1295\">Se\u00e7enekler &amp; \u00d6zelle\u015ftirme<br data-start=\"856\" data-end=\"859\" \/>\u00a0Mod\u00fcllere ve at\u00f6lye toleranslar\u0131na uyacak \u015fekilde \u00d6zel Boyutta Sipari\u015f \u00dczerine \u00dcretim<br data-start=\"937\" data-end=\"940\" \/>\u00a0Kaplama yerle\u015fimi, etiketleme ve birim oryantasyonu i\u00e7in Proje Spesifikasyonu ve At\u00f6lye \u00c7izimi deste\u011fi<br data-start=\"1033\" data-end=\"1036\" \/>\u00a0Se\u00e7ilebilir cam makyajlar\u0131: tavlanm\u0131\u015f \/ temperlenmi\u015f \/ lamine kombinasyonlar\u0131 gerekti\u011fi gibi<br data-start=\"1121\" data-end=\"1124\" \/>\u00a0Talep \u00fczerine s\u0131cak kenar se\u00e7imleri de dahil olmak \u00fczere ara par\u00e7a tipi ve renk se\u00e7enekleri<\/p>\n<p data-start=\"833\" data-end=\"1295\">\u00a0Farkl\u0131 iklimler ve y\u00fckseklikler i\u00e7in talep \u00fczerine gaz dolumu ve performans ayar\u0131 mevcuttur<\/p>\n<p data-start=\"1299\" data-end=\"1501\">Tipik Uygulamalar<br data-start=\"1319\" data-end=\"1322\" \/>Birle\u015ftirilmi\u015f giydirme cephe IGU'lar\u0131, y\u00fcksek performansl\u0131 pencereler, \u00e7at\u0131 pencereleri, cephe \u015feritleri, atriyum camlar\u0131, konut kuleleri, ofis zarflar\u0131, so\u011fuk iklim yenilemeleri, showroom cepheleri.<\/p>\n<p data-start=\"1505\" data-end=\"1796\">Tedarik ve Destek<br data-start=\"1521\" data-end=\"1524\" \/>A\u015famal\u0131 teslimatlar i\u00e7in H\u0131zl\u0131 Teslimat S\u00fcresi planlamas\u0131 ile Toplu Tedarik programlar\u0131 mevcuttur. Kalite \u0130zlenebilirli\u011fi ile \u015eirket \u0130\u00e7i Kalite Kontrol, transit koruma i\u00e7in \u0130hracat Ambalaj\u0131 ve Kasa Ambalaj\u0131 ile tutarl\u0131 m\u00fch\u00fcrleme ve paketlemeyi destekler. Standartlara uygunluk istek \u00fczerine mevcuttur.<\/p>","protected":false},"excerpt":{"rendered":"<p>\u00dc\u00e7 caml\u0131 Low-E yal\u0131t\u0131m cam\u0131, konforu art\u0131rmak ve \u0131s\u0131 transferini azaltmak i\u00e7in \u00fc\u00e7 ledi birle\u015ftirerek zorlu zarflar i\u00e7in bir enerji y\u00fckseltmesidir. Sabit i\u00e7 ortam s\u0131cakl\u0131\u011f\u0131 ve yo\u011fu\u015fma direncinin \u00f6nemli oldu\u011fu y\u00fcksek performansl\u0131 pencereler ve giydirme cephe \u00fcniteleri i\u00e7in sipari\u015f \u00fczerine tedarik edilir.<\/p>","protected":false},"featured_media":717,"template":"","meta":{"_gspb_post_css":""},"product_brand":[],"product_cat":[26],"product_tag":[66,232,64,264,271,267,270,266,269,265,268],"class_list":{"0":"post-716","1":"product","2":"type-product","3":"status-publish","4":"has-post-thumbnail","6":"product_cat-low-e-insulating-glass","7":"product_tag-bulk-supply","8":"product_tag-curtain-wall-igu","9":"product_tag-custom-size","10":"product_tag-energy-upgrade-useful-triple-glazed-low-e-insulating-glass","11":"product_tag-high-performance-windows","12":"product_tag-insulated-glass-unit-igu","13":"product_tag-laminated-glass-make-up","14":"product_tag-low-e-insulating-glass","15":"product_tag-tempered-glass-make-up","16":"product_tag-triple-glazed-igu","17":"product_tag-warm-edge-spacer-option","19":"first","20":"instock","21":"shipping-taxable","22":"purchasable","23":"product-type-simple"},"_links":{"self":[{"href":"https:\/\/theinsulatedglass.com\/tr\/wp-json\/wp\/v2\/product\/716","targetHints":{"allow":["GET"]}}],"collection":[{"href":"https:\/\/theinsulatedglass.com\/tr\/wp-json\/wp\/v2\/product"}],"about":[{"href":"https:\/\/theinsulatedglass.com\/tr\/wp-json\/wp\/v2\/types\/product"}],"wp:featuredmedia":[{"embeddable":true,"href":"https:\/\/theinsulatedglass.com\/tr\/wp-json\/wp\/v2\/media\/717"}],"wp:attachment":[{"href":"https:\/\/theinsulatedglass.com\/tr\/wp-json\/wp\/v2\/media?parent=716"}],"wp:term":[{"taxonomy":"product_brand","embeddable":true,"href":"https:\/\/theinsulatedglass.com\/tr\/wp-json\/wp\/v2\/product_brand?post=716"},{"taxonomy":"product_cat","embeddable":true,"href":"https:\/\/theinsulatedglass.com\/tr\/wp-json\/wp\/v2\/product_cat?post=716"},{"taxonomy":"product_tag","embeddable":true,"href":"https:\/\/theinsulatedglass.com\/tr\/wp-json\/wp\/v2\/product_tag?post=716"}],"curies":[{"name":"wp","href":"https:\/\/api.w.org\/{rel}","templated":true}]}}