{"id":723,"date":"2026-01-27T09:46:52","date_gmt":"2026-01-27T09:46:52","guid":{"rendered":"https:\/\/theinsulatedglass.com\/?post_type=product&#038;p=723"},"modified":"2026-01-27T09:46:52","modified_gmt":"2026-01-27T09:46:52","slug":"supply-anti-shatter-security-glass-explosion-proof-glass","status":"publish","type":"product","link":"https:\/\/theinsulatedglass.com\/tr\/supply-anti-shatter-security-glass-explosion-proof-glass\/","title":{"rendered":"K\u0131r\u0131lmaz G\u00fcvenlik Cam\u0131 Patlamaya Dayan\u0131kl\u0131 Cam Temini"},"content":{"rendered":"<p data-start=\"69\" data-end=\"454\">Genel Bak\u0131\u015f<br data-start=\"77\" data-end=\"80\" \/>\u0130nsanlar\u0131n bir araya geldi\u011fi yerlerde (lobiler, bankolar, giri\u015f noktalar\u0131) cam hem konforu hem de korumay\u0131 desteklemelidir. K\u0131r\u0131lma \u00f6nleyici lamine g\u00fcvenlik cam\u0131, darbe sonras\u0131 par\u00e7alar\u0131 tutarken ayn\u0131 zamanda monolitik camlara k\u0131yasla g\u00fcr\u00fclt\u00fcy\u00fc azaltmaya yard\u0131mc\u0131 olur. \u201cPatlamaya dayan\u0131kl\u0131\u201d \u00e7\u00f6z\u00fcmler, talep \u00fczerine m\u00fchendislik \u00fcr\u00fcn\u00fc cam makyajlar\u0131 olarak tedarik edilir ve proje tasar\u0131m\u0131 ve do\u011frulamas\u0131na dayan\u0131r.<\/p>\n<p data-start=\"458\" data-end=\"810\">Temel \u00d6zellikler<br data-start=\"470\" data-end=\"473\" \/>- Lamine ara katmanlar ile yap\u0131land\u0131r\u0131ld\u0131\u011f\u0131nda d\u0131\u015f g\u00fcr\u00fclt\u00fcy\u00fc s\u00f6n\u00fcmler<br data-start=\"537\" data-end=\"540\" \/>- \u0130kincil tehlikeleri s\u0131n\u0131rland\u0131rmaya yard\u0131mc\u0131 olmak i\u00e7in k\u0131r\u0131k par\u00e7alar\u0131 tutar<br data-start=\"598\" data-end=\"601\" \/>- Kontroll\u00fc optik kalite ile net g\u00f6r\u00fc\u015f\u00fc korur<br data-start=\"661\" data-end=\"664\" \/>- \u0130ste\u011fe ba\u011fl\u0131 renk tonu, frit veya yar\u0131 saydam filmlerle gizlilik planlamas\u0131n\u0131 destekler<br data-start=\"738\" data-end=\"741\" \/>- Tutarl\u0131 kenar bitirme sayesinde \u00e7er\u00e7evelere g\u00fcvenilir \u015fekilde entegre olur<\/p>\n<p data-start=\"814\" data-end=\"1255\">Se\u00e7enekler &amp; \u00d6zelle\u015ftirme<br data-start=\"837\" data-end=\"840\" \/>- A\u00e7\u0131kl\u0131klara ve donan\u0131m d\u00fczenlerine uymas\u0131 i\u00e7in \u00d6zel Boyutta Sipari\u015f \u00dczerine \u00dcretilen paneller<br data-start=\"916\" data-end=\"919\" \/>- Proje Spesifikasyonu ve \u00c7izim Deste\u011fi uyar\u0131nca ara katman tipi ve yap\u0131 se\u00e7imi<br data-start=\"996\" data-end=\"999\" \/>- Daha fazla g\u00fcvenlik hedefleri i\u00e7in istek \u00fczerine temperli\/lamine kombinasyonlar mevcuttur<br data-start=\"1081\" data-end=\"1084\" \/>- Kilitler, ge\u00e7i\u015fler ve braketler i\u00e7in sa\u011flanan delikler, \u00e7entikler ve CNC kesikleri<br data-start=\"1165\" data-end=\"1168\" \/>- Daha fazla termal konfor ve yo\u011fu\u015fma kontrol\u00fc i\u00e7in talep \u00fczerine IGU e\u015fle\u015ftirmesi mevcuttur<\/p>\n<p data-start=\"1259\" data-end=\"1472\">Tipik Uygulamalar<br data-start=\"1279\" data-end=\"1282\" \/>Banka vezne ekranlar\u0131, perakende ma\u011faza vitrin camlar\u0131, ofis resepsiyon bariyerleri, otel giri\u015f camlar\u0131, okul lobi pencereleri, g\u00fcvenlik b\u00f6lmeleri, bek\u00e7i kabinleri, kontrol odalar\u0131, veri merkezi giri\u015fleri.<\/p>\n<p data-start=\"1476\" data-end=\"1733\">Tedarik ve Destek<br data-start=\"1492\" data-end=\"1495\" \/>A\u015famal\u0131 saha teslimatlar\u0131 i\u00e7in H\u0131zl\u0131 Teslimat S\u00fcresi planlamas\u0131 ile desteklenen Toplu Tedarik programlar\u0131. Kalite \u0130zlenebilirli\u011fi ile \u015eirket \u0130\u00e7i Kalite Kontrol, ayr\u0131ca uzun mesafeli nakliye i\u00e7in \u0130hracat Ambalaj\u0131 ve Kasa Ambalaj\u0131. Talep \u00fczerine standartlara uygunluk mevcuttur.<\/p>","protected":false},"excerpt":{"rendered":"<p>K\u0131r\u0131lma \u00f6nleyici g\u00fcvenlik cam\u0131, \u00e7arpma sonras\u0131nda cam par\u00e7alar\u0131n\u0131 bir arada tutarak daha g\u00fcvenli bir a\u00e7\u0131l\u0131\u015f ve daha sakin i\u00e7 mekanlar sa\u011flamaya yard\u0131mc\u0131 olacak \u015fekilde \u00fcretilmi\u015ftir. Sipari\u015f \u00fczerine \u00fcretilen lamine konfig\u00fcrasyonlar, hem koruma hem de konforun gerekli oldu\u011fu banka vezne ekranlar\u0131na ve ofis resepsiyon camlar\u0131na uygundur.<\/p>","protected":false},"featured_media":724,"template":"","meta":{"_gspb_post_css":""},"product_brand":[],"product_cat":[31],"product_tag":[273,278,66,64,280,276,275,274,279,277,272,238],"class_list":{"0":"post-723","1":"product","2":"type-product","3":"status-publish","4":"has-post-thumbnail","6":"product_cat-explosion-proof-glass","7":"product_tag-anti-shatter-security-glass","8":"product_tag-bank-teller-screen-glass","9":"product_tag-bulk-supply","10":"product_tag-custom-size","11":"product_tag-drawing-support","12":"product_tag-igu-security-glazing-option","13":"product_tag-interlayer-safety-glass","14":"product_tag-laminated-security-glass","15":"product_tag-reception-barrier-glazing","16":"product_tag-storefront-glazing","17":"product_tag-supply-anti-shatter-security-glass-explosion-proof-glass","18":"product_tag-tempered-laminated-glass","20":"first","21":"instock","22":"shipping-taxable","23":"purchasable","24":"product-type-simple"},"_links":{"self":[{"href":"https:\/\/theinsulatedglass.com\/tr\/wp-json\/wp\/v2\/product\/723","targetHints":{"allow":["GET"]}}],"collection":[{"href":"https:\/\/theinsulatedglass.com\/tr\/wp-json\/wp\/v2\/product"}],"about":[{"href":"https:\/\/theinsulatedglass.com\/tr\/wp-json\/wp\/v2\/types\/product"}],"wp:featuredmedia":[{"embeddable":true,"href":"https:\/\/theinsulatedglass.com\/tr\/wp-json\/wp\/v2\/media\/724"}],"wp:attachment":[{"href":"https:\/\/theinsulatedglass.com\/tr\/wp-json\/wp\/v2\/media?parent=723"}],"wp:term":[{"taxonomy":"product_brand","embeddable":true,"href":"https:\/\/theinsulatedglass.com\/tr\/wp-json\/wp\/v2\/product_brand?post=723"},{"taxonomy":"product_cat","embeddable":true,"href":"https:\/\/theinsulatedglass.com\/tr\/wp-json\/wp\/v2\/product_cat?post=723"},{"taxonomy":"product_tag","embeddable":true,"href":"https:\/\/theinsulatedglass.com\/tr\/wp-json\/wp\/v2\/product_tag?post=723"}],"curies":[{"name":"wp","href":"https:\/\/api.w.org\/{rel}","templated":true}]}}