{"id":743,"date":"2026-01-28T06:19:50","date_gmt":"2026-01-28T06:19:50","guid":{"rendered":"https:\/\/theinsulatedglass.com\/?post_type=product&#038;p=743"},"modified":"2026-01-28T06:19:50","modified_gmt":"2026-01-28T06:19:50","slug":"supply-clear-and-useful-online-low-e-glass","status":"publish","type":"product","link":"https:\/\/theinsulatedglass.com\/tr\/supply-clear-and-useful-online-low-e-glass\/","title":{"rendered":"\u015eeffaf ve Kullan\u0131\u015fl\u0131 Online Low-E Cam Temini"},"content":{"rendered":"<p data-start=\"55\" data-end=\"355\">Genel Bak\u0131\u015f<br data-start=\"63\" data-end=\"66\" \/>Enerji tasarruflu cam paketlerini desteklemek i\u00e7in tasarlanan \u015feffaf \u00e7evrimi\u00e7i Low-E cam, daha istikrarl\u0131 i\u00e7 konfor i\u00e7in g\u00f6r\u00fcn\u00fcr \u0131\u015f\u0131\u011f\u0131 azalt\u0131lm\u0131\u015f \u0131s\u0131 ak\u0131\u015f\u0131yla dengeler. G\u00fcvenilir performans g\u00f6sterirken net g\u00f6r\u00fcnmesi gereken cepheler i\u00e7in genellikle IGU konfig\u00fcrasyonlar\u0131nda kaplamal\u0131 lite olarak belirtilir.<\/p>\n<p data-start=\"359\" data-end=\"373\">Temel \u00d6zellikler<\/p>\n<p data-start=\"376\" data-end=\"442\">Yal\u0131t\u0131ml\u0131 cam \u00fcnitelerinde kullan\u0131ld\u0131\u011f\u0131nda \u0131s\u0131 yal\u0131t\u0131m\u0131n\u0131 iyile\u015ftirir<\/p>\n<p data-start=\"445\" data-end=\"500\">So\u011futma talebini s\u0131n\u0131rland\u0131rmaya yard\u0131mc\u0131 olmak i\u00e7in g\u00fcne\u015f \u0131s\u0131s\u0131 kazanc\u0131n\u0131 kontrol eder<\/p>\n<p data-start=\"503\" data-end=\"572\">\u00c7a\u011fda\u015f bina zarflar\u0131 i\u00e7in net ve n\u00f6tr bir g\u00f6r\u00fcn\u00fcm sa\u011flar<\/p>\n<p data-start=\"575\" data-end=\"638\">Cam yak\u0131n\u0131ndaki so\u011fuk noktalar\u0131 azaltarak yolcu konforunu art\u0131r\u0131r<\/p>\n<p data-start=\"641\" data-end=\"711\">G\u00fcvenlik tasar\u0131m\u0131 gerektirdi\u011finde temperli veya lamine yap\u0131lara uyar<\/p>\n<p data-start=\"715\" data-end=\"740\">Se\u00e7enekler &amp; \u00d6zelle\u015ftirme<\/p>\n<p data-start=\"743\" data-end=\"805\">Proje gereksinimlerine g\u00f6re Sipari\u015f \u00dczerine \u00dcretilen boyutlar ve \u015fekiller<\/p>\n<p data-start=\"808\" data-end=\"885\">Kaplama konumu ve cam makyaj\u0131 Proje Spesifikasyonuna ve \u0130malat \u00c7izimine g\u00f6re hizalanm\u0131\u015ft\u0131r<\/p>\n<p data-start=\"888\" data-end=\"958\">\u00c7er\u00e7eveleme ve donan\u0131ma uygun kenar i\u015fleri, delikler ve kesikler mevcuttur<\/p>\n<p data-start=\"961\" data-end=\"1021\">A\u015fa\u011f\u0131 ak\u0131\u015f montaj\u0131 i\u00e7in tek cam veya IGU'ya haz\u0131r tedarik<\/p>\n<p data-start=\"1024\" data-end=\"1090\">Markal\u0131 veya sistem uyumlu programlar i\u00e7in OEM\/ODM Hizmeti mevcuttur<\/p>\n<p data-start=\"1094\" data-end=\"1321\">Tipik Uygulamalar<br data-start=\"1114\" data-end=\"1117\" \/>Enerji tasarruflu pencereler, giydirme cephe camlar\u0131, \u00e7ift cidarl\u0131 cepheler, yal\u0131t\u0131ml\u0131 cam \u00fcniteleri (IGU), vitrin sistemleri, \u0131\u015f\u0131kl\u0131k IGU'lar\u0131, teras kap\u0131lar\u0131, y\u00fcksek katl\u0131 konut cepheleri, ofis binas\u0131 zarflar\u0131<\/p>\n<p data-start=\"1325\" data-end=\"1678\">Tedarik ve Destek<br data-start=\"1341\" data-end=\"1344\" \/>\u015eirket \u0130\u00e7i Kalite Kontrol ve kalite izlenebilirli\u011fi ile Fabrika Do\u011frudan \u00fcretimi, Hacimli \u00dcretim boyunca tekrarlanabilir sonu\u00e7lar\u0131 destekler. \u0130stikrarl\u0131 Teslimat S\u00fcresi planlamas\u0131, Toplu Tedarik planlamas\u0131 ve sevkiyata haz\u0131rl\u0131k i\u00e7in \u0130hracat Paketleme \/ Sand\u0131k Paketleme ile ayr\u0131nt\u0131lar\u0131 koordine etmek i\u00e7in \u00e7izim deste\u011fi mevcuttur. Standartlara uygunluk istek \u00fczerine mevcuttur.<\/p>","protected":false},"excerpt":{"rendered":"<p>Netlikten \u00f6d\u00fcn vermeden daha d\u00fc\u015f\u00fck \u0131s\u0131 transferi i\u00e7in tasarlanan bu \u00e7evrimi\u00e7i Low-E cam, y\u0131l boyunca i\u00e7 mekan konforunu dengelemeye ve HVAC y\u00fck\u00fcn\u00fc azaltmaya yard\u0131mc\u0131 olur. Konut ve ticari perde duvar sistemlerindeki yal\u0131t\u0131ml\u0131 pencere \u00fcniteleri i\u00e7in g\u00fcvenilir bir se\u00e7imdir.<\/p>","protected":false},"featured_media":757,"template":"","meta":{"_gspb_post_css":""},"product_brand":[],"product_cat":[27],"product_tag":[66,314,62,64,318,97,315,317,58,65,313,316],"class_list":{"0":"post-743","1":"product","2":"type-product","3":"status-publish","4":"has-post-thumbnail","6":"product_cat-online-low-e-glass","7":"product_tag-bulk-supply","8":"product_tag-clear-low-e-glass","9":"product_tag-curtain-wall-glazing","10":"product_tag-custom-size","11":"product_tag-energy-efficient-window-glass","12":"product_tag-factory-direct","13":"product_tag-igu-glazing","14":"product_tag-laminated-low-e-glass","15":"product_tag-low-e-coated-glass","16":"product_tag-shop-drawing-support","17":"product_tag-supply-clear-and-useful-online-low-e-glass","18":"product_tag-tempered-low-e-glass","20":"first","21":"instock","22":"shipping-taxable","23":"purchasable","24":"product-type-simple"},"_links":{"self":[{"href":"https:\/\/theinsulatedglass.com\/tr\/wp-json\/wp\/v2\/product\/743","targetHints":{"allow":["GET"]}}],"collection":[{"href":"https:\/\/theinsulatedglass.com\/tr\/wp-json\/wp\/v2\/product"}],"about":[{"href":"https:\/\/theinsulatedglass.com\/tr\/wp-json\/wp\/v2\/types\/product"}],"wp:featuredmedia":[{"embeddable":true,"href":"https:\/\/theinsulatedglass.com\/tr\/wp-json\/wp\/v2\/media\/757"}],"wp:attachment":[{"href":"https:\/\/theinsulatedglass.com\/tr\/wp-json\/wp\/v2\/media?parent=743"}],"wp:term":[{"taxonomy":"product_brand","embeddable":true,"href":"https:\/\/theinsulatedglass.com\/tr\/wp-json\/wp\/v2\/product_brand?post=743"},{"taxonomy":"product_cat","embeddable":true,"href":"https:\/\/theinsulatedglass.com\/tr\/wp-json\/wp\/v2\/product_cat?post=743"},{"taxonomy":"product_tag","embeddable":true,"href":"https:\/\/theinsulatedglass.com\/tr\/wp-json\/wp\/v2\/product_tag?post=743"}],"curies":[{"name":"wp","href":"https:\/\/api.w.org\/{rel}","templated":true}]}}