{"id":748,"date":"2026-01-28T06:19:35","date_gmt":"2026-01-28T06:19:35","guid":{"rendered":"https:\/\/theinsulatedglass.com\/?post_type=product&#038;p=748"},"modified":"2026-01-28T06:19:36","modified_gmt":"2026-01-28T06:19:36","slug":"custom-high-rise-facade-clear-tempered-glass","status":"publish","type":"product","link":"https:\/\/theinsulatedglass.com\/tr\/custom-high-rise-facade-clear-tempered-glass\/","title":{"rendered":"\u00d6zel Y\u00fcksek Katl\u0131 Cephe \u015eeffaf Temperli Cam"},"content":{"rendered":"<p data-start=\"57\" data-end=\"458\">Genel Bak\u0131\u015f<br data-start=\"65\" data-end=\"68\" \/>Konfor odakl\u0131 y\u00fcksek katl\u0131 cepheler, bask\u0131 alt\u0131nda net kalan camlara ba\u011fl\u0131d\u0131r. \u015eeffaf temperli panellerimiz, g\u00f6r\u00fc\u015f hatlar\u0131n\u0131 net tutmak ve tasar\u0131mc\u0131lar\u0131n minimum g\u00f6rsel dalgalanma ile g\u00fcn \u0131\u015f\u0131\u011f\u0131 odakl\u0131 zarflar\u0131 takip etmelerine yard\u0131mc\u0131 olmak i\u00e7in \u00fcretilmi\u015ftir. Projeler daha y\u00fcksek konfor hedefleri gerektirdi\u011finde, ayn\u0131 lite genel g\u00fcr\u00fclt\u00fc ve g\u00fcne\u015f kontrol stratejisinin bir par\u00e7as\u0131 olarak IGU veya lamine yap\u0131lar i\u00e7in belirlenebilir.<\/p>\n<p data-start=\"462\" data-end=\"476\">Temel \u00d6zellikler<\/p>\n<p data-start=\"479\" data-end=\"552\">Sertle\u015ftirilmi\u015f g\u00fcvenlik performans\u0131 ile zorlu r\u00fczgar y\u00fck\u00fc ko\u015fullar\u0131na kar\u015f\u0131 dayan\u0131kl\u0131d\u0131r<\/p>\n<p data-start=\"555\" data-end=\"614\">Kontroll\u00fc optik g\u00f6r\u00fcn\u00fcm ile \u015feffafl\u0131\u011f\u0131 korur<\/p>\n<p data-start=\"617\" data-end=\"686\">\u015eirket i\u00e7i ta\u015flanm\u0131\u015f\/parlat\u0131lm\u0131\u015f finisaj sayesinde kenar dayan\u0131kl\u0131l\u0131\u011f\u0131n\u0131 art\u0131r\u0131r<\/p>\n<p data-start=\"689\" data-end=\"763\">Tekrarlanabilir boyutlar ve karelik ile tutarl\u0131 mod\u00fcl uyumunu destekler<\/p>\n<p data-start=\"766\" data-end=\"834\">Tala\u015f ve ta\u015f\u0131ma hasar\u0131 riskini azaltarak kurulumu basitle\u015ftirir<\/p>\n<p data-start=\"838\" data-end=\"863\">Se\u00e7enekler &amp; \u00d6zelle\u015ftirme<\/p>\n<p data-start=\"866\" data-end=\"932\">Proje \u00f6zelliklerine g\u00f6re Sipari\u015f \u00dczerine \u00dcretilen boyutlar, \u015fekiller ve k\u00f6\u015fe detaylar\u0131<\/p>\n<p data-start=\"935\" data-end=\"1004\">Ankrajlar ve donan\u0131m i\u00e7in delik, \u00e7entik ve kesik modelleri mevcuttur<\/p>\n<p data-start=\"1007\" data-end=\"1073\">Kenar i\u015fleme se\u00e7enekleri istek \u00fczerine mevcuttur (diki\u015fli, ta\u015flanm\u0131\u015f, cilal\u0131)<\/p>\n<p data-start=\"1076\" data-end=\"1155\">Y\u00fczey i\u015flemleri istek \u00fczerine mevcuttur (frit, asitle a\u015f\u0131nd\u0131r\u0131lm\u0131\u015f, arkadan boyaya haz\u0131r)<\/p>\n<p data-start=\"1158\" data-end=\"1216\">Talep \u00fczerine OEM\/ODM hizmeti ve markalama y\u00f6ntemleri mevcuttur<\/p>\n<p data-start=\"1219\" data-end=\"1290\">Onaylar i\u00e7in \u00e7izim deste\u011fi ve at\u00f6lye \u00e7izim koordinasyonu mevcuttur<\/p>\n<p data-start=\"1294\" data-end=\"1569\">Tipik Uygulamalar<br data-start=\"1314\" data-end=\"1317\" \/>Birle\u015ftirilmi\u015f giydirme cephe g\u00f6r\u00fc\u015f panelleri, stick-built cephe camlar\u0131, y\u00fcksek katl\u0131 pencere duvar mod\u00fclleri, yap\u0131sal cam kasetleri, kanat destekli cam duvarlar, podyum \u00f6n cepheleri, kule giri\u015f kanopileri, spandrel kapak cam\u0131 (talep \u00fczerine arka boyal\u0131)<\/p>\n<p data-start=\"1573\" data-end=\"1839\">Tedarik ve Destek<br data-start=\"1589\" data-end=\"1592\" \/>\u015eirket i\u00e7i kalite kontrol ve kalite izlenebilirli\u011fi ile fabrikada do\u011frudan hacimli \u00fcretim ve toplu tedarik planlamas\u0131, istikrarl\u0131 bir teslim s\u00fcresine g\u00f6re ayarlanm\u0131\u015ft\u0131r. Deniza\u015f\u0131r\u0131 nakliye i\u00e7in ihracat ambalaj\u0131 ve sand\u0131k ambalaj\u0131 mevcuttur. Talep \u00fczerine standartlara uygunluk mevcuttur.<\/p>","protected":false},"excerpt":{"rendered":"<p>Y\u00fcksek bina zarflar\u0131 i\u00e7in tasarlanan bu sipari\u015f \u00fczerine \u00fcretilen \u015feffaf temperli cam, g\u00fcvenilir g\u00fcvenlik g\u00fcc\u00fcn\u00fc temiz, d\u00fc\u015f\u00fck bozulmal\u0131 g\u00f6r\u00fcn\u00fcmlerle birle\u015ftirir. Tutarl\u0131 uyum, kenar kalitesi ve g\u00fcvenilir teslimat\u0131n \u00f6nemli oldu\u011fu birle\u015ftirilmi\u015f perde duvar g\u00f6r\u00fc\u015f panelleri i\u00e7in yayg\u0131n olarak belirtilir.<\/p>","protected":false},"featured_media":775,"template":"","meta":{"_gspb_post_css":""},"product_brand":[],"product_cat":[23],"product_tag":[66,142,295,292,64,97,296,293,294,113,297,298],"class_list":{"0":"post-748","1":"product","2":"type-product","3":"status-publish","4":"has-post-thumbnail","6":"product_cat-heat-soaked-tempered-glass","7":"product_tag-bulk-supply","8":"product_tag-clear-tempered-glass","9":"product_tag-cnc-cutouts","10":"product_tag-custom-high-rise-facade-clear-tempered-glass","11":"product_tag-custom-size","12":"product_tag-factory-direct","13":"product_tag-high-rise-curtain-wall","14":"product_tag-igu-ready-glass","15":"product_tag-laminated-glazing-pairing","16":"product_tag-tempered-safety-glass","17":"product_tag-unitized-facade-glazing","18":"product_tag-vision-panels","20":"first","21":"instock","22":"shipping-taxable","23":"purchasable","24":"product-type-simple"},"_links":{"self":[{"href":"https:\/\/theinsulatedglass.com\/tr\/wp-json\/wp\/v2\/product\/748","targetHints":{"allow":["GET"]}}],"collection":[{"href":"https:\/\/theinsulatedglass.com\/tr\/wp-json\/wp\/v2\/product"}],"about":[{"href":"https:\/\/theinsulatedglass.com\/tr\/wp-json\/wp\/v2\/types\/product"}],"wp:featuredmedia":[{"embeddable":true,"href":"https:\/\/theinsulatedglass.com\/tr\/wp-json\/wp\/v2\/media\/775"}],"wp:attachment":[{"href":"https:\/\/theinsulatedglass.com\/tr\/wp-json\/wp\/v2\/media?parent=748"}],"wp:term":[{"taxonomy":"product_brand","embeddable":true,"href":"https:\/\/theinsulatedglass.com\/tr\/wp-json\/wp\/v2\/product_brand?post=748"},{"taxonomy":"product_cat","embeddable":true,"href":"https:\/\/theinsulatedglass.com\/tr\/wp-json\/wp\/v2\/product_cat?post=748"},{"taxonomy":"product_tag","embeddable":true,"href":"https:\/\/theinsulatedglass.com\/tr\/wp-json\/wp\/v2\/product_tag?post=748"}],"curies":[{"name":"wp","href":"https:\/\/api.w.org\/{rel}","templated":true}]}}