{"id":831,"date":"2026-01-28T07:06:31","date_gmt":"2026-01-28T07:06:31","guid":{"rendered":"https:\/\/theinsulatedglass.com\/?post_type=product&#038;p=831"},"modified":"2026-01-28T07:06:31","modified_gmt":"2026-01-28T07:06:31","slug":"premium-clarity-bulk-ultra-clear-laminated-glass","status":"publish","type":"product","link":"https:\/\/theinsulatedglass.com\/tr\/premium-clarity-bulk-ultra-clear-laminated-glass\/","title":{"rendered":"\u00dcst\u00fcn Netlikte D\u00f6kme Ultra \u015eeffaf Lamine Cam"},"content":{"rendered":"<p data-start=\"61\" data-end=\"461\">Genel Bak\u0131\u015f<br data-start=\"69\" data-end=\"72\" \/>G\u00fcn \u0131\u015f\u0131\u011f\u0131 odakl\u0131 zarflar, i\u00e7 mekanlar\u0131 g\u00f6rsel olarak konforlu tutarken yapay ayd\u0131nlatmaya olan ba\u011f\u0131ml\u0131l\u0131\u011f\u0131 azaltmay\u0131 ama\u00e7lamaktad\u0131r. \u00dcst\u00fcn netlikte ultra \u015feffaf lamine cam, tipik ye\u015fil kenar tonunu en aza indirerek mimarlar\u0131n geni\u015f cam alanlar\u0131nda ger\u00e7ek renk sunumunu korumas\u0131na yard\u0131mc\u0131 olur. Genel cephe konforu hedeflerini desteklemek i\u00e7in talep \u00fczerine IGU yap\u0131lar\u0131 veya kaplama e\u015fle\u015ftirmeleri i\u00e7in de belirtilebilir.<\/p>\n<p data-start=\"465\" data-end=\"479\">Temel \u00d6zellikler<\/p>\n<p data-start=\"482\" data-end=\"549\">Y\u00fcksek g\u00f6rsel \u015feffafl\u0131k ile net, n\u00f6tr bir g\u00f6r\u00fcn\u00fcm sunar<\/p>\n<p data-start=\"552\" data-end=\"611\">Lamine g\u00fcvenli\u011fi birinci s\u0131n\u0131f d\u00fc\u015f\u00fck demir esteti\u011fi ile birle\u015ftirin<\/p>\n<p data-start=\"614\" data-end=\"678\">G\u00fcn \u0131\u015f\u0131\u011f\u0131 ge\u00e7irgenli\u011fini en \u00fcst d\u00fczeye \u00e7\u0131kararak daha ayd\u0131nl\u0131k i\u00e7 mekanlar\u0131 destekleyin<\/p>\n<p data-start=\"681\" data-end=\"737\">Vitrin odakl\u0131 camlama i\u00e7in kenar renk kaymas\u0131n\u0131 en aza indirin<\/p>\n<p data-start=\"740\" data-end=\"809\">Kontroll\u00fc laminasyon i\u015flemi sayesinde servis dayan\u0131kl\u0131l\u0131\u011f\u0131n\u0131 art\u0131r\u0131n<\/p>\n<p data-start=\"813\" data-end=\"838\">Se\u00e7enekler &amp; \u00d6zelle\u015ftirme<\/p>\n<p data-start=\"841\" data-end=\"894\">Proje spesifikasyonuna g\u00f6re sipari\u015f \u00fczerine kesim boyutlar\u0131 ve \u015fekilleri<\/p>\n<p data-start=\"897\" data-end=\"952\">Ara katman tipi ve ton se\u00e7enekleri istek \u00fczerine mevcuttur<\/p>\n<p data-start=\"955\" data-end=\"1025\">A\u00e7\u0131kta kalan kenarlar i\u00e7in istek \u00fczerine kenar ve k\u00f6\u015fe detaylar\u0131 mevcuttur<\/p>\n<p data-start=\"1028\" data-end=\"1088\">Braketler ve ba\u011flant\u0131 par\u00e7alar\u0131 i\u00e7in delik\/\u00e7entik\/CNC kesikleri mevcuttur<\/p>\n<p data-start=\"1091\" data-end=\"1147\">IGU'ya haz\u0131r lamba ve Low-E e\u015fle\u015ftirme istek \u00fczerine mevcuttur<\/p>\n<p data-start=\"1150\" data-end=\"1217\">Onay i\u015f ak\u0131\u015flar\u0131 i\u00e7in at\u00f6lye \u00e7izimi ve \u00e7izim deste\u011fi mevcuttur<\/p>\n<p data-start=\"1221\" data-end=\"1443\">Tipik Uygulamalar<br data-start=\"1241\" data-end=\"1244\" \/>Perde duvar g\u00f6r\u00fc\u015f panelleri, birinci s\u0131n\u0131f vitrin camlar\u0131, m\u00fcze vitrinleri, l\u00fcks perakende vitrinleri, asans\u00f6r lobisi ekranlar\u0131, \u00fcst d\u00fczey konut pencereleri, i\u00e7 \u00f6zellik duvarlar\u0131, cam korkuluklar<\/p>\n<p data-start=\"1447\" data-end=\"1749\">Tedarik ve Destek<br data-start=\"1463\" data-end=\"1466\" \/>Fabrika Do\u011frudan toplu tedarik, hacimli \u00fcretim planlamas\u0131 ve istikrarl\u0131 bir teslim s\u00fcresi ile desteklenmektedir. Kalite izlenebilirli\u011fine sahip \u015eirket \u0130\u00e7i Kalite Kontrol, i\u015fleme boyunca uygulan\u0131r ve uzun mesafeli nakliye i\u00e7in ihracat ambalaj\u0131 \/ sand\u0131k ambalaj\u0131 mevcuttur. Standartlara uygunluk istek \u00fczerine mevcuttur.<\/p>","protected":false},"excerpt":{"rendered":"<p>\u00dcst\u00fcn berrakl\u0131k, d\u00fc\u015f\u00fck demirli camda lamine g\u00fcvenlikle bulu\u015fuyor ve toplu tedarik i\u00e7in sipari\u015fe g\u00f6re boyutlarda proje spesifikasyonuna g\u00f6re \u00fcretiliyor. Perde duvar g\u00f6r\u00fc\u015f alanlar\u0131na ve l\u00fcks vitrin camlar\u0131na uygundur, renkleri do\u011fru tutarken tutarl\u0131 mod\u00fcl uyumunu destekler.<\/p>","protected":false},"featured_media":850,"template":"","meta":{"_gspb_post_css":""},"product_brand":[],"product_cat":[35],"product_tag":[66,363,365,361,68,362,51,366,364,359,277,360],"class_list":{"0":"post-831","1":"product","2":"type-product","3":"status-publish","4":"has-post-thumbnail","6":"product_cat-ultra-clear-glass","7":"product_tag-bulk-supply","8":"product_tag-curtain-wall-vision-panels","9":"product_tag-glass-balustrade","10":"product_tag-igu-ready-glazing","11":"product_tag-laminated-safety-glass","12":"product_tag-low-e-pairing","13":"product_tag-low-iron-glass","14":"product_tag-made-to-order","15":"product_tag-museum-display-glass","16":"product_tag-premium-clarity-bulk-ultra-clear-laminated-glass","17":"product_tag-storefront-glazing","18":"product_tag-ultra-clear-laminated-glass","20":"first","21":"instock","22":"shipping-taxable","23":"purchasable","24":"product-type-simple"},"_links":{"self":[{"href":"https:\/\/theinsulatedglass.com\/tr\/wp-json\/wp\/v2\/product\/831","targetHints":{"allow":["GET"]}}],"collection":[{"href":"https:\/\/theinsulatedglass.com\/tr\/wp-json\/wp\/v2\/product"}],"about":[{"href":"https:\/\/theinsulatedglass.com\/tr\/wp-json\/wp\/v2\/types\/product"}],"wp:featuredmedia":[{"embeddable":true,"href":"https:\/\/theinsulatedglass.com\/tr\/wp-json\/wp\/v2\/media\/850"}],"wp:attachment":[{"href":"https:\/\/theinsulatedglass.com\/tr\/wp-json\/wp\/v2\/media?parent=831"}],"wp:term":[{"taxonomy":"product_brand","embeddable":true,"href":"https:\/\/theinsulatedglass.com\/tr\/wp-json\/wp\/v2\/product_brand?post=831"},{"taxonomy":"product_cat","embeddable":true,"href":"https:\/\/theinsulatedglass.com\/tr\/wp-json\/wp\/v2\/product_cat?post=831"},{"taxonomy":"product_tag","embeddable":true,"href":"https:\/\/theinsulatedglass.com\/tr\/wp-json\/wp\/v2\/product_tag?post=831"}],"curies":[{"name":"wp","href":"https:\/\/api.w.org\/{rel}","templated":true}]}}