{"id":859,"date":"2026-01-28T07:27:02","date_gmt":"2026-01-28T07:27:02","guid":{"rendered":"https:\/\/theinsulatedglass.com\/?post_type=product&#038;p=859"},"modified":"2026-01-28T07:27:02","modified_gmt":"2026-01-28T07:27:02","slug":"custom-build-solar-control-low-e-insulating-glass","status":"publish","type":"product","link":"https:\/\/theinsulatedglass.com\/tr\/custom-build-solar-control-low-e-insulating-glass\/","title":{"rendered":"\u00d6zel Yap\u0131m G\u00fcne\u015f Kontroll\u00fc Low-E Yal\u0131t\u0131m Cam\u0131"},"content":{"rendered":"<p data-start=\"62\" data-end=\"403\">Genel Bak\u0131\u015f<br data-start=\"70\" data-end=\"73\" \/>\u0130malat odakl\u0131 projeler i\u00e7in yap\u0131land\u0131r\u0131lan Custom Build Solar Control Low-E Yal\u0131t\u0131m Cam\u0131, g\u00fcvenilir saha performans\u0131 i\u00e7in kaplamal\u0131 litleri disiplinli IGU montaj\u0131 ile birle\u015ftirir. Kesme kenar\u0131, kaplama i\u015fleme ve s\u0131zd\u0131rmazl\u0131k a\u015famalar\u0131ndaki kontrol, optiklerin sabit kalmas\u0131na ve \u00fcnitelerin numune onay\u0131ndan \u00fcretim \u00e7al\u0131\u015fmalar\u0131na kadar dayan\u0131kl\u0131 olmas\u0131na yard\u0131mc\u0131 olur.<\/p>\n<p data-start=\"407\" data-end=\"421\">Temel \u00d6zellikler<\/p>\n<p data-start=\"424\" data-end=\"505\">G\u00fcne\u015f kontroll\u00fc Low-E katmanlar\u0131 ile g\u00fcne\u015f \u0131s\u0131s\u0131n\u0131 azaltma ve yal\u0131t\u0131m\u0131 dengeleyin.<\/p>\n<p data-start=\"424\" data-end=\"505\">G\u00fcvenlik cam\u0131 gereksinimlerine uyacak \u015fekilde temperli veya lamine katlar\u0131 birle\u015ftirin.<\/p>\n<p data-start=\"585\" data-end=\"672\">Kontroll\u00fc kesim, finisaj ve kaplama kenar\u0131 haz\u0131rl\u0131\u011f\u0131 ile kenar kalitesini y\u00f6netin.<\/p>\n<p data-start=\"675\" data-end=\"749\">\u0130\u00e7 mekandaki s\u0131cak noktalar\u0131 ve \u00e7evresel ini\u015f r\u00fczgarlar\u0131n\u0131 azaltarak konforu destekler.<\/p>\n<p data-start=\"752\" data-end=\"815\">Lot baz\u0131nda Kalite \u0130zlenebilirli\u011fi ile Kurum \u0130\u00e7i Kalite Kontrol arac\u0131l\u0131\u011f\u0131yla \u00e7\u0131kt\u0131y\u0131 do\u011frulay\u0131n.<\/p>\n<p data-start=\"819\" data-end=\"844\">Se\u00e7enekler &amp; \u00d6zelle\u015ftirme<\/p>\n<p data-start=\"847\" data-end=\"934\">\u00c7izim Deste\u011fi ve At\u00f6lye \u00c7izimi incelemesi ile desteklenen Sipari\u015f \u00dczerine \u00dcretilen boyutlar ve \u015fekiller.<\/p>\n<p data-start=\"937\" data-end=\"1012\">Kaplama konumu, renk tonu ve g\u00f6rsel g\u00f6r\u00fcn\u00fcm istek \u00fczerine se\u00e7ilebilir.<\/p>\n<p data-start=\"1015\" data-end=\"1097\">Gerekti\u011fi gibi argon dolgu ve ara par\u00e7a konfig\u00fcrasyonlar\u0131 dahil bo\u015fluk olu\u015fturma se\u00e7enekleri.<\/p>\n<p data-start=\"1100\" data-end=\"1182\">Donan\u0131m veya ankrajlar gerektirdi\u011finde litler \u00fczerinde montaj \u00f6ncesi delik\/\u00e7entik haz\u0131rl\u0131\u011f\u0131.<\/p>\n<p data-start=\"1185\" data-end=\"1266\">D\u00fc\u015fmeye kar\u015f\u0131 koruma veya ba\u015f \u00fcst\u00fc camlama ko\u015fullar\u0131 i\u00e7in iste\u011fe ba\u011fl\u0131 lamine i\u00e7 lite.<\/p>\n<p data-start=\"1270\" data-end=\"1468\">Tipik Uygulamalar<br data-start=\"1290\" data-end=\"1293\" \/>Perde duvar g\u00f6r\u00fc\u015f panelleri, y\u00fcksek performansl\u0131 pencereler, vitrin camlar\u0131, atriyum cepheleri, \u00e7at\u0131 pencereleri ve \u00e7at\u0131 \u0131\u015f\u0131klar\u0131, e\u011fimli camlar, g\u00fcne\u015f odalar\u0131, havaalan\u0131 terminalleri, ofis kuleleri.<\/p>\n<p data-start=\"1472\" data-end=\"1751\">Tedarik ve Destek<br data-start=\"1488\" data-end=\"1491\" \/>Tekrarlanan \u00fcretimler ve Hacimli \u00dcretim programlar\u0131 i\u00e7in H\u0131zl\u0131 Teslimat S\u00fcresi planlamas\u0131 mevcuttur. \u00dcniteler, uzun mesafeli ta\u015f\u0131mac\u0131l\u0131\u011fa uygun \u0130hracat Ambalaj\u0131 ve Kasa Ambalaj\u0131 ile g\u00f6nderilir ve parti ba\u015f\u0131na denetim kay\u0131tlar\u0131 d\u00fczenlenebilir. Standartlara uygunluk istek \u00fczerine mevcuttur.<\/p>","protected":false},"excerpt":{"rendered":"<p>Dengeli g\u00fcn \u0131\u015f\u0131\u011f\u0131 ve i\u00e7 mekan konforunu korurken \u0131s\u0131 kazan\u0131m\u0131n\u0131 azaltmak i\u00e7in Sipari\u015f \u00dczerine \u00dcretilen g\u00fcne\u015f kontroll\u00fc Low-E yal\u0131t\u0131m cam\u0131. \u0130stikrarl\u0131 g\u00f6r\u00fcn\u00fcm ve g\u00fcvenilir IGU montaj\u0131n\u0131n \u00f6nemli oldu\u011fu ofisler, havaalanlar\u0131 ve karma kullan\u0131ml\u0131 binalardaki perde duvar g\u00f6r\u00fc\u015f panelleri ve y\u00fcksek performansl\u0131 pencereler i\u00e7in yayg\u0131n olarak belirtilir.<\/p>","protected":false},"featured_media":874,"template":"","meta":{"_gspb_post_css":""},"product_brand":[],"product_cat":[26],"product_tag":[89,66,405,62,401,404,229,366,233,402,403],"class_list":{"0":"post-859","1":"product","2":"type-product","3":"status-publish","4":"has-post-thumbnail","6":"product_cat-low-e-insulating-glass","7":"product_tag-argon-filled-igu","8":"product_tag-bulk-supply","9":"product_tag-commercial-window-igu","10":"product_tag-curtain-wall-glazing","11":"product_tag-custom-build-solar-control-low-e-insulating-glass","12":"product_tag-laminated-insulating-glass","13":"product_tag-low-e-igu","14":"product_tag-made-to-order","15":"product_tag-skylight-igu","16":"product_tag-solar-control-low-e-glass","17":"product_tag-tempered-insulating-glass","19":"first","20":"instock","21":"shipping-taxable","22":"purchasable","23":"product-type-simple"},"_links":{"self":[{"href":"https:\/\/theinsulatedglass.com\/tr\/wp-json\/wp\/v2\/product\/859","targetHints":{"allow":["GET"]}}],"collection":[{"href":"https:\/\/theinsulatedglass.com\/tr\/wp-json\/wp\/v2\/product"}],"about":[{"href":"https:\/\/theinsulatedglass.com\/tr\/wp-json\/wp\/v2\/types\/product"}],"wp:featuredmedia":[{"embeddable":true,"href":"https:\/\/theinsulatedglass.com\/tr\/wp-json\/wp\/v2\/media\/874"}],"wp:attachment":[{"href":"https:\/\/theinsulatedglass.com\/tr\/wp-json\/wp\/v2\/media?parent=859"}],"wp:term":[{"taxonomy":"product_brand","embeddable":true,"href":"https:\/\/theinsulatedglass.com\/tr\/wp-json\/wp\/v2\/product_brand?post=859"},{"taxonomy":"product_cat","embeddable":true,"href":"https:\/\/theinsulatedglass.com\/tr\/wp-json\/wp\/v2\/product_cat?post=859"},{"taxonomy":"product_tag","embeddable":true,"href":"https:\/\/theinsulatedglass.com\/tr\/wp-json\/wp\/v2\/product_tag?post=859"}],"curies":[{"name":"wp","href":"https:\/\/api.w.org\/{rel}","templated":true}]}}