{"id":891,"date":"2026-01-28T07:59:13","date_gmt":"2026-01-28T07:59:13","guid":{"rendered":"https:\/\/theinsulatedglass.com\/?post_type=product&#038;p=891"},"modified":"2026-01-28T07:59:13","modified_gmt":"2026-01-28T07:59:13","slug":"bulk-laminated-security-window-and-door-glass","status":"publish","type":"product","link":"https:\/\/theinsulatedglass.com\/tr\/bulk-laminated-security-window-and-door-glass\/","title":{"rendered":"Toplu Lamine G\u00fcvenlik Pencere ve Kap\u0131 Cam\u0131"},"content":{"rendered":"<p data-start=\"58\" data-end=\"392\">Genel Bak\u0131\u015f<br data-start=\"66\" data-end=\"69\" \/>Hem temiz g\u00f6r\u00fcnmesi hem de bir g\u00fcvenlik katman\u0131 eklenmesi gereken caml\u0131 a\u00e7\u0131kl\u0131klar i\u00e7in lamine cam dengeli bir \u00e7\u00f6z\u00fcm sunar. Ara katman, k\u0131r\u0131lmadan sonra par\u00e7alar\u0131 tutmaya yard\u0131mc\u0131 olarak daha g\u00fcvenli kullan\u0131m\u0131 desteklerken giri\u015fi veya y\u00fcksekli\u011fi g\u00f6rsel olarak tutarl\u0131 tutar. Tekrarlanan pencere ve kap\u0131 programlar\u0131 i\u00e7in fabrika do\u011frudan tedariki d\u00fczenlenmi\u015ftir.<\/p>\n<p data-start=\"396\" data-end=\"780\">Temel \u00d6zellikler<br data-start=\"408\" data-end=\"411\" \/>- Belirgin a\u00e7\u0131kl\u0131klar i\u00e7in net, d\u00fc\u015f\u00fck distorsiyonlu bir g\u00f6r\u00fcn\u00fcm sa\u011flay\u0131n<br data-start=\"479\" data-end=\"482\" \/>- Serpintiyi azaltmak i\u00e7in \u00e7arp\u0131\u015fmadan sonra par\u00e7alar\u0131 birbirine ba\u011flay\u0131n (tasar\u0131ma ba\u011fl\u0131)<br data-start=\"557\" data-end=\"560\" \/>- Kontroll\u00fc laminasyon ve kenar bitirme ile uzun \u00f6m\u00fcrl\u00fc hizmeti destekleyin<br data-start=\"631\" data-end=\"634\" \/>- \u00c7ok a\u015famal\u0131 projeler i\u00e7in gruplar aras\u0131nda g\u00f6rsel b\u00fct\u00fcnl\u00fc\u011f\u00fc koordine edin<br data-start=\"704\" data-end=\"707\" \/>- \u015eirket i\u00e7i kalite kontrol ve kalite izlenebilirli\u011fi yoluyla \u00fcretim lotlar\u0131n\u0131 belgelendirin<\/p>\n<p data-start=\"784\" data-end=\"1209\">Se\u00e7enekler &amp; \u00d6zelle\u015ftirme<br data-start=\"807\" data-end=\"810\" \/>- Kesim listesine g\u00f6re \u00f6zel boyutta kesim ve sipari\u015fe g\u00f6re \u015fekiller<br data-start=\"869\" data-end=\"872\" \/>- Renk uyumu i\u00e7in \u015feffaf, d\u00fc\u015f\u00fck demirli veya renkli cam se\u00e7enekleri<br data-start=\"936\" data-end=\"939\" \/>- Daha y\u00fcksek darbe ihtiya\u00e7lar\u0131 i\u00e7in talep \u00fczerine temperli lamine makyajlar mevcuttur<br data-start=\"1013\" data-end=\"1016\" \/>- \u00c7izimlere g\u00f6re mente\u015feler, kilitler ve kol setleri i\u00e7in delik delme ve \u00e7entikler<br data-start=\"1091\" data-end=\"1094\" \/>- Logolar, par\u00e7a kimlikleri ve \u00f6zel etiketli ambalajlar i\u00e7in OEM\/ODM hizmeti<br data-start=\"1160\" data-end=\"1163\" \/>- Standartlara uygunluk istek \u00fczerine mevcuttur.<\/p>\n<p data-start=\"1213\" data-end=\"1400\">Tipik Uygulamalar<br data-start=\"1233\" data-end=\"1236\" \/>Vitrin giri\u015f kap\u0131lar\u0131, kap\u0131 sidelitleri, ticari pencereler, konut giri\u015f kap\u0131lar\u0131, veranda kap\u0131lar\u0131, balkon kap\u0131lar\u0131, zemin kat g\u00fcvenlik camlar\u0131, koridor pencereleri.<\/p>\n<p data-start=\"1404\" data-end=\"1720\">Tedarik ve Destek<br data-start=\"1420\" data-end=\"1423\" \/>Hacimli \u00fcretim, kurulum partileri i\u00e7in istikrarl\u0131 teslim s\u00fcresi planlamas\u0131 ile toplu tedariki destekler. Sand\u0131k ambalaj ve ihracat ambalaj\u0131 mevcuttur ve \u00e7izim deste\u011fi donan\u0131m kesiklerini ve denetim noktalar\u0131n\u0131 hizalayabilir. Her sipari\u015f belgelenmi\u015f kontrolleri takip eder ve talep \u00fczerine uygunluk dosyalar\u0131n\u0131 i\u00e7erebilir.<\/p>","protected":false},"excerpt":{"rendered":"<p>Pencere ve kap\u0131lar i\u00e7in lamine g\u00fcvenlik cam\u0131, b\u00f6lmenin g\u00f6rsel olarak temiz kalmas\u0131n\u0131 sa\u011flarken k\u0131r\u0131ld\u0131ktan sonra par\u00e7alar\u0131 bir arada tutmaya yard\u0131mc\u0131 olur. Fabrikada do\u011frudan \u00fcretimle toplu olarak tedarik edilen bu \u00fcr\u00fcn, vitrin giri\u015fleri ve zemin kat konut kap\u0131lar\u0131 i\u00e7in yayg\u0131n olarak kullan\u0131lmaktad\u0131r.<\/p>","protected":false},"featured_media":896,"template":"","meta":{"_gspb_post_css":""},"product_brand":[],"product_cat":[42],"product_tag":[440,66,64,444,445,97,274,86,441,277,442,443],"class_list":{"0":"post-891","1":"product","2":"type-product","3":"status-publish","4":"has-post-thumbnail","6":"product_cat-door-window-glass","7":"product_tag-bulk-laminated-security-window-and-door-glass","8":"product_tag-bulk-supply","9":"product_tag-custom-size","10":"product_tag-door-glass","11":"product_tag-entry-door-sidelite","12":"product_tag-factory-direct","13":"product_tag-laminated-security-glass","14":"product_tag-oem-odm-service","15":"product_tag-pvb-interlayer-glass","16":"product_tag-storefront-glazing","17":"product_tag-tempered-laminated-option","18":"product_tag-window-glass","20":"first","21":"instock","22":"shipping-taxable","23":"purchasable","24":"product-type-simple"},"_links":{"self":[{"href":"https:\/\/theinsulatedglass.com\/tr\/wp-json\/wp\/v2\/product\/891","targetHints":{"allow":["GET"]}}],"collection":[{"href":"https:\/\/theinsulatedglass.com\/tr\/wp-json\/wp\/v2\/product"}],"about":[{"href":"https:\/\/theinsulatedglass.com\/tr\/wp-json\/wp\/v2\/types\/product"}],"wp:featuredmedia":[{"embeddable":true,"href":"https:\/\/theinsulatedglass.com\/tr\/wp-json\/wp\/v2\/media\/896"}],"wp:attachment":[{"href":"https:\/\/theinsulatedglass.com\/tr\/wp-json\/wp\/v2\/media?parent=891"}],"wp:term":[{"taxonomy":"product_brand","embeddable":true,"href":"https:\/\/theinsulatedglass.com\/tr\/wp-json\/wp\/v2\/product_brand?post=891"},{"taxonomy":"product_cat","embeddable":true,"href":"https:\/\/theinsulatedglass.com\/tr\/wp-json\/wp\/v2\/product_cat?post=891"},{"taxonomy":"product_tag","embeddable":true,"href":"https:\/\/theinsulatedglass.com\/tr\/wp-json\/wp\/v2\/product_tag?post=891"}],"curies":[{"name":"wp","href":"https:\/\/api.w.org\/{rel}","templated":true}]}}