{"id":892,"date":"2026-01-28T07:59:10","date_gmt":"2026-01-28T07:59:10","guid":{"rendered":"https:\/\/theinsulatedglass.com\/?post_type=product&#038;p=892"},"modified":"2026-01-28T07:59:10","modified_gmt":"2026-01-28T07:59:10","slug":"factory-direct-extra-large-tempered-glass-for-canopy-use","status":"publish","type":"product","link":"https:\/\/theinsulatedglass.com\/tr\/factory-direct-extra-large-tempered-glass-for-canopy-use\/","title":{"rendered":"Kanopi Kullan\u0131m\u0131 \u0130\u00e7in Fabrika Do\u011frudan Ekstra B\u00fcy\u00fck Temperli Cam"},"content":{"rendered":"<p data-start=\"68\" data-end=\"393\">Genel Bak\u0131\u015f<br data-start=\"76\" data-end=\"79\" \/>B\u00fcy\u00fck boyutlu kanopi panelleri, delikler, \u00e7entikler ve kenar kaplamalar\u0131 kilitlendikten sonra i\u015fleme sapmas\u0131 i\u00e7in \u00e7ok az marj b\u0131rak\u0131r. Fabrika Do\u011frudanKanopi Kullan\u0131m\u0131 \u0130\u00e7in Ekstra B\u00fcy\u00fck Temperli Cam, Proje Spesifikasyonunuza g\u00f6re haz\u0131rlanm\u0131\u015f, kesilmeye haz\u0131r temperli levhalar olarak tedarik edilir, b\u00f6ylece camlama ekipleri yeniden i\u015fleme yerine montaj ve s\u0131zd\u0131rmazl\u0131\u011fa odaklanabilir.<\/p>\n<p data-start=\"397\" data-end=\"411\">Temel \u00d6zellikler<\/p>\n<p data-start=\"414\" data-end=\"511\">Temperli g\u00fcvenlik performans\u0131 ve tutarl\u0131 d\u00fczl\u00fck kontrol\u00fc ile zorlu ba\u015f \u00fcst\u00fc kullan\u0131m\u0131n\u0131n \u00fcstesinden gelir<\/p>\n<p data-start=\"514\" data-end=\"610\">Delik desenlerini ve kesikleri partiden partiye tekrarlanabilir tutarak donan\u0131m\u0131 d\u00fczg\u00fcn bir \u015fekilde entegre eder<\/p>\n<p data-start=\"613\" data-end=\"693\">Kontroll\u00fc ta\u015flama ve korumal\u0131 k\u00f6\u015fe i\u015flemi sayesinde kenar hasar\u0131n\u0131 azalt\u0131r<\/p>\n<p data-start=\"696\" data-end=\"791\">Silindir dalgas\u0131n\u0131 ve y\u00fczey izlerini pratik s\u0131n\u0131rlar i\u00e7inde y\u00f6neterek daha temiz g\u00f6r\u00fc\u015f hatlar\u0131n\u0131 destekler<\/p>\n<p data-start=\"794\" data-end=\"878\">A\u00e7\u0131l\u0131\u015f konumu ve y\u00f6n\u00fc i\u00e7in etiketlenmi\u015f paneller teslim ederek saha \u00e7al\u0131\u015fmas\u0131n\u0131 h\u0131zland\u0131r\u0131r<\/p>\n<p data-start=\"882\" data-end=\"907\">Se\u00e7enekler &amp; \u00d6zelle\u015ftirme<\/p>\n<p data-start=\"910\" data-end=\"978\">Ekstra b\u00fcy\u00fck kanopi d\u00fczenleri i\u00e7in \u00d6zel Boyut \/ Sipari\u015f \u00dczerine \u00dcretilen formatlar<\/p>\n<p data-start=\"981\" data-end=\"1050\">At\u00f6lye \u00c7izimine g\u00f6re sa\u011flanan CNC \u015fekillendirme, \u00e7entikler, yuvalar ve delme<\/p>\n<p data-start=\"1053\" data-end=\"1114\">A\u00e7\u0131kta kalan kanopi \u00e7evreleri i\u00e7in kenar kaplama se\u00e7enekleri mevcuttur<\/p>\n<p data-start=\"1117\" data-end=\"1209\">Sistem tasar\u0131m\u0131 i\u00e7in talep \u00fczerine iste\u011fe ba\u011fl\u0131 lamine yap\u0131lar veya e\u015fle\u015fen ara katmanlar sa\u011flan\u0131r<\/p>\n<p data-start=\"1212\" data-end=\"1284\">A\u015famal\u0131 projeler ve devam eden Hacimli \u00dcretim i\u00e7in Toplu Tedarik planlamas\u0131<\/p>\n<p data-start=\"1288\" data-end=\"1498\">Tipik Uygulamalar<br data-start=\"1308\" data-end=\"1311\" \/>Giri\u015f cam kanopileri, cephe tenteleri, y\u00fcr\u00fcme yolu kanopileri, transit bar\u0131nak \u00e7at\u0131lar\u0131, vitrin \u00e7\u0131k\u0131nt\u0131 camlar\u0131, podyum \u00f6rt\u00fc kanopileri, d\u0131\u015f ba\u011flant\u0131 k\u00f6pr\u00fcs\u00fc kanopileri, b\u0131rakma b\u00f6lgesi kanopileri<\/p>\n<p data-start=\"1502\" data-end=\"1783\">Tedarik ve Destek<br data-start=\"1518\" data-end=\"1521\" \/>Parti ve panel etiketleme ile \u015eirket \u0130\u00e7i Kalite Kontrol ve Kalite \u0130zlenebilirli\u011fi ile Do\u011frudan Fabrika \u00dcretimi. Uzun mesafeli nakliye ve saha kullan\u0131m\u0131 i\u00e7in \u0130hracat Ambalaj\u0131 \/ Sand\u0131k Ambalaj\u0131 ile \u0130stikrarl\u0131 Teslimat S\u00fcresi planlamas\u0131 desteklenir. Standartlara uygunluk istek \u00fczerine mevcuttur.<\/p>","protected":false},"excerpt":{"rendered":"<p>B\u00fcy\u00fck boyutlu paneller ve hassas donan\u0131m d\u00fczenleri i\u00e7in tasarlanan bu ekstra b\u00fcy\u00fck temperli cam, sahada yeniden \u00e7al\u0131\u015fmay\u0131 azaltmak i\u00e7in korumal\u0131 kenarlarla kesilmeye haz\u0131r olarak tedarik edilir. Temiz montaj ve g\u00fcvenilir kullan\u0131m gerektiren giri\u015f kanopileri ve cephe tenteleri i\u00e7in pratik bir se\u00e7imdir.<\/p>","protected":false},"featured_media":902,"template":"","meta":{"_gspb_post_css":""},"product_brand":[],"product_cat":[22],"product_tag":[66,80,64,436,438,435,97,434,439,160,437,113],"class_list":{"0":"post-892","1":"product","2":"type-product","3":"status-publish","4":"has-post-thumbnail","6":"product_cat-extra-large-tempered-glass","7":"product_tag-bulk-supply","8":"product_tag-cnc-cut-glass","9":"product_tag-custom-size","10":"product_tag-drilled-tempered-glass","11":"product_tag-entrance-canopy-glazing","12":"product_tag-extra-large-tempered-glass","13":"product_tag-factory-direct","14":"product_tag-factory-directextra-large-tempered-glass-for-canopy-use","15":"product_tag-glass-awning-panels","16":"product_tag-glass-canopy-panels","17":"product_tag-laminated-canopy-glass","18":"product_tag-tempered-safety-glass","20":"first","21":"instock","22":"shipping-taxable","23":"purchasable","24":"product-type-simple"},"_links":{"self":[{"href":"https:\/\/theinsulatedglass.com\/tr\/wp-json\/wp\/v2\/product\/892","targetHints":{"allow":["GET"]}}],"collection":[{"href":"https:\/\/theinsulatedglass.com\/tr\/wp-json\/wp\/v2\/product"}],"about":[{"href":"https:\/\/theinsulatedglass.com\/tr\/wp-json\/wp\/v2\/types\/product"}],"wp:featuredmedia":[{"embeddable":true,"href":"https:\/\/theinsulatedglass.com\/tr\/wp-json\/wp\/v2\/media\/902"}],"wp:attachment":[{"href":"https:\/\/theinsulatedglass.com\/tr\/wp-json\/wp\/v2\/media?parent=892"}],"wp:term":[{"taxonomy":"product_brand","embeddable":true,"href":"https:\/\/theinsulatedglass.com\/tr\/wp-json\/wp\/v2\/product_brand?post=892"},{"taxonomy":"product_cat","embeddable":true,"href":"https:\/\/theinsulatedglass.com\/tr\/wp-json\/wp\/v2\/product_cat?post=892"},{"taxonomy":"product_tag","embeddable":true,"href":"https:\/\/theinsulatedglass.com\/tr\/wp-json\/wp\/v2\/product_tag?post=892"}],"curies":[{"name":"wp","href":"https:\/\/api.w.org\/{rel}","templated":true}]}}