{"id":921,"date":"2026-01-28T08:24:30","date_gmt":"2026-01-28T08:24:30","guid":{"rendered":"https:\/\/theinsulatedglass.com\/?post_type=product&#038;p=921"},"modified":"2026-01-28T08:24:30","modified_gmt":"2026-01-28T08:24:30","slug":"high-rise-facade-heat-soaked-tempered-glass","status":"publish","type":"product","link":"https:\/\/theinsulatedglass.com\/tr\/high-rise-facade-heat-soaked-tempered-glass\/","title":{"rendered":"Y\u00fcksek Katl\u0131 Cephe Is\u0131yla Islat\u0131lm\u0131\u015f Temperli Cam"},"content":{"rendered":"<p data-start=\"56\" data-end=\"421\">Genel Bak\u0131\u015f<br data-start=\"64\" data-end=\"67\" \/>Cephe panelleri delikler, \u00e7entikler ve dar kenar kaplamalar\u0131 gerektirdi\u011finde, \u0131s\u0131yla \u0131slatma ad\u0131m\u0131 geometriyi bozmadan \u00fcretim ak\u0131\u015f\u0131na uymal\u0131d\u0131r. Y\u00fcksek Katl\u0131 Cephe Is\u0131yla Islat\u0131lm\u0131\u015f Temperli Cam temperlenir, ard\u0131ndan teslimattan \u00f6nce potansiyel nikel s\u00fclf\u00fcr kal\u0131nt\u0131lar\u0131n\u0131n taranmas\u0131na yard\u0131mc\u0131 olmak i\u00e7in \u0131s\u0131yla \u0131slatma i\u015flemine tabi tutulur ve y\u00fcksek kurulumlarda daha g\u00fcvenli kullan\u0131m\u0131 destekler.<\/p>\n<p data-start=\"425\" data-end=\"439\">Temel \u00d6zellikler<\/p>\n<p data-start=\"442\" data-end=\"523\">Proje tutarl\u0131l\u0131\u011f\u0131 i\u00e7in \u0131s\u0131yla \u0131slatma i\u015flemini temperli \u00fcretime entegre edin<\/p>\n<p data-start=\"526\" data-end=\"602\">Cephe donan\u0131m\u0131 i\u00e7in tekrarlanabilir delik konumlar\u0131 ve kesme geometrisi sa\u011flay\u0131n<\/p>\n<p data-start=\"605\" data-end=\"680\">Temperli k\u0131r\u0131lma deseni ve kenar korumas\u0131 sayesinde daha g\u00fcvenli kullan\u0131m\u0131 destekler<\/p>\n<p data-start=\"683\" data-end=\"772\">\u0130\u015fleme s\u0131ras\u0131nda d\u00fczl\u00fc\u011f\u00fc, silindir dalgas\u0131n\u0131 ve y\u00fczey izlerini kontrol ederek yeniden \u00e7al\u0131\u015fmay\u0131 azalt\u0131n<\/p>\n<p data-start=\"775\" data-end=\"852\">Parti etiketleme ve kurum i\u00e7i denetim yoluyla Kalite \u0130zlenebilirli\u011fi sa\u011flay\u0131n<\/p>\n<p data-start=\"856\" data-end=\"881\">Se\u00e7enekler &amp; \u00d6zelle\u015ftirme<\/p>\n<p data-start=\"884\" data-end=\"965\">Birle\u015ftirilmi\u015f ve \u00e7ubuk perde duvar d\u00fczenleri i\u00e7in \u00d6zel Boyut \/ Sipari\u015f \u00dczerine \u00dcretilen formatlar<\/p>\n<p data-start=\"968\" data-end=\"1045\">At\u00f6lye \u00c7izimine g\u00f6re CNC delme, yuvalar, \u00e7entikler ve karma\u015f\u0131k \u015fekiller mevcuttur<\/p>\n<p data-start=\"1048\" data-end=\"1119\">Montaj rotan\u0131za uyacak \u015fekilde IGU'ya haz\u0131r tedarik veya tek lite teslimat\u0131<\/p>\n<p data-start=\"1122\" data-end=\"1199\">\u015eeffaf, renkli veya seramik fritli spandrel konfig\u00fcrasyonlar\u0131 istek \u00fczerine mevcuttur<\/p>\n<p data-start=\"1202\" data-end=\"1287\">Uzun mesafeli lojistik ve kald\u0131rma planlar\u0131 i\u00e7in \u0130hracat Paketleme \/ Sand\u0131k Paketleme se\u00e7enekleri<\/p>\n<p data-start=\"1291\" data-end=\"1521\">Tipik Uygulamalar<br data-start=\"1311\" data-end=\"1314\" \/>Y\u00fcksek katl\u0131 giydirme cephe g\u00f6r\u00fc\u015f panelleri, birle\u015ftirilmi\u015f cephe mod\u00fclleri, spandrel camlar, podyum giydirme cephe b\u00f6lgeleri, g\u00f6ky\u00fcz\u00fc lobisi camlar\u0131, d\u0131\u015f r\u00fczgar perdeleri, cam kanat\u00e7\u0131klar ve d\u00f6n\u00fc\u015fler, cephe bak\u0131m eri\u015fim perdeleri<\/p>\n<p data-start=\"1525\" data-end=\"1744\">Tedarik ve Destek<br data-start=\"1541\" data-end=\"1544\" \/>Fabrika Do\u011frudan \u00fcretimi, Toplu Tedarik planlamas\u0131n\u0131 ve a\u015famal\u0131 kuleler i\u00e7in H\u0131zl\u0131 Teslimat S\u00fcresi planlamas\u0131n\u0131 destekler. \u015eirket \u0130\u00e7i Kalite Kontrol kay\u0131tlar\u0131 her parti ile birlikte sa\u011flanabilir; Standartlara uygunluk talep \u00fczerine mevcuttur.<\/p>","protected":false},"excerpt":{"rendered":"<p>Cephe imalat\u0131 i\u00e7in haz\u0131rlanan \u0131s\u0131yla \u0131slat\u0131lm\u0131\u015f temperli cam, delikleri ve kenarlar\u0131 tutarl\u0131 tutarken potansiyel kal\u0131nt\u0131lar\u0131n taranmas\u0131na yard\u0131mc\u0131 olur. G\u00fcvenilir i\u015fleme ve daha g\u00fcvenli kullan\u0131m gerektiren y\u00fcksek katl\u0131 perde duvar g\u00f6r\u00fc\u015f panellerinde ve spandrel b\u00f6lgelerinde kullan\u0131l\u0131r.<\/p>","protected":false},"featured_media":931,"template":"","meta":{"_gspb_post_css":""},"product_brand":[],"product_cat":[23],"product_tag":[66,473,397,64,97,471,472,470,293,474,297],"class_list":{"0":"post-921","1":"product","2":"type-product","3":"status-publish","4":"has-post-thumbnail","6":"product_cat-heat-soaked-tempered-glass","7":"product_tag-bulk-supply","8":"product_tag-cnc-drilled-tempered-glass","9":"product_tag-curtain-wall-glass","10":"product_tag-custom-size","11":"product_tag-factory-direct","12":"product_tag-heat-soak-tempered-glass","13":"product_tag-heat-soak-testing","14":"product_tag-high-rise-facade-heat-soaked-tempered-glass","15":"product_tag-igu-ready-glass","16":"product_tag-spandrel-glass-panel","17":"product_tag-unitized-facade-glazing","19":"first","20":"instock","21":"shipping-taxable","22":"purchasable","23":"product-type-simple"},"_links":{"self":[{"href":"https:\/\/theinsulatedglass.com\/tr\/wp-json\/wp\/v2\/product\/921","targetHints":{"allow":["GET"]}}],"collection":[{"href":"https:\/\/theinsulatedglass.com\/tr\/wp-json\/wp\/v2\/product"}],"about":[{"href":"https:\/\/theinsulatedglass.com\/tr\/wp-json\/wp\/v2\/types\/product"}],"wp:featuredmedia":[{"embeddable":true,"href":"https:\/\/theinsulatedglass.com\/tr\/wp-json\/wp\/v2\/media\/931"}],"wp:attachment":[{"href":"https:\/\/theinsulatedglass.com\/tr\/wp-json\/wp\/v2\/media?parent=921"}],"wp:term":[{"taxonomy":"product_brand","embeddable":true,"href":"https:\/\/theinsulatedglass.com\/tr\/wp-json\/wp\/v2\/product_brand?post=921"},{"taxonomy":"product_cat","embeddable":true,"href":"https:\/\/theinsulatedglass.com\/tr\/wp-json\/wp\/v2\/product_cat?post=921"},{"taxonomy":"product_tag","embeddable":true,"href":"https:\/\/theinsulatedglass.com\/tr\/wp-json\/wp\/v2\/product_tag?post=921"}],"curies":[{"name":"wp","href":"https:\/\/api.w.org\/{rel}","templated":true}]}}