{"id":923,"date":"2026-01-28T08:24:24","date_gmt":"2026-01-28T08:24:24","guid":{"rendered":"https:\/\/theinsulatedglass.com\/?post_type=product&#038;p=923"},"modified":"2026-01-28T08:24:24","modified_gmt":"2026-01-28T08:24:24","slug":"supply-fire-rated-curtain-wall-glass-fire-resistant-glass","status":"publish","type":"product","link":"https:\/\/theinsulatedglass.com\/tr\/supply-fire-rated-curtain-wall-glass-fire-resistant-glass\/","title":{"rendered":"Yang\u0131n Dereceli Giydirme Cephe Cam\u0131 Temini Yang\u0131na Dayan\u0131kl\u0131 Cam"},"content":{"rendered":"<p data-start=\"70\" data-end=\"342\">Genel Bak\u0131\u015f<br data-start=\"78\" data-end=\"81\" \/>Yang\u0131n ayr\u0131m\u0131 gereken yerlerde bile g\u00fcn \u0131\u015f\u0131\u011f\u0131n\u0131n ve tasar\u0131m s\u00fcreklili\u011finin bir cephe boyunca ta\u015f\u0131nmas\u0131na izin verin. Bu yang\u0131na dayan\u0131kl\u0131 giydirme cephe cam panelleri, kontroll\u00fc netlik ve mimari y\u00fcksekliklere uygun kenar kaplamas\u0131 ile g\u00f6r\u00fc\u015f hatlar\u0131n\u0131 temiz tutmak i\u00e7in belirlenmi\u015ftir.<\/p>\n<p data-start=\"346\" data-end=\"787\">Temel \u00d6zellikler<br data-start=\"358\" data-end=\"361\" \/>- G\u00f6r\u00fc\u015f alanlar\u0131 ve caml\u0131 spandreller i\u00e7in net, n\u00f6tr bir g\u00f6r\u00fcn\u00fcm sa\u011flay\u0131n<br data-start=\"437\" data-end=\"440\" \/>- \u201cYamal\u0131\u201d bir cepheden ka\u00e7\u0131nmak i\u00e7in panelden panele tutarl\u0131 optikler sa\u011flay\u0131n<br data-start=\"513\" data-end=\"516\" \/>- Talep \u00fczerine yang\u0131na dayan\u0131kl\u0131 lamine konstr\u00fcksiyonlar arac\u0131l\u0131\u011f\u0131yla daha g\u00fcvenli k\u0131r\u0131lma davran\u0131\u015f\u0131n\u0131 destekleyin<br data-start=\"617\" data-end=\"620\" \/>- Hassas g\u00f6nyeleme ve rafine kenar i\u015f\u00e7ili\u011fi ile \u00e7evre s\u0131zd\u0131rmazl\u0131k g\u00fcvenilirli\u011fini art\u0131r\u0131n<br data-start=\"705\" data-end=\"708\" \/>- Contalar, bas\u0131n\u00e7 plakalar\u0131 ve kapak sistemleri i\u00e7in uyumlu aray\u00fczler sa\u011flay\u0131n<\/p>\n<p data-start=\"791\" data-end=\"1235\">Se\u00e7enekler &amp; \u00d6zelle\u015ftirme<br data-start=\"814\" data-end=\"817\" \/>- Proje Spesifikasyonuna uyacak \u015fekilde Sipari\u015f \u00dczerine \u00dcretilen boyutlar, \u015fekiller ve kenar detaylar\u0131<br data-start=\"890\" data-end=\"893\" \/>- D\u00fc\u015f\u00fck demirli veya \u015feffaf y\u00fczeyler ve kenar gizleme i\u00e7in iste\u011fe ba\u011fl\u0131 seramik frit bord\u00fcrler<br data-start=\"979\" data-end=\"982\" \/>- Temperli veya lamine yap\u0131lar istek \u00fczerine temin edilebilir, giydirme cephe sistemiyle koordine edilir<br data-start=\"1073\" data-end=\"1076\" \/>- Sistemin izin verdi\u011fi yerlerde ankrajlar veya ba\u011flant\u0131 par\u00e7alar\u0131 i\u00e7in delik\/\u00e7entik i\u015fleme<br data-start=\"1146\" data-end=\"1149\" \/>- Yerle\u015fim, etiketleme ve paket s\u0131ralamas\u0131 i\u00e7in \u00c7izim Deste\u011fi ve At\u00f6lye \u00c7izimi incelemesi<\/p>\n<p data-start=\"1239\" data-end=\"1492\">Tipik Uygulamalar<br data-start=\"1259\" data-end=\"1262\" \/>Yang\u0131na dayan\u0131kl\u0131 perde duvar b\u00f6lgeleri, atriyum \u00e7evre camlar\u0131, koridor yang\u0131n b\u00f6lmeleri, duman lobisi camlar\u0131, merdiven muhafazas\u0131 camlar\u0131, s\u0131\u011f\u0131nak alan\u0131 pencereleri, yang\u0131n b\u00f6lmesi s\u0131n\u0131rlar\u0131, cephe spandrel bantlar\u0131, yang\u0131na dayan\u0131kl\u0131 vitrin hatlar\u0131.<\/p>\n<p data-start=\"1496\" data-end=\"1732\">Tedarik ve Destek<br data-start=\"1512\" data-end=\"1515\" \/>\u0130stikrarl\u0131 Teslimat S\u00fcresi planlamas\u0131, a\u015famal\u0131 teslimatlar\u0131 ve saha lojisti\u011fini destekler. Her parti \u015eirket \u0130\u00e7i Kalite Kontrol noktalar\u0131n\u0131 takip eder ve paneller ihracat rotalar\u0131 i\u00e7in Sand\u0131k Paketleme ile g\u00f6nderilebilir. Standartlara uygunluk istek \u00fczerine mevcuttur.<\/p>","protected":false},"excerpt":{"rendered":"<p>Gerekli yang\u0131n ayr\u0131m\u0131n\u0131 desteklerken a\u00e7\u0131k, ayd\u0131nl\u0131k cepheler sa\u011flay\u0131n: yang\u0131na dayan\u0131kl\u0131 \u015feffaf cam\u0131m\u0131z, sistem s\u0131zd\u0131rmazl\u0131\u011f\u0131 i\u00e7in kontroll\u00fc kenarlara sahip sipari\u015f \u00fczerine \u00fcretilen giydirme cephe panelleri halinde tedarik edilir. Genellikle atriyumlar, lobiler ve ka\u00e7\u0131\u015f yolu koridorlar\u0131ndaki caml\u0131 spandreller ve g\u00f6r\u00fc\u015f alanlar\u0131 i\u00e7in belirlenir.<\/p>","protected":false},"featured_media":940,"template":"","meta":{"_gspb_post_css":""},"product_brand":[],"product_cat":[33],"product_tag":[458,66,456,459,62,64,457,455,353,454,238],"class_list":{"0":"post-923","1":"product","2":"type-product","3":"status-publish","4":"has-post-thumbnail","6":"product_cat-fire-resistant-glass","7":"product_tag-atrium-glazing","8":"product_tag-bulk-supply","9":"product_tag-ceramic-frit-border","10":"product_tag-corridor-fire-partition-glass","11":"product_tag-curtain-wall-glazing","12":"product_tag-custom-size","13":"product_tag-facade-glass-panels","14":"product_tag-fire-rated-laminated-glass","15":"product_tag-spandrel-glass","16":"product_tag-supply-fire-rated-curtain-wall-glass-fire-resistant-glass","17":"product_tag-tempered-laminated-glass","19":"first","20":"instock","21":"shipping-taxable","22":"purchasable","23":"product-type-simple"},"_links":{"self":[{"href":"https:\/\/theinsulatedglass.com\/tr\/wp-json\/wp\/v2\/product\/923","targetHints":{"allow":["GET"]}}],"collection":[{"href":"https:\/\/theinsulatedglass.com\/tr\/wp-json\/wp\/v2\/product"}],"about":[{"href":"https:\/\/theinsulatedglass.com\/tr\/wp-json\/wp\/v2\/types\/product"}],"wp:featuredmedia":[{"embeddable":true,"href":"https:\/\/theinsulatedglass.com\/tr\/wp-json\/wp\/v2\/media\/940"}],"wp:attachment":[{"href":"https:\/\/theinsulatedglass.com\/tr\/wp-json\/wp\/v2\/media?parent=923"}],"wp:term":[{"taxonomy":"product_brand","embeddable":true,"href":"https:\/\/theinsulatedglass.com\/tr\/wp-json\/wp\/v2\/product_brand?post=923"},{"taxonomy":"product_cat","embeddable":true,"href":"https:\/\/theinsulatedglass.com\/tr\/wp-json\/wp\/v2\/product_cat?post=923"},{"taxonomy":"product_tag","embeddable":true,"href":"https:\/\/theinsulatedglass.com\/tr\/wp-json\/wp\/v2\/product_tag?post=923"}],"curies":[{"name":"wp","href":"https:\/\/api.w.org\/{rel}","templated":true}]}}