{"id":924,"date":"2026-01-28T08:24:22","date_gmt":"2026-01-28T08:24:22","guid":{"rendered":"https:\/\/theinsulatedglass.com\/?post_type=product&#038;p=924"},"modified":"2026-01-28T08:24:22","modified_gmt":"2026-01-28T08:24:22","slug":"custom-build-back-paint-option-spandrel-frit-glass","status":"publish","type":"product","link":"https:\/\/theinsulatedglass.com\/tr\/custom-build-back-paint-option-spandrel-frit-glass\/","title":{"rendered":"\u00d6zel Yap\u0131m Arka Boya Se\u00e7ene\u011fi Spandrel Frit Cam"},"content":{"rendered":"<p data-start=\"63\" data-end=\"456\">Genel Bak\u0131\u015f<br data-start=\"71\" data-end=\"74\" \/>Parlama noktalar\u0131 ve d\u00fczensiz arka planlar, aksi takdirde temiz bir perde duvar\u0131 zay\u0131flatabilir. \u00d6zel Yap\u0131m Arka Boya Se\u00e7ene\u011fi Spandrel Frit Cam, yap\u0131sal elemanlar\u0131 maskelemek i\u00e7in fritli bir y\u00fczeyi iste\u011fe ba\u011fl\u0131 arka boyal\u0131 bir katmanla birle\u015ftirerek spandrel b\u00f6lgelerini g\u00f6rsel olarak sessiz tutmak i\u00e7in tasarlanm\u0131\u015ft\u0131r. Sonu\u00e7, tutarl\u0131 bir d\u0131\u015f g\u00f6r\u00fcn\u00fcm sa\u011flarken d\u00f6\u015feme kenarlar\u0131ndaki yolcu konforunu destekler.<\/p>\n<p data-start=\"460\" data-end=\"474\">Temel \u00d6zellikler<\/p>\n<p data-start=\"477\" data-end=\"549\">D\u00fczg\u00fcn bir spandrel band\u0131 i\u00e7in zemin \u00e7izgilerini, ankrajlar\u0131 ve yal\u0131t\u0131m\u0131 maskeler<\/p>\n<p data-start=\"552\" data-end=\"613\">Kontroll\u00fc frit y\u00fczeyi ile yans\u0131yan parlakl\u0131\u011f\u0131 yumu\u015fat\u0131r<\/p>\n<p data-start=\"616\" data-end=\"675\">Biti\u015fik mod\u00fcller aras\u0131nda sabit renk g\u00f6r\u00fcn\u00fcm\u00fcn\u00fc korur<\/p>\n<p data-start=\"678\" data-end=\"764\">\u0130stek \u00fczerine temin edilebilen temperli veya lamine konfig\u00fcrasyonlarla daha g\u00fcvenli yap\u0131lar\u0131 destekler<\/p>\n<p data-start=\"767\" data-end=\"839\">Dayan\u0131kl\u0131 f\u0131r\u0131nlanm\u0131\u015f frit desenleri ile uzun vadeli g\u00f6rsel tutarl\u0131l\u0131\u011f\u0131 art\u0131r\u0131r<\/p>\n<p data-start=\"843\" data-end=\"868\">Se\u00e7enekler &amp; \u00d6zelle\u015ftirme<\/p>\n<p data-start=\"871\" data-end=\"924\">Proje spesifikasyonuna g\u00f6re sipari\u015f \u00fczerine kesim boyutlar\u0131 ve \u015fekilleri<\/p>\n<p data-start=\"927\" data-end=\"993\">Arka boya renk uyumu ve opakl\u0131k seviyesi istek \u00fczerine mevcuttur<\/p>\n<p data-start=\"996\" data-end=\"1063\">Frit deseni, kapsama alan\u0131 ve y\u00f6nlendirme istek \u00fczerine mevcuttur<\/p>\n<p data-start=\"1066\" data-end=\"1152\">Ankrajlar ve braketler i\u00e7in talep \u00fczerine kenar i\u015f\u00e7ili\u011fi, delikler ve \u00e7entik\/CNC detaylar\u0131 mevcuttur<\/p>\n<p data-start=\"1155\" data-end=\"1223\">Spandrel montajlar\u0131 i\u00e7in talep \u00fczerine IGU'ya haz\u0131r d\u0131\u015f litler mevcuttur<\/p>\n<p data-start=\"1226\" data-end=\"1293\">Onay i\u015f ak\u0131\u015flar\u0131 i\u00e7in at\u00f6lye \u00e7izimi ve \u00e7izim deste\u011fi mevcuttur<\/p>\n<p data-start=\"1297\" data-end=\"1525\">Tipik Uygulamalar<br data-start=\"1317\" data-end=\"1320\" \/>Giydirme cephe spandrel panelleri, birle\u015ftirilmi\u015f cephe kasetleri, pencere duvar\u0131 spandrel bantlar\u0131, podyum spandrel camlar\u0131, parapet perdeleme camlar\u0131, kolon \u00f6rt\u00fc b\u00f6lgeleri, mekanik kat gizleme, merdiven g\u00f6be\u011fi spandrelleri<\/p>\n<p data-start=\"1529\" data-end=\"1820\">Tedarik ve Destek<br data-start=\"1545\" data-end=\"1548\" \/>Toplu \u00fcretim, \u015firket i\u00e7i kalite kontrol ve parti kay\u0131tlar\u0131yla s\u00fcrd\u00fcr\u00fclen kalite izlenebilirli\u011fi ile istikrarl\u0131 bir teslim s\u00fcresine g\u00f6re d\u00fczenlenmi\u015ftir. Saha dostu bo\u015faltma ve uzun mesafeli nakliye i\u00e7in ihracat ambalaj\u0131 ve sand\u0131k ambalaj\u0131 mevcuttur. Standartlara uygunluk istek \u00fczerine mevcuttur.<\/p>","protected":false},"excerpt":{"rendered":"<p>G\u00f6rsel olarak sakin cepheler i\u00e7in tasarlanan bu spandrel frit cam, tek tip opakl\u0131k olu\u015fturmak ve parlama yans\u0131malar\u0131n\u0131 yumu\u015fatmak i\u00e7in bir arka boya se\u00e7ene\u011fi sunar. Proje spesifikasyonlar\u0131na g\u00f6re sipari\u015fe g\u00f6re boyutlarda tedarik edilen bu cam, genellikle d\u00f6\u015feme ve yal\u0131t\u0131m\u0131 gizlemek i\u00e7in giydirme cephe spandrel panellerinde kullan\u0131l\u0131r.<\/p>","protected":false},"featured_media":945,"template":"","meta":{"_gspb_post_css":""},"product_brand":[],"product_cat":[38],"product_tag":[448,449,451,446,450,127,366,447,453,126,452],"class_list":{"0":"post-924","1":"product","2":"type-product","3":"status-publish","4":"has-post-thumbnail","6":"product_cat-silk-screen-printed-ceramic-frit-glass","7":"product_tag-back-painted-spandrel-glass","8":"product_tag-ceramic-fritted-glass","9":"product_tag-curtain-wall-spandrel-panels","10":"product_tag-custom-build-back-paint-option-spandrel-frit-glass","11":"product_tag-igu-ready-spandrel-lite","12":"product_tag-laminated-option","13":"product_tag-made-to-order","14":"product_tag-spandrel-frit-glass","15":"product_tag-stable-lead-time","16":"product_tag-tempered-option","17":"product_tag-unitized-facade-cassettes","19":"first","20":"instock","21":"shipping-taxable","22":"purchasable","23":"product-type-simple"},"_links":{"self":[{"href":"https:\/\/theinsulatedglass.com\/tr\/wp-json\/wp\/v2\/product\/924","targetHints":{"allow":["GET"]}}],"collection":[{"href":"https:\/\/theinsulatedglass.com\/tr\/wp-json\/wp\/v2\/product"}],"about":[{"href":"https:\/\/theinsulatedglass.com\/tr\/wp-json\/wp\/v2\/types\/product"}],"wp:featuredmedia":[{"embeddable":true,"href":"https:\/\/theinsulatedglass.com\/tr\/wp-json\/wp\/v2\/media\/945"}],"wp:attachment":[{"href":"https:\/\/theinsulatedglass.com\/tr\/wp-json\/wp\/v2\/media?parent=924"}],"wp:term":[{"taxonomy":"product_brand","embeddable":true,"href":"https:\/\/theinsulatedglass.com\/tr\/wp-json\/wp\/v2\/product_brand?post=924"},{"taxonomy":"product_cat","embeddable":true,"href":"https:\/\/theinsulatedglass.com\/tr\/wp-json\/wp\/v2\/product_cat?post=924"},{"taxonomy":"product_tag","embeddable":true,"href":"https:\/\/theinsulatedglass.com\/tr\/wp-json\/wp\/v2\/product_tag?post=924"}],"curies":[{"name":"wp","href":"https:\/\/api.w.org\/{rel}","templated":true}]}}