{"id":951,"date":"2026-01-28T09:02:54","date_gmt":"2026-01-28T09:02:54","guid":{"rendered":"https:\/\/theinsulatedglass.com\/?post_type=product&#038;p=951"},"modified":"2026-01-28T09:02:54","modified_gmt":"2026-01-28T09:02:54","slug":"project-spec-wholesale-smart-glass-for-partitions","status":"publish","type":"product","link":"https:\/\/theinsulatedglass.com\/tr\/project-spec-wholesale-smart-glass-for-partitions\/","title":{"rendered":"Proje Spesifikasyonu B\u00f6lmeler i\u00e7in Toptan Ak\u0131ll\u0131 Cam"},"content":{"rendered":"<p data-start=\"61\" data-end=\"406\">Genel Bak\u0131\u015f<br data-start=\"69\" data-end=\"72\" \/>Kurulumdan sonra panjur veya film eklemek yerine, ak\u0131ll\u0131 cam gizlilik ve \u0131\u015f\u0131k y\u00f6netimini b\u00f6lmenin kendisinin bir par\u00e7as\u0131 haline getirebilir. Project Spec WholesaleSmart Glass for Partitions, gerekti\u011finde mahremiyet sa\u011flarken i\u00e7 mekanlar\u0131 ayd\u0131nl\u0131k tutmaya yard\u0131mc\u0131 olan, daha rahat \u00e7al\u0131\u015fma ve misafir alanlar\u0131n\u0131 destekleyen de\u011fi\u015ftirilebilir paneller olarak tedarik edilir.<\/p>\n<p data-start=\"410\" data-end=\"424\">Temel \u00d6zellikler<\/p>\n<p data-start=\"427\" data-end=\"490\">Esnek oda kullan\u0131m\u0131 i\u00e7in a\u00e7\u0131k ve \u00f6zel durumlar aras\u0131nda ge\u00e7i\u015f yap\u0131n<\/p>\n<p data-start=\"493\" data-end=\"562\">Tutarl\u0131 optik g\u00f6r\u00fcn\u00fcm ile temiz, \u00e7er\u00e7evesiz bir g\u00f6r\u00fcn\u00fcm sa\u011flay\u0131n<\/p>\n<p data-start=\"565\" data-end=\"629\">Perdeleri, g\u00f6lgelikleri veya uygulanan filmleri de\u011fi\u015ftirerek da\u011f\u0131n\u0131kl\u0131\u011f\u0131 azalt\u0131n<\/p>\n<p data-start=\"632\" data-end=\"703\">\u0130\u00e7 cam hatlar\u0131 i\u00e7in lamine g\u00fcvenlik cam\u0131 olarak g\u00fcvenle entegre edin<\/p>\n<p data-start=\"706\" data-end=\"779\">Tekrarlanabilir kenar i\u015f\u00e7ili\u011fi ve kesme konumlar\u0131 ile d\u00fczenli kurulumu destekleyin<\/p>\n<p data-start=\"783\" data-end=\"808\">Se\u00e7enekler &amp; \u00d6zelle\u015ftirme<\/p>\n<p data-start=\"783\" data-end=\"808\">B\u00f6lme \u0131zgaralar\u0131na ve kap\u0131 yanaklar\u0131na uymas\u0131 i\u00e7in \u00d6zel Boyut \/ Sipari\u015f \u00dczerine \u00dcretilen paneller<\/p>\n<p data-start=\"894\" data-end=\"977\">Sistemin gerektirdi\u011fi \u015fekilde tedarik edilen ak\u0131ll\u0131 ara katmanl\u0131 lamine konstr\u00fcksiyonlar<\/p>\n<p data-start=\"980\" data-end=\"1053\">Daha y\u00fcksek kullan\u0131m sa\u011flaml\u0131\u011f\u0131 i\u00e7in istek \u00fczerine temperlenmi\u015f alt tabakalar mevcuttur<\/p>\n<p data-start=\"1056\" data-end=\"1129\">Kablolama \u00e7\u0131k\u0131\u015f yeri ve kontrol aray\u00fcz\u00fc At\u00f6lye \u00c7izimi ile koordine edilmi\u015ftir<\/p>\n<p data-start=\"1132\" data-end=\"1203\">\u00d6zel etiketleme, k\u0131lavuzlar ve ambalaj i\u015faretleri i\u00e7in OEM\/ODM Hizmeti<\/p>\n<p data-start=\"1207\" data-end=\"1461\">Tipik Uygulamalar<br data-start=\"1227\" data-end=\"1230\" \/>Ofis toplant\u0131 odas\u0131 b\u00f6lmeleri, konferans odas\u0131 cam duvarlar\u0131, y\u00f6netici ofis cepheleri, otel lobisi gizlilik ekranlar\u0131, sa\u011fl\u0131k dan\u0131\u015fma odalar\u0131, klinik g\u00f6zlem b\u00f6lmeleri, perakende montaj odas\u0131 b\u00f6l\u00fcc\u00fcler, resepsiyon masas\u0131 arka planlar\u0131<\/p>\n<p data-start=\"1465\" data-end=\"1788\">Tedarik ve Destek<br data-start=\"1481\" data-end=\"1484\" \/>Hacimli \u00dcretim ve Toplu Tedarik programlar\u0131, \u00e7ok katl\u0131 da\u011f\u0131t\u0131mlar i\u00e7in Kararl\u0131 Teslimat S\u00fcresi planlamas\u0131 ile mevcuttur. \u015eirket \u0130\u00e7i Kalite Kontrol ve Kalite \u0130zlenebilirli\u011fi, harmanlama ve panel tan\u0131mlamas\u0131na uygulan\u0131r ve \u0130hracat Ambalaj\u0131 \/ Kasa Ambalaj\u0131 daha g\u00fcvenli nakliyeyi destekler. Standartlara uygunluk istek \u00fczerine mevcuttur.<\/p>","protected":false},"excerpt":{"rendered":"<p>Proje \u00f6zelliklerine g\u00f6re \u00fcretilen de\u011fi\u015ftirilebilir ak\u0131ll\u0131 cam paneller, g\u00fcn \u0131\u015f\u0131\u011f\u0131ndan \u00f6d\u00fcn vermeden iste\u011fe ba\u011fl\u0131 gizlilik sa\u011flar. Temiz hatlar\u0131n ve kolay bak\u0131m\u0131n \u00f6nemli oldu\u011fu ofis b\u00f6lmeleri ve toplant\u0131 odas\u0131 duvarlar\u0131 i\u00e7in fabrikadan do\u011frudan hacim deste\u011fi ile sipari\u015fe g\u00f6re boyutlarda tedarik edilir.<\/p>","protected":false},"featured_media":961,"template":"","meta":{"_gspb_post_css":""},"product_brand":[],"product_cat":[39],"product_tag":[66,64,508,507,504,506,86,136,505,503,196,61],"class_list":{"0":"post-951","1":"product","2":"type-product","3":"status-publish","4":"has-post-thumbnail","6":"product_cat-smart-glass-pdlc-glass","7":"product_tag-bulk-supply","8":"product_tag-custom-size","9":"product_tag-healthcare-consultation-partition","10":"product_tag-hotel-privacy-partition","11":"product_tag-laminated-smart-glass-panels","12":"product_tag-meeting-room-glass-wall","13":"product_tag-oem-odm-service","14":"product_tag-office-partition-glass","15":"product_tag-privacy-glass-interlayer","16":"product_tag-project-spec-wholesalesmart-glass-for-partitions","17":"product_tag-switchable-smart-glass","18":"product_tag-tempered-glass-option","20":"first","21":"instock","22":"shipping-taxable","23":"purchasable","24":"product-type-simple"},"_links":{"self":[{"href":"https:\/\/theinsulatedglass.com\/tr\/wp-json\/wp\/v2\/product\/951","targetHints":{"allow":["GET"]}}],"collection":[{"href":"https:\/\/theinsulatedglass.com\/tr\/wp-json\/wp\/v2\/product"}],"about":[{"href":"https:\/\/theinsulatedglass.com\/tr\/wp-json\/wp\/v2\/types\/product"}],"wp:featuredmedia":[{"embeddable":true,"href":"https:\/\/theinsulatedglass.com\/tr\/wp-json\/wp\/v2\/media\/961"}],"wp:attachment":[{"href":"https:\/\/theinsulatedglass.com\/tr\/wp-json\/wp\/v2\/media?parent=951"}],"wp:term":[{"taxonomy":"product_brand","embeddable":true,"href":"https:\/\/theinsulatedglass.com\/tr\/wp-json\/wp\/v2\/product_brand?post=951"},{"taxonomy":"product_cat","embeddable":true,"href":"https:\/\/theinsulatedglass.com\/tr\/wp-json\/wp\/v2\/product_cat?post=951"},{"taxonomy":"product_tag","embeddable":true,"href":"https:\/\/theinsulatedglass.com\/tr\/wp-json\/wp\/v2\/product_tag?post=951"}],"curies":[{"name":"wp","href":"https:\/\/api.w.org\/{rel}","templated":true}]}}