{"id":980,"date":"2026-01-28T09:02:41","date_gmt":"2026-01-28T09:02:41","guid":{"rendered":"https:\/\/theinsulatedglass.com\/?post_type=product&#038;p=980"},"modified":"2026-01-28T09:02:41","modified_gmt":"2026-01-28T09:02:41","slug":"custom-build-bulk-high-security-laminated-glass","status":"publish","type":"product","link":"https:\/\/theinsulatedglass.com\/tr\/custom-build-bulk-high-security-laminated-glass\/","title":{"rendered":"\u00d6zel Yap\u0131m D\u00f6kme Y\u00fcksek G\u00fcvenlikli Lamine Cam"},"content":{"rendered":"<p data-start=\"60\" data-end=\"351\">Genel Bak\u0131\u015f<br data-start=\"68\" data-end=\"71\" \/>Y\u00fcksek riskli bina b\u00f6lgeleri i\u00e7in tasarlanan bu y\u00fcksek g\u00fcvenlikli lamine cam, k\u0131r\u0131ld\u0131\u011f\u0131nda yerinde kalmak i\u00e7in \u00e7oklu katlar\u0131 ve sert ara katmanlar\u0131 birle\u015ftirir. Sonu\u00e7, izinsiz giri\u015fleri geciktirmeye yard\u0131mc\u0131 olan ve yap\u0131sal a\u00e7\u0131kl\u0131klardaki tehlikeli serpintileri azaltan dayan\u0131kl\u0131, y\u00fcksek tutuculu\u011fa sahip camd\u0131r.<\/p>\n<p data-start=\"355\" data-end=\"766\">Temel \u00d6zellikler<br data-start=\"367\" data-end=\"370\" \/>- K\u0131r\u0131ld\u0131ktan sonra par\u00e7alar\u0131 bir arada tutarak darbelere ve zorla girme giri\u015fimlerine kar\u015f\u0131 dayan\u0131kl\u0131d\u0131r<br data-start=\"457\" data-end=\"460\" \/>- Bina sakinlerini ve biti\u015fik varl\u0131klar\u0131 korumaya yard\u0131mc\u0131 olmak i\u00e7in panel b\u00fct\u00fcnl\u00fc\u011f\u00fcn\u00fc korur<br data-start=\"533\" data-end=\"536\" \/>- Cam serpintilerini ve keskin par\u00e7alar\u0131n da\u011f\u0131lmas\u0131n\u0131 s\u0131n\u0131rland\u0131rarak g\u00fcvenli\u011fi art\u0131r\u0131r<br data-start=\"606\" data-end=\"609\" \/>- Kontroll\u00fc laminasyon ve \u015eirket i\u00e7i kalite kontrolleri ile uzun s\u00fcreli dayan\u0131kl\u0131l\u0131\u011f\u0131 destekler<br data-start=\"690\" data-end=\"693\" \/>- G\u00f6zetim ve kontroll\u00fc eri\u015fim alanlar\u0131 i\u00e7in temiz g\u00f6r\u00fc\u015f hatlar\u0131 sa\u011flar<\/p>\n<p data-start=\"770\" data-end=\"1370\">Se\u00e7enekler &amp; \u00d6zelle\u015ftirme<br data-start=\"793\" data-end=\"796\" \/>- A\u00e7\u0131l\u0131\u015f program\u0131n\u0131za g\u00f6re \u00d6zel Boyut \/ Sipari\u015f \u00dczerine \u00dcretilen boyutlar\u0131 se\u00e7in<br data-start=\"874\" data-end=\"877\" \/>- Gerekti\u011fi gibi tavlanm\u0131\u015f, temperlenmi\u015f veya \u0131s\u0131yla g\u00fc\u00e7lendirilmi\u015f katlara sahip cam yap\u0131lar\u0131 belirtin<br data-start=\"966\" data-end=\"969\" \/>- Proje performans hedeflerine uygun ara katman t\u00fcrlerini ve kombinasyonlar\u0131n\u0131 (\u00f6rn. PVB veya iyonoplast) se\u00e7in<br data-start=\"1073\" data-end=\"1076\" \/>- Proje Spesifikasyonu ve \u0130malat \u00c7izimi deste\u011fi ile kenar bitirme, k\u00f6\u015fe yar\u0131\u00e7aplar\u0131, \u00e7entikler ve delinmi\u015f delikler ekleyin<br data-start=\"1181\" data-end=\"1184\" \/>- G\u00f6r\u00fcn\u00fcrl\u00fck ve parlama y\u00f6netimi i\u00e7in renk tonlar\u0131, d\u00fc\u015f\u00fck demirli cam veya seramik frit desenleri entegre edin<br data-start=\"1279\" data-end=\"1282\" \/>- G\u00fcvenli giydirme cephe veya pencere sistemleri i\u00e7in lamine lite sahip IGU makyajlar\u0131 talep edin<\/p>\n<p data-start=\"1374\" data-end=\"1586\">Tipik Uygulamalar<br data-start=\"1394\" data-end=\"1397\" \/>Bek\u00e7i kabinleri, g\u00fcvenlik pencereleri, banka vezne hatlar\u0131, el\u00e7ilikler ve konsolosluklar, g\u00f6zalt\u0131 tesisleri, veri merkezleri, kontrol odalar\u0131, g\u00fcvenli lobiler, \u00e7evre camlar\u0131, y\u00fcksek g\u00fcvenlikli b\u00f6lmeler<\/p>\n<p data-start=\"1590\" data-end=\"1879\">Tedarik ve Destek<br data-start=\"1606\" data-end=\"1609\" \/>\u00c7izim koordinasyonu ve Kalite \u0130zlenebilirli\u011fi ile desteklenen Toplu Tedarik planlamas\u0131 ile Fabrika Do\u011frudan hacimli \u00fcretim mevcuttur. Uluslararas\u0131 teslimat i\u00e7in istikrarl\u0131 teslim s\u00fcresi ve \u0130hracat Ambalaj\u0131 \/ Sand\u0131k Ambalaj\u0131 d\u00fczenlenmi\u015ftir. Talep \u00fczerine standartlara uygunluk mevcuttur.<\/p>","protected":false},"excerpt":{"rendered":"<p>Darbeden sonra yolcular\u0131 korumak i\u00e7in tasarlanan bu y\u00fcksek g\u00fcvenlikli lamine cam, zorlu projeler i\u00e7in sipari\u015f \u00fczerine \u00fcretilir ve tutarl\u0131 kalite kontrol\u00fc ile hacimli olarak tedarik edilir. K\u0131r\u0131lma sonras\u0131 koruma ve netli\u011fin \u00f6nemli oldu\u011fu bek\u00e7i kabinleri ve i\u015flem pencereleri i\u00e7in g\u00fcvenilir bir se\u00e7imdir.<\/p>","protected":false},"featured_media":981,"template":"","meta":{"_gspb_post_css":""},"product_brand":[],"product_cat":[31],"product_tag":[66,62,480,64,483,101,481,482,103,238,484],"class_list":{"0":"post-980","1":"product","2":"type-product","3":"status-publish","4":"has-post-thumbnail","6":"product_cat-explosion-proof-glass","7":"product_tag-bulk-supply","8":"product_tag-curtain-wall-glazing","9":"product_tag-custom-build-bulk-high-security-laminated-glass","10":"product_tag-custom-size","11":"product_tag-guard-booth-glass","12":"product_tag-ionoplast-interlayer","13":"product_tag-laminated-safety-glazing","14":"product_tag-multi-ply-lamination","15":"product_tag-security-window-glazing","16":"product_tag-tempered-laminated-glass","17":"product_tag-transaction-counter-glass","19":"first","20":"instock","21":"shipping-taxable","22":"purchasable","23":"product-type-simple"},"_links":{"self":[{"href":"https:\/\/theinsulatedglass.com\/tr\/wp-json\/wp\/v2\/product\/980","targetHints":{"allow":["GET"]}}],"collection":[{"href":"https:\/\/theinsulatedglass.com\/tr\/wp-json\/wp\/v2\/product"}],"about":[{"href":"https:\/\/theinsulatedglass.com\/tr\/wp-json\/wp\/v2\/types\/product"}],"wp:featuredmedia":[{"embeddable":true,"href":"https:\/\/theinsulatedglass.com\/tr\/wp-json\/wp\/v2\/media\/981"}],"wp:attachment":[{"href":"https:\/\/theinsulatedglass.com\/tr\/wp-json\/wp\/v2\/media?parent=980"}],"wp:term":[{"taxonomy":"product_brand","embeddable":true,"href":"https:\/\/theinsulatedglass.com\/tr\/wp-json\/wp\/v2\/product_brand?post=980"},{"taxonomy":"product_cat","embeddable":true,"href":"https:\/\/theinsulatedglass.com\/tr\/wp-json\/wp\/v2\/product_cat?post=980"},{"taxonomy":"product_tag","embeddable":true,"href":"https:\/\/theinsulatedglass.com\/tr\/wp-json\/wp\/v2\/product_tag?post=980"}],"curies":[{"name":"wp","href":"https:\/\/api.w.org\/{rel}","templated":true}]}}