{"id":987,"date":"2026-01-28T09:35:15","date_gmt":"2026-01-28T09:35:15","guid":{"rendered":"https:\/\/theinsulatedglass.com\/?post_type=product&#038;p=987"},"modified":"2026-01-28T09:35:15","modified_gmt":"2026-01-28T09:35:15","slug":"custom-size-wholesale-warm-edge-igu-insulating-glass","status":"publish","type":"product","link":"https:\/\/theinsulatedglass.com\/tr\/custom-size-wholesale-warm-edge-igu-insulating-glass\/","title":{"rendered":"\u00d6zel Boyutlu Toptan S\u0131cak Kenarl\u0131 IGU Is\u0131cam"},"content":{"rendered":"<p data-start=\"65\" data-end=\"455\">Genel Bak\u0131\u015f<br data-start=\"73\" data-end=\"76\" \/>Is\u0131cam \u00fcniteleri, sipari\u015ften teslimata kadar her ayr\u0131nt\u0131 proje program\u0131na uygun oldu\u011funda en iyi performans\u0131 g\u00f6sterir. S\u0131cak kenar IGU'muz pencere ve giydirme cephe programlar\u0131 i\u00e7in sipari\u015f \u00fczerine \u00fcretilir ve geleneksel metal ara par\u00e7alara k\u0131yasla kenar konforunu art\u0131rmaya ve yo\u011fu\u015fma riskini azaltmaya yard\u0131mc\u0131 olur (tasar\u0131ma ba\u011fl\u0131d\u0131r). Toptan tedarik, a\u015famalar ve kotlar aras\u0131nda tekrarlanabilir \u00fcretimi destekler.<\/p>\n<p data-start=\"459\" data-end=\"858\">Temel \u00d6zellikler<br data-start=\"471\" data-end=\"474\" \/>- Kesim listenize ve cephe \u0131zgaran\u0131za uymas\u0131 i\u00e7in birim boyutlar\u0131n\u0131 ve etiketlemeyi koordine edin<br data-start=\"549\" data-end=\"552\" \/>- S\u0131cak kenar ara par\u00e7as\u0131 teknolojisi ile \u00e7evre b\u00f6lgelerdeki \u0131s\u0131 k\u00f6pr\u00fclemesini azalt\u0131n<br data-start=\"627\" data-end=\"630\" \/>- Kenar ko\u015fullar\u0131n\u0131 stabilize ederek cam hatlar\u0131n\u0131n yak\u0131n\u0131nda i\u00e7 mekan konforunu iyile\u015ftirin<br data-start=\"704\" data-end=\"707\" \/>- Kontroll\u00fc m\u00fch\u00fcrleme ve kurum i\u00e7i kalite kontrolleri ile uzun vadeli hizmeti destekleyin<br data-start=\"781\" data-end=\"784\" \/>- Tutarl\u0131 birim kimli\u011fi y\u00f6netimi sayesinde kurulum s\u0131ralamas\u0131n\u0131 basitle\u015ftirin<\/p>\n<p data-start=\"862\" data-end=\"1295\">Se\u00e7enekler &amp; \u00d6zelle\u015ftirme<br data-start=\"885\" data-end=\"888\" \/>- \u00c7izimlere g\u00f6re \u00f6zel boyutta IGU imalat\u0131; at\u00f6lye \u00e7izim deste\u011fi mevcuttur<br data-start=\"962\" data-end=\"965\" \/>- Talep \u00fczerine \u00e7ift veya \u00fc\u00e7l\u00fc cam makyajlar\u0131 mevcuttur<br data-start=\"1021\" data-end=\"1024\" \/>- Talep \u00fczerine Low-E, renkli veya d\u00fc\u015f\u00fck demirli cam se\u00e7enekleri mevcuttur<br data-start=\"1090\" data-end=\"1093\" \/>- Belirtildi\u011fi gibi gaz dolumu, kurutucu se\u00e7imi ve ara par\u00e7a renk se\u00e7enekleri<br data-start=\"1163\" data-end=\"1166\" \/>- G\u00fcvenlik ihtiya\u00e7lar\u0131 i\u00e7in talep \u00fczerine temperli veya lamine cam kombinasyonlar\u0131 mevcuttur<br data-start=\"1246\" data-end=\"1249\" \/>- Standartlara uygunluk istek \u00fczerine mevcuttur.<\/p>\n<p data-start=\"1299\" data-end=\"1502\">Tipik Uygulamalar<br data-start=\"1319\" data-end=\"1322\" \/>Konut pencereleri, s\u00fcrg\u00fcl\u00fc kap\u0131lar, vitrin pencereleri, perde duvar g\u00f6r\u00fc\u015f alanlar\u0131, pencere duvar sistemleri, balkon kap\u0131lar\u0131, \u00e7at\u0131 pencereleri, g\u00fcne\u015f odas\u0131 camlar\u0131, kurumsal bina zarflar\u0131.<\/p>\n<p data-start=\"1506\" data-end=\"1780\">Tedarik ve Destek<br data-start=\"1522\" data-end=\"1525\" \/>A\u015famal\u0131 sevkiyatlar i\u00e7in istikrarl\u0131 teslim s\u00fcresi planlamas\u0131 ile toplu tedarik i\u00e7in hacimli \u00fcretim yap\u0131yoruz. \u0130hracat ambalaj\u0131 ve sand\u0131k ambalaj\u0131, birim listeleri, denetim kay\u0131tlar\u0131 ve \u015firket i\u00e7i kalite kontrol\u00fcnden izlenebilirlik belgeleri ile birlikte daha g\u00fcvenli transit i\u00e7in d\u00fczenlenebilir.<\/p>","protected":false},"excerpt":{"rendered":"<p>S\u0131cak kenarl\u0131 IGU yal\u0131t\u0131m cam\u0131, tutarl\u0131 proje planlamas\u0131n\u0131 ve iyile\u015ftirilmi\u015f kenar konforunu (tasar\u0131ma ba\u011fl\u0131) desteklemek i\u00e7in sipari\u015f \u00fczerine yap\u0131lan boyutlarda toptan olarak tedarik edilir. Yo\u011fu\u015fma kontrol\u00fc ve tekrarlanabilirli\u011fin \u00f6nemli oldu\u011fu konut pencereleri ve giydirme cephe g\u00f6r\u00fc\u015f \u00fcniteleri i\u00e7in pratik bir se\u00e7imdir.<\/p>","protected":false},"featured_media":992,"template":"","meta":{"_gspb_post_css":""},"product_brand":[],"product_cat":[25],"product_tag":[66,232,64,538,230,540,541,65,542,539,60,543,231],"class_list":{"0":"post-987","1":"product","2":"type-product","3":"status-publish","4":"has-post-thumbnail","6":"product_cat-insulating-glass-igu","7":"product_tag-bulk-supply","8":"product_tag-curtain-wall-igu","9":"product_tag-custom-size","10":"product_tag-custom-size-wholesale-warm-edge-igu-insulating-glass","11":"product_tag-double-glazing","12":"product_tag-insulating-glass-unit","13":"product_tag-low-e-option","14":"product_tag-shop-drawing-support","15":"product_tag-sliding-door-glazing","16":"product_tag-warm-edge-igu","17":"product_tag-warm-edge-spacer","18":"product_tag-wholesale","19":"product_tag-window-igu","21":"first","22":"instock","23":"shipping-taxable","24":"purchasable","25":"product-type-simple"},"_links":{"self":[{"href":"https:\/\/theinsulatedglass.com\/tr\/wp-json\/wp\/v2\/product\/987","targetHints":{"allow":["GET"]}}],"collection":[{"href":"https:\/\/theinsulatedglass.com\/tr\/wp-json\/wp\/v2\/product"}],"about":[{"href":"https:\/\/theinsulatedglass.com\/tr\/wp-json\/wp\/v2\/types\/product"}],"wp:featuredmedia":[{"embeddable":true,"href":"https:\/\/theinsulatedglass.com\/tr\/wp-json\/wp\/v2\/media\/992"}],"wp:attachment":[{"href":"https:\/\/theinsulatedglass.com\/tr\/wp-json\/wp\/v2\/media?parent=987"}],"wp:term":[{"taxonomy":"product_brand","embeddable":true,"href":"https:\/\/theinsulatedglass.com\/tr\/wp-json\/wp\/v2\/product_brand?post=987"},{"taxonomy":"product_cat","embeddable":true,"href":"https:\/\/theinsulatedglass.com\/tr\/wp-json\/wp\/v2\/product_cat?post=987"},{"taxonomy":"product_tag","embeddable":true,"href":"https:\/\/theinsulatedglass.com\/tr\/wp-json\/wp\/v2\/product_tag?post=987"}],"curies":[{"name":"wp","href":"https:\/\/api.w.org\/{rel}","templated":true}]}}