{"id":988,"date":"2026-01-28T09:35:12","date_gmt":"2026-01-28T09:35:12","guid":{"rendered":"https:\/\/theinsulatedglass.com\/?post_type=product&#038;p=988"},"modified":"2026-01-28T09:35:12","modified_gmt":"2026-01-28T09:35:12","slug":"factory-direct-laminated-glass-for-structural-use","status":"publish","type":"product","link":"https:\/\/theinsulatedglass.com\/tr\/factory-direct-laminated-glass-for-structural-use\/","title":{"rendered":"Yap\u0131sal Kullan\u0131m \u0130\u00e7in Fabrika Do\u011frudan Lamine Cam"},"content":{"rendered":"<p data-start=\"62\" data-end=\"387\">Genel Bak\u0131\u015f<br data-start=\"70\" data-end=\"73\" \/>Yap\u0131sal cam sistemleri i\u00e7in tasarlanan lamine cam, laminat hatt\u0131na ula\u015fmadan \u00f6nce temiz bir geometriye ihtiya\u00e7 duyar. Yap\u0131sal Kullan\u0131m i\u00e7in Fabrika Do\u011frudan Lamine Cam, i\u015fleme do\u011frulu\u011funa (kenarlar, delikler ve kesikler) \u00f6ncelik verir, b\u00f6ylece bitmi\u015f paneller kelep\u00e7eler, nokta sabitlemeleri ve destek profilleriyle sorunsuz bir \u015fekilde entegre olur.<\/p>\n<p data-start=\"391\" data-end=\"405\">Temel \u00d6zellikler<\/p>\n<p data-start=\"408\" data-end=\"499\">Laminasyondan \u00f6nce kesim boyutunu ve kareli\u011fini kontrol ederek proje tutarl\u0131l\u0131\u011f\u0131n\u0131 g\u00fc\u00e7lendirin<\/p>\n<p data-start=\"502\" data-end=\"578\">Dayan\u0131kl\u0131 bir ara katman ile litleri ba\u011flayarak k\u0131r\u0131lma sonras\u0131 b\u00fct\u00fcnl\u00fc\u011f\u00fc destekler<\/p>\n<p data-start=\"581\" data-end=\"657\">Zarif kenar bitirme ve korumal\u0131 k\u00f6\u015feler sayesinde daha g\u00fcvenli kullan\u0131m sa\u011flar<\/p>\n<p data-start=\"660\" data-end=\"732\">Ba\u011flant\u0131 par\u00e7alar\u0131, dikmeler ve braketler i\u00e7in g\u00fcvenilir delik hizalamas\u0131 sa\u011flay\u0131n<\/p>\n<p data-start=\"735\" data-end=\"814\">Panel tan\u0131mlama ve y\u00f6nlendirme etiketi ile saha kurulumunu basitle\u015ftirin<\/p>\n<p data-start=\"818\" data-end=\"843\">Se\u00e7enekler &amp; \u00d6zelle\u015ftirme<\/p>\n<p data-start=\"846\" data-end=\"917\">Proje Spesifikasyon gereksinimlerine g\u00f6re \u00d6zel Boyut \/ Sipari\u015f \u00dczerine \u00dcretilen paneller<\/p>\n<p data-start=\"920\" data-end=\"990\">At\u00f6lye \u00c7izimine g\u00f6re sa\u011flanan CNC delme, \u00e7entikler ve karma\u015f\u0131k \u015fekillendirme<\/p>\n<p data-start=\"993\" data-end=\"1059\">Ara katman se\u00e7enekleri (\u00f6rn. PVB veya iyonoplast) istek \u00fczerine mevcuttur<\/p>\n<p data-start=\"1062\" data-end=\"1134\">\u015eeffaf, d\u00fc\u015f\u00fck demirli, renkli veya seramik fritli y\u00fczeyler ihtiyaca g\u00f6re temin edilir<\/p>\n<p data-start=\"1137\" data-end=\"1218\">Yap\u0131sal tasar\u0131m amac\u0131na uygun olarak sunulan temperli alt tabakalar veya kar\u0131\u015f\u0131k makyajlar<\/p>\n<p data-start=\"1222\" data-end=\"1451\">Tipik Uygulamalar<br data-start=\"1242\" data-end=\"1245\" \/>Cam korkuluklar ve korkuluklar, noktasal sabit cephe camlar\u0131, cam kanat\u00e7\u0131klar, merdiven koruma panelleri, yap\u0131sal i\u00e7 perdeler, laminasyonlu ba\u015f \u00fcst\u00fc kanopiler, \u00e7at\u0131 penceresi g\u00fcvenlik camlar\u0131, atriyum kenar bariyerleri<\/p>\n<p data-start=\"1455\" data-end=\"1739\">Tedarik ve Destek<br data-start=\"1471\" data-end=\"1474\" \/>\u015eirket \u0130\u00e7i Kalite Kontrol, a\u015famal\u0131 projeler ve Hacimli \u00dcretim i\u00e7in \u0130stikrarl\u0131 Teslimat S\u00fcresi planlamas\u0131 ile temel boyutlar\u0131 ve kenar kalitesini do\u011frular. \u0130hracat Ambalaj\u0131 \/ Sand\u0131k Ambalaj\u0131, uzun mesafeli nakliye ve saha kald\u0131rma i\u015f ak\u0131\u015flar\u0131n\u0131 destekler. Standartlara uygunluk istek \u00fczerine mevcuttur.<\/p>","protected":false},"excerpt":{"rendered":"<p>Yedeklili\u011fin \u00f6nemli oldu\u011fu yap\u0131sal camlar i\u00e7in bu lamine paneller, k\u0131r\u0131ld\u0131ktan sonra par\u00e7alar\u0131 bir arada tutmaya yard\u0131mc\u0131 olmak i\u00e7in bir ara katman kullan\u0131r. Sipari\u015f \u00fczerine temiz kenarl\u0131 boyutlarda \u00fcretilen bu paneller, noktadan sabitlenen korkuluklara, cam kanatlara ve di\u011fer y\u00fck a\u00e7\u0131s\u0131ndan kritik montajlara uygundur.<\/p>","protected":false},"featured_media":996,"template":"","meta":{"_gspb_post_css":""},"product_brand":[],"product_cat":[30],"product_tag":[537,533,64,97,531,534,535,101,532,536,238,263],"class_list":{"0":"post-988","1":"product","2":"type-product","3":"status-publish","4":"has-post-thumbnail","6":"product_cat-laminated-glass","7":"product_tag-canopy-safety-glazing","8":"product_tag-cnc-drilled-glass","9":"product_tag-custom-size","10":"product_tag-factory-direct","11":"product_tag-factory-direct-laminated-glass-for-structural-use","12":"product_tag-glass-balustrade-panels","13":"product_tag-glass-fin-glazing","14":"product_tag-ionoplast-interlayer","15":"product_tag-laminated-structural-glass","16":"product_tag-point-fixed-facade-glass","17":"product_tag-tempered-laminated-glass","18":"product_tag-volume-production","20":"first","21":"instock","22":"shipping-taxable","23":"purchasable","24":"product-type-simple"},"_links":{"self":[{"href":"https:\/\/theinsulatedglass.com\/tr\/wp-json\/wp\/v2\/product\/988","targetHints":{"allow":["GET"]}}],"collection":[{"href":"https:\/\/theinsulatedglass.com\/tr\/wp-json\/wp\/v2\/product"}],"about":[{"href":"https:\/\/theinsulatedglass.com\/tr\/wp-json\/wp\/v2\/types\/product"}],"wp:featuredmedia":[{"embeddable":true,"href":"https:\/\/theinsulatedglass.com\/tr\/wp-json\/wp\/v2\/media\/996"}],"wp:attachment":[{"href":"https:\/\/theinsulatedglass.com\/tr\/wp-json\/wp\/v2\/media?parent=988"}],"wp:term":[{"taxonomy":"product_brand","embeddable":true,"href":"https:\/\/theinsulatedglass.com\/tr\/wp-json\/wp\/v2\/product_brand?post=988"},{"taxonomy":"product_cat","embeddable":true,"href":"https:\/\/theinsulatedglass.com\/tr\/wp-json\/wp\/v2\/product_cat?post=988"},{"taxonomy":"product_tag","embeddable":true,"href":"https:\/\/theinsulatedglass.com\/tr\/wp-json\/wp\/v2\/product_tag?post=988"}],"curies":[{"name":"wp","href":"https:\/\/api.w.org\/{rel}","templated":true}]}}