{"id":989,"date":"2026-01-28T09:35:09","date_gmt":"2026-01-28T09:35:09","guid":{"rendered":"https:\/\/theinsulatedglass.com\/?post_type=product&#038;p=989"},"modified":"2026-01-28T09:35:09","modified_gmt":"2026-01-28T09:35:09","slug":"low-iron-option-factory-direct-ultra-clear-glass","status":"publish","type":"product","link":"https:\/\/theinsulatedglass.com\/tr\/low-iron-option-factory-direct-ultra-clear-glass\/","title":{"rendered":"D\u00fc\u015f\u00fck Demir Se\u00e7ene\u011fi Fabrika Do\u011frudan Ultra \u015eeffaf Cam"},"content":{"rendered":"<p data-start=\"61\" data-end=\"393\">Genel Bak\u0131\u015f<br data-start=\"69\" data-end=\"72\" \/>G\u00fcn \u0131\u015f\u0131\u011f\u0131n\u0131n ve ger\u00e7ek renk sunumunun tasar\u0131m \u00f6ncelikleri oldu\u011fu yerlerde, ultra \u015feffaf d\u00fc\u015f\u00fck demirli cam, standart d\u00fcz camda g\u00f6r\u00fclen ye\u015fil renk tonunu en aza indirmeye yard\u0131mc\u0131 olur. Yal\u0131t\u0131m \u00fcniteleri ve cephe konforu i\u00e7in belirtilen kaplamal\u0131 konfig\u00fcrasyonlar dahil olmak \u00fczere enerji odakl\u0131 cam yap\u0131lar\u0131 i\u00e7in s\u0131kl\u0131kla y\u00fcksek netlikte bir alt tabaka olarak se\u00e7ilir.<\/p>\n<p data-start=\"397\" data-end=\"411\">Temel \u00d6zellikler<\/p>\n<p data-start=\"414\" data-end=\"493\">Daha parlak i\u00e7 mekanlar ve daha do\u011fru \u00fcr\u00fcn sunumu i\u00e7in daha temiz optikler sa\u011flay\u0131n.<\/p>\n<p data-start=\"496\" data-end=\"572\">Kal\u0131n veya katmanl\u0131 yap\u0131larda daha n\u00f6tr bir g\u00f6r\u00fcn\u00fcm i\u00e7in kenar tonunu azalt\u0131n.<\/p>\n<p data-start=\"575\" data-end=\"655\">Yapay ayd\u0131nlatmaya ba\u011f\u0131ml\u0131l\u0131\u011f\u0131 azaltabilecek g\u00fcn \u0131\u015f\u0131\u011f\u0131 stratejilerini destekleyin.<\/p>\n<p data-start=\"658\" data-end=\"743\">G\u00fcvenlik cam\u0131 ihtiya\u00e7lar\u0131 i\u00e7in temperleme veya laminasyon gibi \u00fcretim yollar\u0131n\u0131 etkinle\u015ftirin.<\/p>\n<p data-start=\"746\" data-end=\"816\">Lot baz\u0131nda Kurum \u0130\u00e7i Kalite Kontrol ve Kalite \u0130zlenebilirli\u011fi ile tutarl\u0131l\u0131\u011f\u0131 koruyun.<\/p>\n<p data-start=\"820\" data-end=\"845\">Se\u00e7enekler &amp; \u00d6zelle\u015ftirme<\/p>\n<p data-start=\"848\" data-end=\"928\">Proje spesifikasyon gereksinimlerine uyacak \u015fekilde Sipari\u015fe G\u00f6re Kesilmi\u015f boyutlar ve \u015fekiller sa\u011flay\u0131n.<\/p>\n<p data-start=\"931\" data-end=\"1013\">Kal\u0131p yerle\u015fimleri ve kalk\u0131\u015flar i\u00e7in \u00c7izim Deste\u011fi ve At\u00f6lye \u00c7izimi incelemesi sunun.<\/p>\n<p data-start=\"1016\" data-end=\"1094\">Talep \u00fczerine monolitik, temperli, lamine veya IGU'ya haz\u0131r lamba olarak yap\u0131land\u0131r\u0131n.<\/p>\n<p data-start=\"1097\" data-end=\"1182\">G\u00f6r\u00fcn\u00fcr kurulumlara uyacak \u015fekilde kenar i\u015f\u00e7ili\u011fi se\u00e7enekleri (diki\u015fli, arrisli, cilal\u0131) haz\u0131rlay\u0131n.<\/p>\n<p data-start=\"1185\" data-end=\"1257\">Etiketleme, barkodlar ve model bazl\u0131 kit olu\u015fturma i\u00e7in OEM\/ODM Hizmeti d\u00fczenleyin.<\/p>\n<p data-start=\"1261\" data-end=\"1475\">Tipik Uygulamalar<br data-start=\"1281\" data-end=\"1284\" \/>G\u00fcn \u0131\u015f\u0131\u011f\u0131 perde duvar g\u00f6r\u00fc\u015f alanlar\u0131, birinci s\u0131n\u0131f vitrin pencereleri, \u00e7at\u0131 pencereleri ve \u00e7at\u0131 \u0131\u015f\u0131klar\u0131, sera camlar\u0131, akvaryum panelleri, vitrin camlar\u0131, du\u015f kabinleri, i\u00e7 b\u00f6lmeler.<\/p>\n<p data-start=\"1479\" data-end=\"1777\">Tedarik ve Destek<br data-start=\"1495\" data-end=\"1498\" \/>Fabrika Do\u011frudan Toplu Tedarik, tekrarlanan programlar ve hacimli s\u00fcr\u00fcmler i\u00e7in Kararl\u0131 Teslimat S\u00fcresi planlamas\u0131n\u0131 destekler. Uzun mesafeli sevkiyatlar i\u00e7in Sand\u0131k Ambalajl\u0131 \u0130hracat Ambalaj\u0131 mevcuttur ve talep edildi\u011finde parti ba\u015f\u0131na denetim kay\u0131tlar\u0131 d\u00fczenlenir. Standartlara uygunluk istek \u00fczerine mevcuttur.<\/p>","protected":false},"excerpt":{"rendered":"<p>Ultra \u015feffaf d\u00fc\u015f\u00fck demirli cam, \u015feffafl\u0131\u011f\u0131 ve renk n\u00f6trl\u00fc\u011f\u00fcn\u00fc art\u0131rarak g\u00fcn \u0131\u015f\u0131\u011f\u0131n\u0131n daha temiz bir g\u00f6rsel sonu\u00e7la i\u00e7 mekanlara daha derinlemesine ula\u015fmas\u0131na yard\u0131mc\u0131 olur. Sipari\u015f \u00fczerine ve fabrikada do\u011frudan tedarik edilen bu \u00fcr\u00fcn, g\u00f6r\u00fcn\u00fcm ve tutarl\u0131l\u0131\u011f\u0131n \u00f6nemli oldu\u011fu birinci s\u0131n\u0131f vitrin pencereleri ve \u00e7at\u0131 pencereleri i\u00e7in yayg\u0131n olarak kullan\u0131lmaktad\u0131r.<\/p>","protected":false},"featured_media":1000,"template":"","meta":{"_gspb_post_css":""},"product_brand":[],"product_cat":[35],"product_tag":[66,226,64,530,293,528,51,525,529,241,527,526],"class_list":{"0":"post-989","1":"product","2":"type-product","3":"status-publish","4":"has-post-thumbnail","6":"product_cat-ultra-clear-glass","7":"product_tag-bulk-supply","8":"product_tag-curtain-wall-vision-glass","9":"product_tag-custom-size","10":"product_tag-greenhouse-glazing","11":"product_tag-igu-ready-glass","12":"product_tag-laminated-ultra-clear-glass","13":"product_tag-low-iron-glass","14":"product_tag-low-iron-option-factory-direct-ultra-clear-glass","15":"product_tag-skylight-glass","16":"product_tag-storefront-window-glass","17":"product_tag-tempered-low-iron-glass","18":"product_tag-ultra-clear-glass","20":"first","21":"instock","22":"shipping-taxable","23":"purchasable","24":"product-type-simple"},"_links":{"self":[{"href":"https:\/\/theinsulatedglass.com\/tr\/wp-json\/wp\/v2\/product\/989","targetHints":{"allow":["GET"]}}],"collection":[{"href":"https:\/\/theinsulatedglass.com\/tr\/wp-json\/wp\/v2\/product"}],"about":[{"href":"https:\/\/theinsulatedglass.com\/tr\/wp-json\/wp\/v2\/types\/product"}],"wp:featuredmedia":[{"embeddable":true,"href":"https:\/\/theinsulatedglass.com\/tr\/wp-json\/wp\/v2\/media\/1000"}],"wp:attachment":[{"href":"https:\/\/theinsulatedglass.com\/tr\/wp-json\/wp\/v2\/media?parent=989"}],"wp:term":[{"taxonomy":"product_brand","embeddable":true,"href":"https:\/\/theinsulatedglass.com\/tr\/wp-json\/wp\/v2\/product_brand?post=989"},{"taxonomy":"product_cat","embeddable":true,"href":"https:\/\/theinsulatedglass.com\/tr\/wp-json\/wp\/v2\/product_cat?post=989"},{"taxonomy":"product_tag","embeddable":true,"href":"https:\/\/theinsulatedglass.com\/tr\/wp-json\/wp\/v2\/product_tag?post=989"}],"curies":[{"name":"wp","href":"https:\/\/api.w.org\/{rel}","templated":true}]}}